{"id":697806,"date":"2025-08-27T14:41:54","date_gmt":"2025-08-27T11:41:54","guid":{"rendered":"https:\/\/roveyayinevi.com.tr\/index.php\/urun\/bebeginizi-beklerken-sizi-neler-bekler\/"},"modified":"2026-04-16T02:07:23","modified_gmt":"2026-04-15T23:07:23","slug":"bebeginizi-beklerken-sizi-neler-bekler","status":"publish","type":"product","link":"https:\/\/roveyayinevi.com.tr\/index.php\/urun\/bebeginizi-beklerken-sizi-neler-bekler\/","title":{"rendered":"Bebe\u011finizi Beklerken Sizi Neler Bekler"},"content":{"rendered":"<p>Bir bebek edinmeyi tasarlad\u0131klar\u0131 andan ba\u015flayarak do\u011fum sonras\u0131 d\u00f6neme kadar annelerin ve babalar\u0131n merak ettiklerini g\u00fcvenilir bi\u00e7imde yan\u0131tlayan bir gebelik rehberi. A\u00e7\u0131k, kapsaml\u0131 ay ay d\u00fczeniyle haz\u0131rlanm\u0131\u015f. Bebek bekleyen annelerin mutlaka okumas\u0131 gereken harika bir kitap. &#8211; Dr. Richard Aubry- Gebelik testinden sonra sat\u0131n ald\u0131\u011f\u0131n\u0131z bu ilk \u015feyin \u00e7ok yarar\u0131n\u0131 g\u00f6receksiniz. -Sally Wendkos Olds, Yazar- Bebek bekleyenlerin asla vazge\u00e7emeyece\u011fi bir rehber. Bir sa\u011fl\u0131k klasi\u011fi. -Self Magazine- Hekim se\u00e7iminden gebelik te\u015fhisine, egzersizden do\u011fum se\u00e7eneklerine, ikinci gebelikten ikizlere, gebelik s\u0131ras\u0131nda cinsel ili\u015fkiye kadar pek \u00e7ok konuda yararl\u0131 bilgiler veren bu kitap gebelik s\u0131ras\u0131nda s\u0131k s\u0131k ya da ender g\u00f6r\u00fclen pek \u00e7ok semptoma da de\u011finiyor. Y\u00fczlerce Soruya Rahatlat\u0131c\u0131 Yan\u0131tlar: &#8211; 35 ya\u015f\u0131ndan sonra bebek sahibi olmak g\u00fcvenli mi? &#8211; Gebe oldu\u011fumu \u00f6\u011frenmeden \u00f6nce i\u00e7ti\u011fim i\u00e7kiler bebe\u011fime zarar verir mi? &#8211; En fazla ka\u00e7 kilo almam normaldir? En az ka\u00e7 kilo almal\u0131y\u0131m? &#8211; Bebe\u011fim pek tekmelemiyor, bu normal mi? &#8211; Do\u011fumun ba\u015flad\u0131\u011f\u0131n\u0131 fark edebilecek miyim? Bebe\u011finizi Beklerken Sizi Neler Bekler\u2019de; gebelik, do\u011fum ve do\u011fum sonras\u0131na ili\u015fkin t\u00fcm a\u015famalar\u0131 bulabilirsiniz. Babalar\u0131n da bu kitaptan \u00e7ok yararlanaca\u011f\u0131na inan\u0131yoruz. \ufffcTan\u0131t\u0131m Metni<\/p>\n","protected":false},"excerpt":{"rendered":"<p>Bir bebek edinmeyi tasarlad\u0131klar\u0131 andan ba\u015flayarak do\u011fum sonras\u0131 d\u00f6neme kadar annelerin ve babalar\u0131n merak ettiklerini g\u00fcvenilir bi\u00e7imde yan\u0131tlayan bir gebelik rehberi. A\u00e7\u0131k, kapsaml\u0131 ay ay d\u00fczeniyle<span class=\"excerpt-hellip\"> [\u2026]<\/span><\/p>\n","protected":false},"featured_media":0,"template":"","meta":{"_monsterinsights_skip_tracking":false,"_monsterinsights_sitenote_active":false,"_monsterinsights_sitenote_note":"","_monsterinsights_sitenote_category":0},"product_brand":[],"product_cat":[14902,13365],"product_tag":[],"class_list":{"0":"post-697806","1":"product","2":"type-product","3":"status-publish","5":"product_cat-annelik-ve-cocuk-bakimi","6":"product_cat-saglik","7":"pa_cilt-ciltsiz","8":"pa_tur-kitap","9":"pa_yayinevi-epsilon-yayinlari","10":"pa_yazar-sharon-mazel","12":"first","13":"instock","14":"sale","15":"shipping-taxable","16":"purchasable","17":"product-type-simple"},"_links":{"self":[{"href":"https:\/\/roveyayinevi.com.tr\/index.php\/wp-json\/wp\/v2\/product\/697806","targetHints":{"allow":["GET"]}}],"collection":[{"href":"https:\/\/roveyayinevi.com.tr\/index.php\/wp-json\/wp\/v2\/product"}],"about":[{"href":"https:\/\/roveyayinevi.com.tr\/index.php\/wp-json\/wp\/v2\/types\/product"}],"wp:attachment":[{"href":"https:\/\/roveyayinevi.com.tr\/index.php\/wp-json\/wp\/v2\/media?parent=697806"}],"wp:term":[{"taxonomy":"product_brand","embeddable":true,"href":"https:\/\/roveyayinevi.com.tr\/index.php\/wp-json\/wp\/v2\/product_brand?post=697806"},{"taxonomy":"product_cat","embeddable":true,"href":"https:\/\/roveyayinevi.com.tr\/index.php\/wp-json\/wp\/v2\/product_cat?post=697806"},{"taxonomy":"product_tag","embeddable":true,"href":"https:\/\/roveyayinevi.com.tr\/index.php\/wp-json\/wp\/v2\/product_tag?post=697806"}],"curies":[{"name":"wp","href":"https:\/\/api.w.org\/{rel}","templated":true}]}}