{"id":697804,"date":"2025-08-27T14:41:54","date_gmt":"2025-08-27T11:41:54","guid":{"rendered":"https:\/\/roveyayinevi.com.tr\/index.php\/urun\/citir-citir-felsefe-serisi-19-zaman-cok-ve-zaman-yok\/"},"modified":"2026-04-16T02:07:23","modified_gmt":"2026-04-15T23:07:23","slug":"citir-citir-felsefe-serisi-19-zaman-cok-ve-zaman-yok","status":"publish","type":"product","link":"https:\/\/roveyayinevi.com.tr\/index.php\/urun\/citir-citir-felsefe-serisi-19-zaman-cok-ve-zaman-yok\/","title":{"rendered":"\u00c7\u0131t\u0131r \u00c7\u0131t\u0131r Felsefe Serisi 19 &#8211; Zaman \u00c7ok ve Zaman Yok"},"content":{"rendered":"<p>Acele etmemek, hayallere dalmak, zaman yitirmek midir?\u00c7evrildi\u011fi t\u00fcm \u00fclkelerde, her ya\u015ftan okuru felsefeyle bulu\u015fturan \u201c\u00c7\u0131t\u0131r \u00c7\u0131t\u0131r Felsefe\u201d dizisinin on dokuzuncu kitab\u0131nda, yazar Brigitte Labb\u00e9, ya\u015famlar\u0131m\u0131zdaki \u00e7ok temel ve somut bir konuyu, zaman\u0131 ele al\u0131rken, onu alg\u0131lay\u0131\u015f\u0131m\u0131z \u00fczerine de d\u00fc\u015f\u00fcnd\u00fcr\u00fcyor. Zaman yitirmek ne demektir, tek \u00e7\u00f6z\u00fcm\u00fc \u201cacele etmek\u201d midir; bo\u015f zaman ille de \u201c\u00f6l\u00fc zaman\u201d m\u0131d\u0131r? Neden \u201cvakit, nakittir\u201d deriz; zamana \u00f6zen g\u00f6stermek nas\u0131l olabilir gibi bir\u00e7ok soruyu, g\u00fcnl\u00fck ya\u015famda s\u0131k\u00e7a kar\u015f\u0131la\u015ft\u0131\u011f\u0131m\u0131z \u00f6rnek olaylar, durumlar ve diyaloglarla \u00f6yk\u00fcle\u015ftiriyor.Brigitte Labb\u00e9\u2019nin d\u00fc\u015f\u00fcnmeye davet eden \u00f6zg\u00fcrl\u00fck\u00e7\u00fc yakla\u015f\u0131m\u0131 ve g\u00fc\u00e7l\u00fc anlat\u0131m\u0131 kadar, Jacques Azam\u2019\u0131n karikat\u00fcr tad\u0131ndaki renkli resimleriyle de benzersiz k\u0131ld\u0131\u011f\u0131 \u201c\u00c7\u0131t\u0131r \u00c7\u0131t\u0131r Felsefe\u201d dizisi, \u00e7e\u015fitli \u00fclkelerde oldu\u011fu gibi, \u00fclkemizde de bir\u00e7ok okulun en \u00e7ok \u00f6nerdi\u011fi kitaplar aras\u0131nda yer al\u0131yor. Ya\u015fam\u0131 ve d\u00fcnyan\u0131n i\u015fleyi\u015fini anlamaya \u00e7al\u0131\u015fan \u00e7ocuklara yard\u0131mc\u0131 olacak temel sorularla kurgulanan her kitap, farkl\u0131 bir temel konuyu, g\u00fcnl\u00fck ya\u015famda s\u0131k\u00e7a kar\u015f\u0131la\u015ft\u0131\u011f\u0131m\u0131z \u00f6rnek olaylarla \u00f6yk\u00fcle\u015ftirerek tart\u0131\u015f\u0131yor. Dizi, \u00f6\u011fretmenler ve anne babalar taraf\u0131ndan da severek okunuyor.\u0130nsanlar\u0131n b\u00fcy\u00fck \u015fefi saattir; yani zaman. Okulun ka\u00e7ta a\u00e7\u0131laca\u011f\u0131na, \u00f6\u011flen aras\u0131n\u0131n ka\u00e7ta ba\u015flay\u0131p ka\u00e7ta bitece\u011fine, o karar verir. Anne babam\u0131z\u0131n ka\u00e7ta i\u015fte olmalar\u0131 gerekti\u011fine, otob\u00fcs\u00fcn ka\u00e7ta kalkaca\u011f\u0131na, televizyonda \u00e7izgi filmlerin ka\u00e7ta ba\u015flayaca\u011f\u0131na, zaman karar verir. Peki, \u00e7ocuklar\u0131n zaman\u0131 nas\u0131l de\u011ferlendirece\u011fi neden hep ba\u015fkalar\u0131 taraf\u0131ndan belirlenir? \u201cBo\u015f zaman\u201d, hayallere dalmak ve d\u00fc\u015f\u00fcnmek i\u00e7in de gerekli de\u011fil mi?..<\/p>\n","protected":false},"excerpt":{"rendered":"<p>Acele etmemek, hayallere dalmak, zaman yitirmek midir?\u00c7evrildi\u011fi t\u00fcm \u00fclkelerde, her ya\u015ftan okuru felsefeyle bulu\u015fturan \u201c\u00c7\u0131t\u0131r \u00c7\u0131t\u0131r Felsefe\u201d dizisinin on dokuzuncu kitab\u0131nda, yazar Brigitte Labb\u00e9, ya\u015famlar\u0131m\u0131zdaki \u00e7ok<span class=\"excerpt-hellip\"> [\u2026]<\/span><\/p>\n","protected":false},"featured_media":0,"template":"","meta":{"_monsterinsights_skip_tracking":false,"_monsterinsights_sitenote_active":false,"_monsterinsights_sitenote_note":"","_monsterinsights_sitenote_category":0},"product_brand":[],"product_cat":[12274,12631],"product_tag":[],"class_list":{"0":"post-697804","1":"product","2":"type-product","3":"status-publish","5":"product_cat-cocuk-ve-genclik-kitaplari","6":"product_cat-diger-cocuk-ve-genclik-kitaplari","7":"pa_cilt-ciltsiz","8":"pa_tur-kitap","9":"pa_yayinevi-gunisigi-kitapligi","10":"pa_yazar-brigitte-labbe","12":"first","13":"instock","14":"sale","15":"shipping-taxable","16":"purchasable","17":"product-type-simple"},"_links":{"self":[{"href":"https:\/\/roveyayinevi.com.tr\/index.php\/wp-json\/wp\/v2\/product\/697804","targetHints":{"allow":["GET"]}}],"collection":[{"href":"https:\/\/roveyayinevi.com.tr\/index.php\/wp-json\/wp\/v2\/product"}],"about":[{"href":"https:\/\/roveyayinevi.com.tr\/index.php\/wp-json\/wp\/v2\/types\/product"}],"wp:attachment":[{"href":"https:\/\/roveyayinevi.com.tr\/index.php\/wp-json\/wp\/v2\/media?parent=697804"}],"wp:term":[{"taxonomy":"product_brand","embeddable":true,"href":"https:\/\/roveyayinevi.com.tr\/index.php\/wp-json\/wp\/v2\/product_brand?post=697804"},{"taxonomy":"product_cat","embeddable":true,"href":"https:\/\/roveyayinevi.com.tr\/index.php\/wp-json\/wp\/v2\/product_cat?post=697804"},{"taxonomy":"product_tag","embeddable":true,"href":"https:\/\/roveyayinevi.com.tr\/index.php\/wp-json\/wp\/v2\/product_tag?post=697804"}],"curies":[{"name":"wp","href":"https:\/\/api.w.org\/{rel}","templated":true}]}}