{"id":697803,"date":"2025-08-27T14:41:54","date_gmt":"2025-08-27T11:41:54","guid":{"rendered":"https:\/\/roveyayinevi.com.tr\/index.php\/urun\/buzdolabindaki-kopek\/"},"modified":"2026-04-12T02:08:45","modified_gmt":"2026-04-11T23:08:45","slug":"buzdolabindaki-kopek","status":"publish","type":"product","link":"https:\/\/roveyayinevi.com.tr\/index.php\/urun\/buzdolabindaki-kopek\/","title":{"rendered":"Buzdolab\u0131ndaki K\u00f6pek"},"content":{"rendered":"<p>Cem ve ailesi Antalya yak\u0131nlar\u0131nda, yaln\u0131zca denizden ula\u015f\u0131labilen bir k\u00f6yde ya\u015f\u0131yordu. K\u00f6y\u00fcn gerisindeki Kay\u0131plar Orman\u0131na girenin bir daha geri gelmeyece\u011fine inan\u0131l\u0131rd\u0131. Cemin dedesine k\u00f6yl\u00fc S\u0131rdede derdi, ama hangi s\u0131rr\u0131 saklad\u0131\u011f\u0131n\u0131 kimse bilmezdi. Gezgin ruhlu hala Sevgi Han\u0131m, bir yolculuk d\u00f6n\u00fc\u015f\u00fcnde, Ceme bir k\u00f6pek yavrusu getirdi. Haski cinsi Sibirya kurdu olan sevimli yavru b\u00fcy\u00fcd\u00fck\u00e7e, Akdenizin s\u0131ca\u011f\u0131ndan etkilendi. \u00d6nce serin kuytulara saklan\u0131r oldu, g\u00fcn\u00fcn birinde de ortadan kayboldu&#8230; <\/p>\n","protected":false},"excerpt":{"rendered":"<p>Cem ve ailesi Antalya yak\u0131nlar\u0131nda, yaln\u0131zca denizden ula\u015f\u0131labilen bir k\u00f6yde ya\u015f\u0131yordu. K\u00f6y\u00fcn gerisindeki Kay\u0131plar Orman\u0131na girenin bir daha geri gelmeyece\u011fine inan\u0131l\u0131rd\u0131. Cemin dedesine k\u00f6yl\u00fc S\u0131rdede derdi,<span class=\"excerpt-hellip\"> [\u2026]<\/span><\/p>\n","protected":false},"featured_media":0,"template":"","meta":{"_monsterinsights_skip_tracking":false,"_monsterinsights_sitenote_active":false,"_monsterinsights_sitenote_note":"","_monsterinsights_sitenote_category":0},"product_brand":[],"product_cat":[12274,12284],"product_tag":[],"class_list":{"0":"post-697803","1":"product","2":"type-product","3":"status-publish","5":"product_cat-cocuk-ve-genclik-kitaplari","6":"product_cat-hikayeler","7":"pa_cilt-ciltsiz","8":"pa_tur-kitap","9":"pa_yayinevi-gunisigi-kitapligi","10":"pa_yazar-behic-ak","12":"first","13":"instock","14":"sale","15":"shipping-taxable","16":"purchasable","17":"product-type-simple"},"_links":{"self":[{"href":"https:\/\/roveyayinevi.com.tr\/index.php\/wp-json\/wp\/v2\/product\/697803","targetHints":{"allow":["GET"]}}],"collection":[{"href":"https:\/\/roveyayinevi.com.tr\/index.php\/wp-json\/wp\/v2\/product"}],"about":[{"href":"https:\/\/roveyayinevi.com.tr\/index.php\/wp-json\/wp\/v2\/types\/product"}],"wp:attachment":[{"href":"https:\/\/roveyayinevi.com.tr\/index.php\/wp-json\/wp\/v2\/media?parent=697803"}],"wp:term":[{"taxonomy":"product_brand","embeddable":true,"href":"https:\/\/roveyayinevi.com.tr\/index.php\/wp-json\/wp\/v2\/product_brand?post=697803"},{"taxonomy":"product_cat","embeddable":true,"href":"https:\/\/roveyayinevi.com.tr\/index.php\/wp-json\/wp\/v2\/product_cat?post=697803"},{"taxonomy":"product_tag","embeddable":true,"href":"https:\/\/roveyayinevi.com.tr\/index.php\/wp-json\/wp\/v2\/product_tag?post=697803"}],"curies":[{"name":"wp","href":"https:\/\/api.w.org\/{rel}","templated":true}]}}