{"id":697802,"date":"2025-08-27T14:41:53","date_gmt":"2025-08-27T11:41:53","guid":{"rendered":"https:\/\/roveyayinevi.com.tr\/index.php\/urun\/cat-kapi-dayim\/"},"modified":"2026-04-13T02:09:00","modified_gmt":"2026-04-12T23:09:00","slug":"cat-kapi-dayim","status":"publish","type":"product","link":"https:\/\/roveyayinevi.com.tr\/index.php\/urun\/cat-kapi-dayim\/","title":{"rendered":"\u00c7at Kap\u0131 Day\u0131m"},"content":{"rendered":"<p>Denizci bir day\u0131n\u0131n merakl\u0131 ye\u011fenine kap\u0131s\u0131n\u0131 aralad\u0131\u011f\u0131 b\u00fcy\u00fcl\u00fc d\u00fcnya!2011 Yunus Nadi \u00d6yk\u00fc \u00d6d\u00fcl\u00fc sahibi Fadime Uslu, bir \u00e7ocu\u011fun yazma tutkusunu duyarl\u0131 bir dille \u00f6yk\u00fcle\u015ftiriyor, okurunu s\u0131radan bir ailenin ya\u015fam\u0131na ortak ediyor. \u015eeyma\u2019n\u0131n denize tutkun day\u0131s\u0131yla yapt\u0131\u011f\u0131 i\u00e7ten sohbetler, yaz\u0131n\u0131n ya\u015famla nas\u0131l i\u00e7 i\u00e7e bi\u00e7imlendi\u011fini anlat\u0131yor; anlay\u0131\u015fl\u0131 annesi, ileti\u015fim kurulmas\u0131 zor babas\u0131, haylaz karde\u015fiyle \u00e7eki\u015fmeleri ve arkada\u015flar\u0131yla ili\u015fkileri \u00fczerinden, k\u0131r\u0131lgan insanlar\u0131n i\u00e7 hesapla\u015fmalar\u0131n\u0131 da g\u00f6zler \u00f6n\u00fcne seriyor. Maceraperest day\u0131n\u0131n d\u00fcnyan\u0131n farkl\u0131 co\u011frafyalar\u0131ndan aktard\u0131\u011f\u0131 \u00f6yk\u00fclerle boyutlanan roman, aile i\u00e7i ileti\u015fimin \u00e7ocuklukta da yeti\u015fkinlikte de ne denli \u00f6nemli oldu\u011funu d\u00fc\u015f\u00fcnd\u00fcr\u00fcyor.Hayali \u00f6yk\u00fc yazmak olan \u015eeyma\u2019n\u0131n en b\u00fcy\u00fck ilham kayna\u011f\u0131, \u0130stanbul\u2019a arada s\u0131rada gelebilen day\u0131s\u0131d\u0131r. Day\u0131, usta bir terzi olan babas\u0131na kar\u015f\u0131 \u00e7\u0131karak denizci olmu\u015f, bu sayede d\u00fcnyan\u0131n pek \u00e7ok \u00fclkesini gezmi\u015ftir. \u00dcstelik, \u015eeymalar\u2019a her geli\u015finde k\u00fc\u00e7\u00fck bir hayvan dostunu da yan\u0131nda getirmektedir. Day\u0131s\u0131ndan dinledi\u011fi uzak \u00fclke hik\u00e2yeleri, gen\u00e7 k\u0131z\u0131n yazma ve kendini tan\u0131ma ser\u00fcvenini derinden etkileyecektir\u2026 <\/p>\n","protected":false},"excerpt":{"rendered":"<p>Denizci bir day\u0131n\u0131n merakl\u0131 ye\u011fenine kap\u0131s\u0131n\u0131 aralad\u0131\u011f\u0131 b\u00fcy\u00fcl\u00fc d\u00fcnya!2011 Yunus Nadi \u00d6yk\u00fc \u00d6d\u00fcl\u00fc sahibi Fadime Uslu, bir \u00e7ocu\u011fun yazma tutkusunu duyarl\u0131 bir dille \u00f6yk\u00fcle\u015ftiriyor, okurunu s\u0131radan<span class=\"excerpt-hellip\"> [\u2026]<\/span><\/p>\n","protected":false},"featured_media":0,"template":"","meta":{"_monsterinsights_skip_tracking":false,"_monsterinsights_sitenote_active":false,"_monsterinsights_sitenote_note":"","_monsterinsights_sitenote_category":0},"product_brand":[],"product_cat":[12274,12284],"product_tag":[],"class_list":{"0":"post-697802","1":"product","2":"type-product","3":"status-publish","5":"product_cat-cocuk-ve-genclik-kitaplari","6":"product_cat-hikayeler","7":"pa_cilt-ciltsiz","8":"pa_tur-kitap","9":"pa_yayinevi-gunisigi-kitapligi","10":"pa_yazar-fadime-uslu","12":"first","13":"instock","14":"sale","15":"shipping-taxable","16":"purchasable","17":"product-type-simple"},"_links":{"self":[{"href":"https:\/\/roveyayinevi.com.tr\/index.php\/wp-json\/wp\/v2\/product\/697802","targetHints":{"allow":["GET"]}}],"collection":[{"href":"https:\/\/roveyayinevi.com.tr\/index.php\/wp-json\/wp\/v2\/product"}],"about":[{"href":"https:\/\/roveyayinevi.com.tr\/index.php\/wp-json\/wp\/v2\/types\/product"}],"wp:attachment":[{"href":"https:\/\/roveyayinevi.com.tr\/index.php\/wp-json\/wp\/v2\/media?parent=697802"}],"wp:term":[{"taxonomy":"product_brand","embeddable":true,"href":"https:\/\/roveyayinevi.com.tr\/index.php\/wp-json\/wp\/v2\/product_brand?post=697802"},{"taxonomy":"product_cat","embeddable":true,"href":"https:\/\/roveyayinevi.com.tr\/index.php\/wp-json\/wp\/v2\/product_cat?post=697802"},{"taxonomy":"product_tag","embeddable":true,"href":"https:\/\/roveyayinevi.com.tr\/index.php\/wp-json\/wp\/v2\/product_tag?post=697802"}],"curies":[{"name":"wp","href":"https:\/\/api.w.org\/{rel}","templated":true}]}}