{"id":697800,"date":"2025-08-27T14:41:53","date_gmt":"2025-08-27T11:41:53","guid":{"rendered":"https:\/\/roveyayinevi.com.tr\/index.php\/urun\/kagit-ucakla-gizli-gizli-macera\/"},"modified":"2026-04-16T02:07:23","modified_gmt":"2026-04-15T23:07:23","slug":"kagit-ucakla-gizli-gizli-macera","status":"publish","type":"product","link":"https:\/\/roveyayinevi.com.tr\/index.php\/urun\/kagit-ucakla-gizli-gizli-macera\/","title":{"rendered":"Ka\u011f\u0131t U\u00e7akla Gizli Gizli Macera"},"content":{"rendered":"<p>G\u00fcn\u00fcm\u00fcz d\u00fcnyas\u0131 \u00fczerine zekice bir ele\u015ftiri, fantastik bir ser\u00fcven!Hadi Ama Baba! ve Evde ve Uzakta adl\u0131 kitaplar\u0131yla \u00fclkemizde her ya\u015ftan okur taraf\u0131ndan hayranl\u0131kla okunan, Hans Christian Andersen ve Astrid Lindgren \u00f6d\u00fclleri gibi, \u00e7ocuk ve gen\u00e7lik edebiyat\u0131n\u0131n uluslararas\u0131 pek \u00e7ok b\u00fcy\u00fck \u00f6d\u00fcl\u00fcn\u00fcn sahibi olan usta yazar Christine N\u00f6stlinger, bu s\u0131rad\u0131\u015f\u0131 roman\u0131nda da antiterbiyeci yakla\u015f\u0131m\u0131yla, \u00e7ocu\u011fa ve onu \u00e7evreleyen sosyal d\u00fcnyaya ili\u015fkin her t\u00fcrl\u00fc ayr\u0131nt\u0131y\u0131 incelikle i\u015fliyor. \u00c7ocu\u011fun birey olarak, ailede, kurumlarda ve sosyal ya\u015famda verdi\u011fi var olu\u015f m\u00fccadelesini, birbirinden ilgin\u00e7 simgeler ve renkli karakterlerle dile getiren N\u00f6stlinger, okuru soluksuz bir okuma yolculu\u011funa \u00e7\u0131kar\u0131yor. Her ya\u015ftan insan\u0131n g\u00fcl\u00fcmseyerek okuyaca\u011f\u0131, masals\u0131 bir roman.Hugo, hep en g\u00fczel ya\u015flar\u0131nda kalacak, hi\u00e7 b\u00fcy\u00fcmeyecek bir \u00e7ocuktur. D\u00fczen merakl\u0131s\u0131 ailesi ona g\u00f6z kulak olsa da, Hugo, k\u00e2\u011f\u0131t u\u00e7aklarla s\u0131k s\u0131k gizli yolculuklar yap\u0131p yeni maceralar ya\u015faman\u0131n bir yolunu bulur. Kendi gibi b\u00fcy\u00fcmeyen \u00e7ocuklar\u0131 bulmaya \u00e7al\u0131\u015ft\u0131\u011f\u0131 her macerada, farkl\u0131 ve ilgin\u00e7 pek \u00e7ok karakterle tan\u0131\u015f\u0131r: S\u00fcrekli bir \u00e7at\u0131n\u0131n tepesinde oturup lolipop yalayan, kocaman, \u015fi\u015fko \u00e7ocuk; bir dakikay\u0131 yedi kat uzatabilen Zaman Yay\u0131c\u0131s\u0131; \u00e7ald\u0131klar\u0131 m\u00fczikle herkesi uyutan Tebdili K\u0131yafet Bayanlar Orkestras\u0131; arsas\u0131 olmayan u\u00e7urtma evde ya\u015fayan k\u0131z; karn\u0131ndan \u015fark\u0131 s\u00f6yleyerek \u00fc\u00e7boyutlu hal\u0131lar dokuyan kad\u0131n; k\u00f6pekler, kediler, tav\u015fanlar, kargalar, \u00f6rdekler\u2026 Hugo, t\u00fcm bu yolculuklar\u0131 boyunca, bir yandan da, \u00e7ok de\u011ferli bir \u015feyi, bilginin en iyi nas\u0131l \u00f6\u011frenilece\u011fini ke\u015ffedecektir\u2026\ufffc<\/p>\n","protected":false},"excerpt":{"rendered":"<p>G\u00fcn\u00fcm\u00fcz d\u00fcnyas\u0131 \u00fczerine zekice bir ele\u015ftiri, fantastik bir ser\u00fcven!Hadi Ama Baba! ve Evde ve Uzakta adl\u0131 kitaplar\u0131yla \u00fclkemizde her ya\u015ftan okur taraf\u0131ndan hayranl\u0131kla okunan, Hans Christian<span class=\"excerpt-hellip\"> [\u2026]<\/span><\/p>\n","protected":false},"featured_media":0,"template":"","meta":{"_monsterinsights_skip_tracking":false,"_monsterinsights_sitenote_active":false,"_monsterinsights_sitenote_note":"","_monsterinsights_sitenote_category":0},"product_brand":[],"product_cat":[12291,12711],"product_tag":[],"class_list":{"0":"post-697800","1":"product","2":"type-product","3":"status-publish","5":"product_cat-edebiyat","6":"product_cat-roman-oyku","7":"pa_cilt-ciltsiz","8":"pa_tur-kitap","9":"pa_yayinevi-gunisigi-kitapligi","10":"pa_yazar-christine-nostlinger","12":"first","13":"instock","14":"sale","15":"shipping-taxable","16":"purchasable","17":"product-type-simple"},"_links":{"self":[{"href":"https:\/\/roveyayinevi.com.tr\/index.php\/wp-json\/wp\/v2\/product\/697800","targetHints":{"allow":["GET"]}}],"collection":[{"href":"https:\/\/roveyayinevi.com.tr\/index.php\/wp-json\/wp\/v2\/product"}],"about":[{"href":"https:\/\/roveyayinevi.com.tr\/index.php\/wp-json\/wp\/v2\/types\/product"}],"wp:attachment":[{"href":"https:\/\/roveyayinevi.com.tr\/index.php\/wp-json\/wp\/v2\/media?parent=697800"}],"wp:term":[{"taxonomy":"product_brand","embeddable":true,"href":"https:\/\/roveyayinevi.com.tr\/index.php\/wp-json\/wp\/v2\/product_brand?post=697800"},{"taxonomy":"product_cat","embeddable":true,"href":"https:\/\/roveyayinevi.com.tr\/index.php\/wp-json\/wp\/v2\/product_cat?post=697800"},{"taxonomy":"product_tag","embeddable":true,"href":"https:\/\/roveyayinevi.com.tr\/index.php\/wp-json\/wp\/v2\/product_tag?post=697800"}],"curies":[{"name":"wp","href":"https:\/\/api.w.org\/{rel}","templated":true}]}}