{"id":697799,"date":"2025-08-27T14:41:52","date_gmt":"2025-08-27T11:41:52","guid":{"rendered":"https:\/\/roveyayinevi.com.tr\/index.php\/urun\/6-yil-tam-pansiyon\/"},"modified":"2026-04-16T02:07:23","modified_gmt":"2026-04-15T23:07:23","slug":"6-yil-tam-pansiyon","status":"publish","type":"product","link":"https:\/\/roveyayinevi.com.tr\/index.php\/urun\/6-yil-tam-pansiyon\/","title":{"rendered":"6 Y\u0131l Tam Pansiyon"},"content":{"rendered":"<p>O, alt\u0131 y\u0131ld\u0131r yat\u0131l\u0131 okuyan bir \u00f6\u011frencidir. Art\u0131k lise y\u0131llar\u0131n\u0131n sonuna gelmi\u015f, diplomas\u0131n\u0131 almas\u0131na be\u015f g\u00fcn kalm\u0131\u015ft\u0131r. Per\u015fembe gecesi, t\u00fcm son s\u0131n\u0131f yat\u0131l\u0131lar\u0131n\u0131n kat\u0131laca\u011f\u0131 unutulmaz bir veda gecesi d\u00fczenlenecektir. O ve d\u00f6rt arkada\u015f\u0131n\u0131n aras\u0131nda y\u0131llard\u0131r peki\u015fen dostluk, \u00fcniversite e\u011fitimlerinin e\u015fi\u011finde, geldikleri yol ayr\u0131m\u0131n\u0131 daha da zorla\u015ft\u0131rm\u0131\u015ft\u0131r. \u00dcstelik O, Bilge\u2019ye duydu\u011fu yak\u0131nl\u0131\u011f\u0131n s\u0131n\u0131f arkada\u015fl\u0131\u011f\u0131n\u0131 \u00e7oktan a\u015ft\u0131\u011f\u0131n\u0131n da fark\u0131ndad\u0131r. Yat\u0131l\u0131 ya\u015famlar\u0131n\u0131n son be\u015f g\u00fcn\u00fcnde hepsi, birlikte ge\u00e7en uzun y\u0131llar\u0131 yeniden an\u0131msayacak, deneyimlerini sorgulayacak ve olgunla\u015facakt\u0131r\u2026<\/p>\n","protected":false},"excerpt":{"rendered":"<p>O, alt\u0131 y\u0131ld\u0131r yat\u0131l\u0131 okuyan bir \u00f6\u011frencidir. Art\u0131k lise y\u0131llar\u0131n\u0131n sonuna gelmi\u015f, diplomas\u0131n\u0131 almas\u0131na be\u015f g\u00fcn kalm\u0131\u015ft\u0131r. Per\u015fembe gecesi, t\u00fcm son s\u0131n\u0131f yat\u0131l\u0131lar\u0131n\u0131n kat\u0131laca\u011f\u0131 unutulmaz bir<span class=\"excerpt-hellip\"> [\u2026]<\/span><\/p>\n","protected":false},"featured_media":0,"template":"","meta":{"_monsterinsights_skip_tracking":false,"_monsterinsights_sitenote_active":false,"_monsterinsights_sitenote_note":"","_monsterinsights_sitenote_category":0},"product_brand":[],"product_cat":[12291,12711],"product_tag":[],"class_list":{"0":"post-697799","1":"product","2":"type-product","3":"status-publish","5":"product_cat-edebiyat","6":"product_cat-roman-oyku","7":"pa_cilt-ciltsiz","8":"pa_tur-kitap","9":"pa_yayinevi-gunisigi-kitapligi","10":"pa_yazar-tolga-gumusay","12":"first","13":"instock","14":"sale","15":"shipping-taxable","16":"purchasable","17":"product-type-simple"},"_links":{"self":[{"href":"https:\/\/roveyayinevi.com.tr\/index.php\/wp-json\/wp\/v2\/product\/697799","targetHints":{"allow":["GET"]}}],"collection":[{"href":"https:\/\/roveyayinevi.com.tr\/index.php\/wp-json\/wp\/v2\/product"}],"about":[{"href":"https:\/\/roveyayinevi.com.tr\/index.php\/wp-json\/wp\/v2\/types\/product"}],"wp:attachment":[{"href":"https:\/\/roveyayinevi.com.tr\/index.php\/wp-json\/wp\/v2\/media?parent=697799"}],"wp:term":[{"taxonomy":"product_brand","embeddable":true,"href":"https:\/\/roveyayinevi.com.tr\/index.php\/wp-json\/wp\/v2\/product_brand?post=697799"},{"taxonomy":"product_cat","embeddable":true,"href":"https:\/\/roveyayinevi.com.tr\/index.php\/wp-json\/wp\/v2\/product_cat?post=697799"},{"taxonomy":"product_tag","embeddable":true,"href":"https:\/\/roveyayinevi.com.tr\/index.php\/wp-json\/wp\/v2\/product_tag?post=697799"}],"curies":[{"name":"wp","href":"https:\/\/api.w.org\/{rel}","templated":true}]}}