{"id":697798,"date":"2025-08-27T14:41:52","date_gmt":"2025-08-27T11:41:52","guid":{"rendered":"https:\/\/roveyayinevi.com.tr\/index.php\/urun\/hadi-ama-baba\/"},"modified":"2026-04-16T02:07:23","modified_gmt":"2026-04-15T23:07:23","slug":"hadi-ama-baba","status":"publish","type":"product","link":"https:\/\/roveyayinevi.com.tr\/index.php\/urun\/hadi-ama-baba\/","title":{"rendered":"Hadi Ama Baba!"},"content":{"rendered":"<p>Annesiyle ya\u015farken bir anda babas\u0131yla oturmak zorunda kalan bir gencin deneyimledikleri. Gazeteci annesiyle Viyana\u2019da ya\u015fayan Feli mutlu bir gen\u00e7tir. Annesiyle grafik tasar\u0131m firmas\u0131 sahibi babas\u0131 bo\u015fanal\u0131 epey olmu\u015ftur. Feli\u2019nin ya\u015fam\u0131, arkada\u015flar\u0131 ve \u00f6zellikle yak\u0131\u015f\u0131kl\u0131 Lorenz sayesinde olduk\u00e7a renklidir. Derken bir g\u00fcn annesinin, ald\u0131\u011f\u0131 cazip bir i\u015f teklifi nedeniyle Almanya\u2019ya gideceklerini ve M\u00fcnih\u2019e yerle\u015feceklerini \u00f6\u011frenir. Feli, M\u00fcnih\u2019e gitmeyecektir! Bunun i\u00e7in tek \u00e7are, babas\u0131yla oturabilmesidir. Oysa, babas\u0131n\u0131n ya\u015fam\u0131nda Feli\u2019ye yer yoktur&#8230; <\/p>\n","protected":false},"excerpt":{"rendered":"<p>Annesiyle ya\u015farken bir anda babas\u0131yla oturmak zorunda kalan bir gencin deneyimledikleri. Gazeteci annesiyle Viyana\u2019da ya\u015fayan Feli mutlu bir gen\u00e7tir. Annesiyle grafik tasar\u0131m firmas\u0131 sahibi babas\u0131 bo\u015fanal\u0131<span class=\"excerpt-hellip\"> [\u2026]<\/span><\/p>\n","protected":false},"featured_media":0,"template":"","meta":{"_monsterinsights_skip_tracking":false,"_monsterinsights_sitenote_active":false,"_monsterinsights_sitenote_note":"","_monsterinsights_sitenote_category":0},"product_brand":[],"product_cat":[12782,12291],"product_tag":[],"class_list":{"0":"post-697798","1":"product","2":"type-product","3":"status-publish","5":"product_cat-alman-edebiyati","6":"product_cat-edebiyat","7":"pa_cilt-ciltsiz","8":"pa_tur-kitap","9":"pa_yayinevi-gunisigi-kitapligi","10":"pa_yazar-christine-nostlinger","12":"first","13":"instock","14":"sale","15":"shipping-taxable","16":"purchasable","17":"product-type-simple"},"_links":{"self":[{"href":"https:\/\/roveyayinevi.com.tr\/index.php\/wp-json\/wp\/v2\/product\/697798","targetHints":{"allow":["GET"]}}],"collection":[{"href":"https:\/\/roveyayinevi.com.tr\/index.php\/wp-json\/wp\/v2\/product"}],"about":[{"href":"https:\/\/roveyayinevi.com.tr\/index.php\/wp-json\/wp\/v2\/types\/product"}],"wp:attachment":[{"href":"https:\/\/roveyayinevi.com.tr\/index.php\/wp-json\/wp\/v2\/media?parent=697798"}],"wp:term":[{"taxonomy":"product_brand","embeddable":true,"href":"https:\/\/roveyayinevi.com.tr\/index.php\/wp-json\/wp\/v2\/product_brand?post=697798"},{"taxonomy":"product_cat","embeddable":true,"href":"https:\/\/roveyayinevi.com.tr\/index.php\/wp-json\/wp\/v2\/product_cat?post=697798"},{"taxonomy":"product_tag","embeddable":true,"href":"https:\/\/roveyayinevi.com.tr\/index.php\/wp-json\/wp\/v2\/product_tag?post=697798"}],"curies":[{"name":"wp","href":"https:\/\/api.w.org\/{rel}","templated":true}]}}