{"id":697796,"date":"2025-08-27T14:41:52","date_gmt":"2025-08-27T11:41:52","guid":{"rendered":"https:\/\/roveyayinevi.com.tr\/index.php\/urun\/mutfak-tasarim-sureci\/"},"modified":"2026-04-16T02:07:23","modified_gmt":"2026-04-15T23:07:23","slug":"mutfak-tasarim-sureci","status":"publish","type":"product","link":"https:\/\/roveyayinevi.com.tr\/index.php\/urun\/mutfak-tasarim-sureci\/","title":{"rendered":"Mutfak Tasar\u0131m S\u00fcreci"},"content":{"rendered":"<p>Ya\u015fam ve ileti\u015fim merkezine d\u00f6n\u00fc\u015fen mutfak, bug\u00fcn evin odak noktas\u0131nda yer almaktad\u0131r. Yap\u0131s\u0131 gere\u011fi \u00e7ok say\u0131da i\u015flevi i\u00e7erisinde bar\u0131nd\u0131rd\u0131\u011f\u0131 i\u00e7in do\u011fru kurgulanm\u0131\u015f bir tasar\u0131m s\u00fcreci gerektirir. Mutfak tasar\u0131m\u0131na metodik bir yakla\u015f\u0131m getiren bu kitap, \u00f6l\u00e7\u00fc al\u0131nmas\u0131ndan planlamaya t\u00fcm a\u015famalarda tasar\u0131mc\u0131lara yol g\u00f6stermeyi ama\u00e7l\u0131yor. Fiziksel ko\u015fullar\u0131n analizi, b\u00fct\u00e7e \u00f6ng\u00f6r\u00fcs\u00fc, stil, malzeme ve renk se\u00e7imi konular\u0131n\u0131 kapsayan b\u00f6l\u00fcmlerin ard\u0131ndan aktivite alanlar\u0131n\u0131n belirlenmesi, plan tipine karar verilmesi gibi ad\u0131mlar\u0131 i\u00e7eren planlama s\u00fcreci; gelece\u011fin mutfak donan\u0131mlar\u0131 160 foto\u011fraf ve 17 teknik \u00e7izim e\u015fli\u011finde ele al\u0131n\u0131yor. Kitab\u0131n sonunda do\u011fru verilere ula\u015f\u0131lmas\u0131nda tasar\u0131mc\u0131lar\u0131n i\u015fini kolayla\u015ft\u0131racak \u00f6l\u00e7\u00fclendirme ve soru formlar\u0131 da yer al\u0131yor. Uzun soluklu bir ara\u015ft\u0131rma, uygulama deneyimi ve profesyonel birikimin \u00fcr\u00fcn\u00fc olan Mutfak Tasar\u0131m S\u00fcreci: Analiz, Karar, Planlama, T\u00fcrk\u00e7e\u2018de bu kapsamda haz\u0131rlanan ilk kitap niteli\u011findedir. \u0130\u00e7indekiler; \u0130yi Bir Mutfak Nas\u0131l Tasarlan\u0131r? Fiziksel Ko\u015fullar\u0131n Analizi ve B\u00fct\u00e7enin Belirlenmesi Ya\u015fam Tarz\u0131n\u0131n Belirlenmesi ve Stil Bi\u00e7imi Malzeme Se\u00e7imi Renk Se\u00e7imi Aktivite Alanlar\u0131n\u0131n Planlanmas\u0131 Mutfak Plan Tipine Karar Verilmesi Cihaz, Eviye ve Armat\u00fcr Se\u00e7imi Ayd\u0131nlatma Eleman\u0131 Se\u00e7imi Mutfak Projesinin Haz\u0131rlanmas\u0131 Mutfak Montaj\u0131 Gelece\u011fin Mutfaklar\u0131 <\/p>\n","protected":false},"excerpt":{"rendered":"<p>Ya\u015fam ve ileti\u015fim merkezine d\u00f6n\u00fc\u015fen mutfak, bug\u00fcn evin odak noktas\u0131nda yer almaktad\u0131r. Yap\u0131s\u0131 gere\u011fi \u00e7ok say\u0131da i\u015flevi i\u00e7erisinde bar\u0131nd\u0131rd\u0131\u011f\u0131 i\u00e7in do\u011fru kurgulanm\u0131\u015f bir tasar\u0131m s\u00fcreci gerektirir.<span class=\"excerpt-hellip\"> [\u2026]<\/span><\/p>\n","protected":false},"featured_media":0,"template":"","meta":{"_monsterinsights_skip_tracking":false,"_monsterinsights_sitenote_active":false,"_monsterinsights_sitenote_note":"","_monsterinsights_sitenote_category":0},"product_brand":[],"product_cat":[13512,12408],"product_tag":[],"class_list":{"0":"post-697796","1":"product","2":"type-product","3":"status-publish","5":"product_cat-mimarlik","6":"product_cat-sanat","7":"pa_cilt-ciltsiz","8":"pa_tur-kitap","9":"pa_yayinevi-literatur-yayinevi","10":"pa_yazar-deniz-ayse-yazicioglu","12":"first","13":"instock","14":"sale","15":"shipping-taxable","16":"purchasable","17":"product-type-simple"},"_links":{"self":[{"href":"https:\/\/roveyayinevi.com.tr\/index.php\/wp-json\/wp\/v2\/product\/697796","targetHints":{"allow":["GET"]}}],"collection":[{"href":"https:\/\/roveyayinevi.com.tr\/index.php\/wp-json\/wp\/v2\/product"}],"about":[{"href":"https:\/\/roveyayinevi.com.tr\/index.php\/wp-json\/wp\/v2\/types\/product"}],"wp:attachment":[{"href":"https:\/\/roveyayinevi.com.tr\/index.php\/wp-json\/wp\/v2\/media?parent=697796"}],"wp:term":[{"taxonomy":"product_brand","embeddable":true,"href":"https:\/\/roveyayinevi.com.tr\/index.php\/wp-json\/wp\/v2\/product_brand?post=697796"},{"taxonomy":"product_cat","embeddable":true,"href":"https:\/\/roveyayinevi.com.tr\/index.php\/wp-json\/wp\/v2\/product_cat?post=697796"},{"taxonomy":"product_tag","embeddable":true,"href":"https:\/\/roveyayinevi.com.tr\/index.php\/wp-json\/wp\/v2\/product_tag?post=697796"}],"curies":[{"name":"wp","href":"https:\/\/api.w.org\/{rel}","templated":true}]}}