{"id":697795,"date":"2025-08-27T14:41:51","date_gmt":"2025-08-27T11:41:51","guid":{"rendered":"https:\/\/roveyayinevi.com.tr\/index.php\/urun\/aklindan-dusunceler-gecen-cocuk\/"},"modified":"2026-04-16T02:07:23","modified_gmt":"2026-04-15T23:07:23","slug":"aklindan-dusunceler-gecen-cocuk","status":"publish","type":"product","link":"https:\/\/roveyayinevi.com.tr\/index.php\/urun\/aklindan-dusunceler-gecen-cocuk\/","title":{"rendered":"Akl\u0131ndan D\u00fc\u015f\u00fcnceler Ge\u00e7en \u00c7ocuk"},"content":{"rendered":"<p>Yeti\u015fkinler, bir \u00e7ocu\u011fun her \u015feyine kar\u0131\u015fabilir; akl\u0131ndan ge\u00e7enler hari\u00e7!D\u00fcnya \u00e7ocuk ve gen\u00e7lik edebiyat\u0131n\u0131n \u00e7ok \u00f6d\u00fcll\u00fc yazarlar\u0131ndan Christine N\u00f6stlinger okurlar\u0131n\u0131 yine hem g\u00fcl\u00fcmsetiyor, hem d\u00fc\u015f\u00fcnd\u00fcr\u00fcyor. Bu kez bir \u00e7ocu\u011fun akl\u0131ndan ge\u00e7enleri, kurdu\u011fu hayalleri, onu bi\u00e7imleyen d\u00fc\u015f\u00fcnceleri mizah dolu bir dille anlatan N\u00f6stlinger, yeti\u015fkinlerin s\u00f6yledikleriyle yapt\u0131klar\u0131 aras\u0131ndaki \u00e7eli\u015fkileri, \u00e7ocu\u011fun g\u00f6z\u00fcnden, ince bir alayla yans\u0131t\u0131yor. \u00c7ocukluktaki g\u00f6zlem g\u00fcc\u00fcn\u00fc ve i\u00e7tenli\u011fi i\u015fleyen yazar, nesilleri bir araya getirmeyi ba\u015far\u0131rken, \u00e7ocuk ger\u00e7ekli\u011fine yak\u0131nl\u0131\u011f\u0131n\u0131 bir kez daha ustal\u0131kla ortaya koyuyor. Toplumsal roller ve cinsiyet konusuna da ele\u015ftirel bir g\u00f6zle yakla\u015fan roman, d\u00fc\u015f\u00fcnce ve ifade \u00f6zg\u00fcrl\u00fc\u011f\u00fcn\u00fcn \u00e7ocuklukta ba\u015flayan bir hak oldu\u011funa i\u015faret ediyor.Rosalinde\u2019nin ya\u015fam\u0131 ona s\u00fcrekli kar\u0131\u015fanlarla dolu: Annesi, babas\u0131, b\u00fcy\u00fckannesi, b\u00fcy\u00fckbabas\u0131, arkada\u015f\u0131 Fredi\u2026 Onu ele\u015ftirip \u00f6\u011f\u00fctler veriyorlar. Oysa, Rosalinde\u2019nin kafas\u0131n\u0131n i\u00e7indekileri, d\u00fc\u015f\u00fcnce ve hayallerini kimsenin okumas\u0131na olanak yok! Ve Rosalinde mutlaka kaleci olmak istiyor Fredi\u2019ye inat!.. <\/p>\n","protected":false},"excerpt":{"rendered":"<p>Yeti\u015fkinler, bir \u00e7ocu\u011fun her \u015feyine kar\u0131\u015fabilir; akl\u0131ndan ge\u00e7enler hari\u00e7!D\u00fcnya \u00e7ocuk ve gen\u00e7lik edebiyat\u0131n\u0131n \u00e7ok \u00f6d\u00fcll\u00fc yazarlar\u0131ndan Christine N\u00f6stlinger okurlar\u0131n\u0131 yine hem g\u00fcl\u00fcmsetiyor, hem d\u00fc\u015f\u00fcnd\u00fcr\u00fcyor. Bu kez<span class=\"excerpt-hellip\"> [\u2026]<\/span><\/p>\n","protected":false},"featured_media":0,"template":"","meta":{"_monsterinsights_skip_tracking":false,"_monsterinsights_sitenote_active":false,"_monsterinsights_sitenote_note":"","_monsterinsights_sitenote_category":0},"product_brand":[],"product_cat":[12274,12284],"product_tag":[],"class_list":{"0":"post-697795","1":"product","2":"type-product","3":"status-publish","5":"product_cat-cocuk-ve-genclik-kitaplari","6":"product_cat-hikayeler","7":"pa_cilt-ciltsiz","8":"pa_tur-kitap","9":"pa_yayinevi-gunisigi-kitapligi","10":"pa_yazar-christine-nostlinger","12":"first","13":"instock","14":"sale","15":"shipping-taxable","16":"purchasable","17":"product-type-simple"},"_links":{"self":[{"href":"https:\/\/roveyayinevi.com.tr\/index.php\/wp-json\/wp\/v2\/product\/697795","targetHints":{"allow":["GET"]}}],"collection":[{"href":"https:\/\/roveyayinevi.com.tr\/index.php\/wp-json\/wp\/v2\/product"}],"about":[{"href":"https:\/\/roveyayinevi.com.tr\/index.php\/wp-json\/wp\/v2\/types\/product"}],"wp:attachment":[{"href":"https:\/\/roveyayinevi.com.tr\/index.php\/wp-json\/wp\/v2\/media?parent=697795"}],"wp:term":[{"taxonomy":"product_brand","embeddable":true,"href":"https:\/\/roveyayinevi.com.tr\/index.php\/wp-json\/wp\/v2\/product_brand?post=697795"},{"taxonomy":"product_cat","embeddable":true,"href":"https:\/\/roveyayinevi.com.tr\/index.php\/wp-json\/wp\/v2\/product_cat?post=697795"},{"taxonomy":"product_tag","embeddable":true,"href":"https:\/\/roveyayinevi.com.tr\/index.php\/wp-json\/wp\/v2\/product_tag?post=697795"}],"curies":[{"name":"wp","href":"https:\/\/api.w.org\/{rel}","templated":true}]}}