{"id":697790,"date":"2025-08-27T14:41:50","date_gmt":"2025-08-27T11:41:50","guid":{"rendered":"https:\/\/roveyayinevi.com.tr\/index.php\/urun\/halka-corek-zinciri\/"},"modified":"2026-04-16T02:07:22","modified_gmt":"2026-04-15T23:07:22","slug":"halka-corek-zinciri","status":"publish","type":"product","link":"https:\/\/roveyayinevi.com.tr\/index.php\/urun\/halka-corek-zinciri\/","title":{"rendered":"Halka \u00c7\u00f6rek Zinciri"},"content":{"rendered":"<p>Lezzetli mi lezzetli bir dayan\u0131\u015fma \u00f6rne\u011fi!\u015ea\u015f\u0131rt\u0131c\u0131 karakterlerle kurgulanm\u0131\u015f mizahi dedektif romanlar\u0131yla t\u00fcm d\u00fcnyada be\u011feni kazanan \u0130ngiliz yazar Alexander McCall Smith, bu kez \u00e7ocuklar\u0131n dilinden konu\u015fuyor. \u201cAbur Cubur Pe\u015finde\u201d dizisinin d\u00f6rd\u00fcnc\u00fc kitab\u0131 s\u0131ms\u0131cak bir dayan\u0131\u015fma ve yard\u0131mla\u015fma \u00f6yk\u00fcs\u00fc anlat\u0131yor. D\u00f6rt kitapl\u0131k dizi, \u00e7ocuklar\u0131n \u00e7ok sevdi\u011fi baz\u0131 yiyeceklerin \u00fcretimden t\u00fcketime az bilinen yolculu\u011funu, e\u011flenceli ve s\u00fcr\u00fckleyici maceralarla kurguluyor. \u0130lk\u00f6\u011fretime yeni ba\u015flayan \u00e7ocuklar, zevkli bir okuma ser\u00fcvenine dal\u0131yor ve her kitapta kendilerini zekice kurgulanm\u0131\u015f yeni bir ser\u00fcvenin i\u00e7inde buluyor. Hem \u00e7ok e\u011fleniyor, hem de okumay\u0131 daha \u00e7ok seviyorlar. Usta ill\u00fcstrat\u00f6r Ian Bilbey\u2019in resimledi\u011fi dizi, \u00e7ocuklukta edinilen deneyimlerin \u00f6nemine de dikkati \u00e7ekiyor, d\u00fc\u015fle ger\u00e7e\u011fi ustal\u0131kla bir araya getiriyor.Okuldaki hademenin arabas\u0131 \u00e7al\u0131n\u0131nca, \u00e7ocuklar ona yeni bir araba almak i\u00e7in halka \u00e7\u00f6rek yap\u0131p satmaya karar verirler. \u00c7\u00f6rekler o kadar sevilir ki, \u00e7ocuklar daha fazlas\u0131n\u0131 satabilmek i\u00e7in bir mektup zinciri kurup yard\u0131m isterler. Ancak, \u00e7ok say\u0131da ki\u015fi \u00e7\u00f6rek g\u00f6ndermeye ba\u015flay\u0131nca i\u015fler kar\u0131\u015f\u0131r. Postay\u0131 durdurmak olanaks\u0131zd\u0131r art\u0131k\u2026<\/p>\n","protected":false},"excerpt":{"rendered":"<p>Lezzetli mi lezzetli bir dayan\u0131\u015fma \u00f6rne\u011fi!\u015ea\u015f\u0131rt\u0131c\u0131 karakterlerle kurgulanm\u0131\u015f mizahi dedektif romanlar\u0131yla t\u00fcm d\u00fcnyada be\u011feni kazanan \u0130ngiliz yazar Alexander McCall Smith, bu kez \u00e7ocuklar\u0131n dilinden konu\u015fuyor. \u201cAbur<span class=\"excerpt-hellip\"> [\u2026]<\/span><\/p>\n","protected":false},"featured_media":0,"template":"","meta":{"_monsterinsights_skip_tracking":false,"_monsterinsights_sitenote_active":false,"_monsterinsights_sitenote_note":"","_monsterinsights_sitenote_category":0},"product_brand":[],"product_cat":[12274,12284],"product_tag":[],"class_list":{"0":"post-697790","1":"product","2":"type-product","3":"status-publish","5":"product_cat-cocuk-ve-genclik-kitaplari","6":"product_cat-hikayeler","7":"pa_cilt-ciltsiz","8":"pa_tur-kitap","9":"pa_yayinevi-gunisigi-kitapligi","10":"pa_yazar-alexander-mccall-smith","12":"first","13":"instock","14":"sale","15":"shipping-taxable","16":"purchasable","17":"product-type-simple"},"_links":{"self":[{"href":"https:\/\/roveyayinevi.com.tr\/index.php\/wp-json\/wp\/v2\/product\/697790","targetHints":{"allow":["GET"]}}],"collection":[{"href":"https:\/\/roveyayinevi.com.tr\/index.php\/wp-json\/wp\/v2\/product"}],"about":[{"href":"https:\/\/roveyayinevi.com.tr\/index.php\/wp-json\/wp\/v2\/types\/product"}],"wp:attachment":[{"href":"https:\/\/roveyayinevi.com.tr\/index.php\/wp-json\/wp\/v2\/media?parent=697790"}],"wp:term":[{"taxonomy":"product_brand","embeddable":true,"href":"https:\/\/roveyayinevi.com.tr\/index.php\/wp-json\/wp\/v2\/product_brand?post=697790"},{"taxonomy":"product_cat","embeddable":true,"href":"https:\/\/roveyayinevi.com.tr\/index.php\/wp-json\/wp\/v2\/product_cat?post=697790"},{"taxonomy":"product_tag","embeddable":true,"href":"https:\/\/roveyayinevi.com.tr\/index.php\/wp-json\/wp\/v2\/product_tag?post=697790"}],"curies":[{"name":"wp","href":"https:\/\/api.w.org\/{rel}","templated":true}]}}