{"id":697784,"date":"2025-08-27T14:41:48","date_gmt":"2025-08-27T11:41:48","guid":{"rendered":"https:\/\/roveyayinevi.com.tr\/index.php\/urun\/citir-citir-felsefe-serisi-20-soz-ve-sessizlik\/"},"modified":"2026-04-16T02:07:22","modified_gmt":"2026-04-15T23:07:22","slug":"citir-citir-felsefe-serisi-20-soz-ve-sessizlik","status":"publish","type":"product","link":"https:\/\/roveyayinevi.com.tr\/index.php\/urun\/citir-citir-felsefe-serisi-20-soz-ve-sessizlik\/","title":{"rendered":"\u00c7\u0131t\u0131r \u00c7\u0131t\u0131r Felsefe Serisi 20 &#8211; S\u00f6z ve Sessizlik"},"content":{"rendered":"<p>Sessizlik de s\u00f6zlerden mi olu\u015fur?Brigitte Labb\u00e9, t\u00fcm d\u00fcnyada \u00e7ocuklar\u0131 felsefeyle bulu\u015fturan \u201c\u00c7\u0131t\u0131r \u00c7\u0131t\u0131r Felsefe\u201d dizisinin \u00fclkemizde yay\u0131mlanan yirminci kitab\u0131nda, okurlar\u0131n\u0131, d\u00fc\u015f\u00fcnceyi ve ileti\u015fimi bi\u00e7imleyen, insan\u0131 ve ki\u015fili\u011fini en do\u011frudan yans\u0131tan s\u00f6z kavram\u0131 \u00fczerine d\u00fc\u015f\u00fcnmeye davet ediyor. S\u00f6ylediklerimiz, s\u00f6ylemediklerimiz ve neyi hangi ba\u011flamda, nas\u0131l s\u00f6yledi\u011fimizin \u00f6nemini tart\u0131\u015fan kitap, ifade \u00f6zg\u00fcrl\u00fc\u011f\u00fc ba\u011flam\u0131nda \u201csessizlik\u201din konu\u015fulmayan rol\u00fcn\u00fc de vurguluyor.Brigitte Labb\u00e9\u2019nin d\u00fc\u015f\u00fcnmeye davet eden \u00f6zg\u00fcrl\u00fck\u00e7\u00fc yakla\u015f\u0131m\u0131 ve g\u00fc\u00e7l\u00fc anlat\u0131m\u0131 kadar, Jacques Azam\u2019\u0131n karikat\u00fcr tad\u0131ndaki renkli resimleriyle de benzersiz k\u0131ld\u0131\u011f\u0131 \u201c\u00c7\u0131t\u0131r \u00c7\u0131t\u0131r Felsefe\u201d dizisi, \u00e7e\u015fitli \u00fclkelerde oldu\u011fu gibi, \u00fclkemizde de bir\u00e7ok okulun en \u00e7ok \u00f6nerdi\u011fi kitaplar aras\u0131nda yer al\u0131yor. Ya\u015fam\u0131 ve d\u00fcnyan\u0131n i\u015fleyi\u015fini anlamaya \u00e7al\u0131\u015fan \u00e7ocuklara yard\u0131mc\u0131 olacak temel sorularla kurgulanan her kitap, farkl\u0131 bir temel konuyu, g\u00fcnl\u00fck ya\u015famda s\u0131k\u00e7a kar\u015f\u0131la\u015ft\u0131\u011f\u0131m\u0131z \u00f6rnek olaylarla \u00f6yk\u00fcle\u015ftirerek tart\u0131\u015f\u0131yor. Dizi, \u00f6\u011fretmenler ve anne babalar taraf\u0131ndan da severek okunuyor.A\u00e7l\u0131\u011f\u0131, so\u011fu\u011fu, ne\u015feyi hissetmek i\u00e7in s\u00f6zc\u00fcklere gereksinim duymay\u0131z. D\u00fc\u015f\u00fcnmek i\u00e7inse, s\u00f6zc\u00fcklere ve dile ihtiyac\u0131m\u0131z vard\u0131r. D\u00fc\u015f\u00fcn\u00fcrken kendi kendimize konu\u015fur, kendimizle sohbet ederiz. Kimi zaman yaln\u0131zca i\u00e7imizi kirleten \u015feyleri d\u0131\u015far\u0131 atmak i\u00e7in konu\u015furuz. S\u00f6z rahatlats\u0131n, iyile\u015ftirsin diye. Ama bazen de, kafam\u0131z\u0131 bo\u015faltmaya, i\u00e7imizde sessizlik yaratmaya gereksinim duyar\u0131z. Her \u015feyi yoluna koymak i\u00e7in bu bo\u015flu\u011fa, bu sessizli\u011fe ihtiyac\u0131m\u0131z vard\u0131r\u2026<\/p>\n","protected":false},"excerpt":{"rendered":"<p>Sessizlik de s\u00f6zlerden mi olu\u015fur?Brigitte Labb\u00e9, t\u00fcm d\u00fcnyada \u00e7ocuklar\u0131 felsefeyle bulu\u015fturan \u201c\u00c7\u0131t\u0131r \u00c7\u0131t\u0131r Felsefe\u201d dizisinin \u00fclkemizde yay\u0131mlanan yirminci kitab\u0131nda, okurlar\u0131n\u0131, d\u00fc\u015f\u00fcnceyi ve ileti\u015fimi bi\u00e7imleyen, insan\u0131 ve<span class=\"excerpt-hellip\"> [\u2026]<\/span><\/p>\n","protected":false},"featured_media":0,"template":"","meta":{"_monsterinsights_skip_tracking":false,"_monsterinsights_sitenote_active":false,"_monsterinsights_sitenote_note":"","_monsterinsights_sitenote_category":0},"product_brand":[],"product_cat":[12274,12631],"product_tag":[],"class_list":{"0":"post-697784","1":"product","2":"type-product","3":"status-publish","5":"product_cat-cocuk-ve-genclik-kitaplari","6":"product_cat-diger-cocuk-ve-genclik-kitaplari","7":"pa_cilt-ciltsiz","8":"pa_tur-kitap","9":"pa_yayinevi-gunisigi-kitapligi","10":"pa_yazar-brigitte-labbe","12":"first","13":"instock","14":"sale","15":"shipping-taxable","16":"purchasable","17":"product-type-simple"},"_links":{"self":[{"href":"https:\/\/roveyayinevi.com.tr\/index.php\/wp-json\/wp\/v2\/product\/697784","targetHints":{"allow":["GET"]}}],"collection":[{"href":"https:\/\/roveyayinevi.com.tr\/index.php\/wp-json\/wp\/v2\/product"}],"about":[{"href":"https:\/\/roveyayinevi.com.tr\/index.php\/wp-json\/wp\/v2\/types\/product"}],"wp:attachment":[{"href":"https:\/\/roveyayinevi.com.tr\/index.php\/wp-json\/wp\/v2\/media?parent=697784"}],"wp:term":[{"taxonomy":"product_brand","embeddable":true,"href":"https:\/\/roveyayinevi.com.tr\/index.php\/wp-json\/wp\/v2\/product_brand?post=697784"},{"taxonomy":"product_cat","embeddable":true,"href":"https:\/\/roveyayinevi.com.tr\/index.php\/wp-json\/wp\/v2\/product_cat?post=697784"},{"taxonomy":"product_tag","embeddable":true,"href":"https:\/\/roveyayinevi.com.tr\/index.php\/wp-json\/wp\/v2\/product_tag?post=697784"}],"curies":[{"name":"wp","href":"https:\/\/api.w.org\/{rel}","templated":true}]}}