{"id":697782,"date":"2025-08-27T14:41:48","date_gmt":"2025-08-27T11:41:48","guid":{"rendered":"https:\/\/roveyayinevi.com.tr\/index.php\/urun\/gecmise-tirmanan-merdiven\/"},"modified":"2026-04-16T02:07:22","modified_gmt":"2026-04-15T23:07:22","slug":"gecmise-tirmanan-merdiven","status":"publish","type":"product","link":"https:\/\/roveyayinevi.com.tr\/index.php\/urun\/gecmise-tirmanan-merdiven\/","title":{"rendered":"Ge\u00e7mi\u015fe T\u0131rmanan Merdiven"},"content":{"rendered":"<p>\u00c7ocuklar\u0131n bah\u00e7esinde oyun oynad\u0131\u011f\u0131 tarihi bir Bo\u011fazi\u00e7i k\u00f6\u015fk\u00fcne bir yazar ta\u015f\u0131n\u0131r. B\u00fct\u00fcn mahalle, hi\u00e7 ortalarda g\u00f6r\u00fcnmeyen Yazar\u2019\u0131n nas\u0131l ya\u015fad\u0131\u011f\u0131n\u0131 merak eder: Bir yazar nas\u0131l bu kadar zengin olmu\u015ftur? Evde ka\u00e7 hizmet\u00e7i \u00e7al\u0131\u015ft\u0131r\u0131yordur? Yazar, mahalledeki berbere ya da kahveye neden u\u011fram\u0131yordur? Yazar\u2019\u0131n k\u00f6\u015fk\u00fcn\u00fc ke\u015ffetme cesaretini bulan tek ki\u015fi, k\u00fc\u00e7\u00fck Do\u011fa\u00e7\u2019t\u0131r. K\u00f6\u015fk\u00fcn merdivenlerini t\u0131rman\u0131rken, hem Yazar\u2019\u0131n hem de yazarl\u0131\u011f\u0131n s\u0131rlar\u0131n\u0131 \u00e7\u00f6zmeye ba\u015flayacakt\u0131r\u2026<\/p>\n","protected":false},"excerpt":{"rendered":"<p>\u00c7ocuklar\u0131n bah\u00e7esinde oyun oynad\u0131\u011f\u0131 tarihi bir Bo\u011fazi\u00e7i k\u00f6\u015fk\u00fcne bir yazar ta\u015f\u0131n\u0131r. B\u00fct\u00fcn mahalle, hi\u00e7 ortalarda g\u00f6r\u00fcnmeyen Yazar\u2019\u0131n nas\u0131l ya\u015fad\u0131\u011f\u0131n\u0131 merak eder: Bir yazar nas\u0131l bu kadar<span class=\"excerpt-hellip\"> [\u2026]<\/span><\/p>\n","protected":false},"featured_media":0,"template":"","meta":{"_monsterinsights_skip_tracking":false,"_monsterinsights_sitenote_active":false,"_monsterinsights_sitenote_note":"","_monsterinsights_sitenote_category":0},"product_brand":[],"product_cat":[12274,12284],"product_tag":[],"class_list":{"0":"post-697782","1":"product","2":"type-product","3":"status-publish","5":"product_cat-cocuk-ve-genclik-kitaplari","6":"product_cat-hikayeler","7":"pa_cilt-ciltsiz","8":"pa_tur-kitap","9":"pa_yayinevi-gunisigi-kitapligi","10":"pa_yazar-behic-ak","12":"first","13":"instock","14":"sale","15":"shipping-taxable","16":"purchasable","17":"product-type-simple"},"_links":{"self":[{"href":"https:\/\/roveyayinevi.com.tr\/index.php\/wp-json\/wp\/v2\/product\/697782","targetHints":{"allow":["GET"]}}],"collection":[{"href":"https:\/\/roveyayinevi.com.tr\/index.php\/wp-json\/wp\/v2\/product"}],"about":[{"href":"https:\/\/roveyayinevi.com.tr\/index.php\/wp-json\/wp\/v2\/types\/product"}],"wp:attachment":[{"href":"https:\/\/roveyayinevi.com.tr\/index.php\/wp-json\/wp\/v2\/media?parent=697782"}],"wp:term":[{"taxonomy":"product_brand","embeddable":true,"href":"https:\/\/roveyayinevi.com.tr\/index.php\/wp-json\/wp\/v2\/product_brand?post=697782"},{"taxonomy":"product_cat","embeddable":true,"href":"https:\/\/roveyayinevi.com.tr\/index.php\/wp-json\/wp\/v2\/product_cat?post=697782"},{"taxonomy":"product_tag","embeddable":true,"href":"https:\/\/roveyayinevi.com.tr\/index.php\/wp-json\/wp\/v2\/product_tag?post=697782"}],"curies":[{"name":"wp","href":"https:\/\/api.w.org\/{rel}","templated":true}]}}