{"id":697779,"date":"2025-08-27T14:41:47","date_gmt":"2025-08-27T11:41:47","guid":{"rendered":"https:\/\/roveyayinevi.com.tr\/index.php\/urun\/ben-cinar-agaci-ve-pufboregi\/"},"modified":"2026-04-16T02:07:22","modified_gmt":"2026-04-15T23:07:22","slug":"ben-cinar-agaci-ve-pufboregi","status":"publish","type":"product","link":"https:\/\/roveyayinevi.com.tr\/index.php\/urun\/ben-cinar-agaci-ve-pufboregi\/","title":{"rendered":"Ben, \u00c7\u0131nar A\u011fac\u0131 ve Pufb\u00f6re\u011fi"},"content":{"rendered":"<p>Gecenin bir saati\u2026 Sekiz ya\u015f\u0131nda k\u00fc\u00e7\u00fcc\u00fck bir k\u0131z\u2026 \u015eu i\u015fe bak, bu ya\u015fa geldim, kendimi hi\u00e7 bu kadar g\u00fc\u00e7s\u00fcz hissetmemi\u015ftim. Midemi cazur cuzur kavuran patl\u0131can k\u0131zartmas\u0131\u2026 Can\u0131mdan can alan pufb\u00f6rekleri\u2026 Hay, pisbo\u011faz kad\u0131n!\u2026 <\/p>\n","protected":false},"excerpt":{"rendered":"<p>Gecenin bir saati\u2026 Sekiz ya\u015f\u0131nda k\u00fc\u00e7\u00fcc\u00fck bir k\u0131z\u2026 \u015eu i\u015fe bak, bu ya\u015fa geldim, kendimi hi\u00e7 bu kadar g\u00fc\u00e7s\u00fcz hissetmemi\u015ftim. Midemi cazur cuzur kavuran patl\u0131can k\u0131zartmas\u0131\u2026<span class=\"excerpt-hellip\"> [\u2026]<\/span><\/p>\n","protected":false},"featured_media":0,"template":"","meta":{"_monsterinsights_skip_tracking":false,"_monsterinsights_sitenote_active":false,"_monsterinsights_sitenote_note":"","_monsterinsights_sitenote_category":0},"product_brand":[],"product_cat":[12274,12284],"product_tag":[],"class_list":{"0":"post-697779","1":"product","2":"type-product","3":"status-publish","5":"product_cat-cocuk-ve-genclik-kitaplari","6":"product_cat-hikayeler","7":"pa_cilt-ciltsiz","8":"pa_tur-kitap","9":"pa_yayinevi-gunisigi-kitapligi","10":"pa_yazar-zeynep-cemali","12":"first","13":"instock","14":"sale","15":"shipping-taxable","16":"purchasable","17":"product-type-simple"},"_links":{"self":[{"href":"https:\/\/roveyayinevi.com.tr\/index.php\/wp-json\/wp\/v2\/product\/697779","targetHints":{"allow":["GET"]}}],"collection":[{"href":"https:\/\/roveyayinevi.com.tr\/index.php\/wp-json\/wp\/v2\/product"}],"about":[{"href":"https:\/\/roveyayinevi.com.tr\/index.php\/wp-json\/wp\/v2\/types\/product"}],"wp:attachment":[{"href":"https:\/\/roveyayinevi.com.tr\/index.php\/wp-json\/wp\/v2\/media?parent=697779"}],"wp:term":[{"taxonomy":"product_brand","embeddable":true,"href":"https:\/\/roveyayinevi.com.tr\/index.php\/wp-json\/wp\/v2\/product_brand?post=697779"},{"taxonomy":"product_cat","embeddable":true,"href":"https:\/\/roveyayinevi.com.tr\/index.php\/wp-json\/wp\/v2\/product_cat?post=697779"},{"taxonomy":"product_tag","embeddable":true,"href":"https:\/\/roveyayinevi.com.tr\/index.php\/wp-json\/wp\/v2\/product_tag?post=697779"}],"curies":[{"name":"wp","href":"https:\/\/api.w.org\/{rel}","templated":true}]}}