{"id":697775,"date":"2025-08-27T14:41:45","date_gmt":"2025-08-27T11:41:45","guid":{"rendered":"https:\/\/roveyayinevi.com.tr\/index.php\/urun\/cubuk-makarna-dugumu-abur-cubur-pesinde\/"},"modified":"2026-04-16T02:07:22","modified_gmt":"2026-04-15T23:07:22","slug":"cubuk-makarna-dugumu-abur-cubur-pesinde","status":"publish","type":"product","link":"https:\/\/roveyayinevi.com.tr\/index.php\/urun\/cubuk-makarna-dugumu-abur-cubur-pesinde\/","title":{"rendered":"\u00c7ubuk Makarna D\u00fc\u011f\u00fcm\u00fc &#8211; Abur Cubur Pe\u015finde"},"content":{"rendered":"<p>Bir lokmada okunan e\u011flenceli ve lezzetli bir dizi! Beslenme konusunda kat\u0131 kurallar\u0131 olan teyze, ye\u011fenlerinin makarna yemesini yasaklam\u0131\u015ft\u0131r. \u00c7ocuklar, bir g\u00fcn ka\u00e7amak yap\u0131p lokantaya giderler, ama yemekler \u00e7ok pahal\u0131d\u0131r. Neyse ki, a\u015f\u00e7\u0131ba\u015f\u0131 \u00e7ok leziz bir makarna pi\u015firir onlara. Makarnaya bay\u0131lan \u00e7ocuklar sosun tari? ni, \u00fcnl\u00fc bir makarna \u00fcreticisinin d\u00fczenledi\u011fi yar\u0131\u015fmaya g\u00f6ndermek isterler. Ama teyzeleri durumu \u00f6\u011frenmekte gecikmez&#8230; T\u00fcm d\u00fcnyada be\u011feniyle okunan, ilgin\u00e7 karakterlerle kurgulanm\u0131\u015f mizah dolu dedektiflik romanlar\u0131yla tan\u0131nan \u0130ngiliz yazar Alexander McCall Smith\u2019in bu diziyi \u00e7ocuklar i\u00e7in kaleme ald\u0131. 4 kitapl\u0131k keyifli dizi, \u00e7ocuklar\u0131n \u00e7ok sevdi\u011fi baz\u0131 yiyeceklerin \u00fcretimden t\u00fcketime az bilinen yolculu\u011funu, e\u011flenceli ve s\u00fcr\u00fckleyici maceralarla kurguluyor. \u0130lk\u00f6\u011fretime yeni ba\u015flayan \u00e7ocuklar, zevkli bir okuma ser\u00fcvenine dal\u0131yor ve her kitapta zekice kurgulanm\u0131\u015f g\u00fczel bir \u00f6yk\u00fc okuyor. Hem \u00e7ok e\u011fleniyor, hem de okumay\u0131 daha \u00e7ok seviyorlar. \u00c7ocuklukta edinilen deneyimlerin \u00f6nemine de dikkati \u00e7eken yazar, d\u00fc\u015fle ger\u00e7e\u011fi ustal\u0131kla bir araya getiriyor. \ufffcTan\u0131t\u0131m Metni<\/p>\n","protected":false},"excerpt":{"rendered":"<p>Bir lokmada okunan e\u011flenceli ve lezzetli bir dizi! Beslenme konusunda kat\u0131 kurallar\u0131 olan teyze, ye\u011fenlerinin makarna yemesini yasaklam\u0131\u015ft\u0131r. \u00c7ocuklar, bir g\u00fcn ka\u00e7amak yap\u0131p lokantaya giderler, ama<span class=\"excerpt-hellip\"> [\u2026]<\/span><\/p>\n","protected":false},"featured_media":0,"template":"","meta":{"_monsterinsights_skip_tracking":false,"_monsterinsights_sitenote_active":false,"_monsterinsights_sitenote_note":"","_monsterinsights_sitenote_category":0},"product_brand":[],"product_cat":[12274,12284],"product_tag":[],"class_list":{"0":"post-697775","1":"product","2":"type-product","3":"status-publish","5":"product_cat-cocuk-ve-genclik-kitaplari","6":"product_cat-hikayeler","7":"pa_cilt-ciltsiz","8":"pa_tur-kitap","9":"pa_yayinevi-gunisigi-kitapligi","10":"pa_yazar-alexander-mccall-smith","12":"first","13":"instock","14":"sale","15":"shipping-taxable","16":"purchasable","17":"product-type-simple"},"_links":{"self":[{"href":"https:\/\/roveyayinevi.com.tr\/index.php\/wp-json\/wp\/v2\/product\/697775","targetHints":{"allow":["GET"]}}],"collection":[{"href":"https:\/\/roveyayinevi.com.tr\/index.php\/wp-json\/wp\/v2\/product"}],"about":[{"href":"https:\/\/roveyayinevi.com.tr\/index.php\/wp-json\/wp\/v2\/types\/product"}],"wp:attachment":[{"href":"https:\/\/roveyayinevi.com.tr\/index.php\/wp-json\/wp\/v2\/media?parent=697775"}],"wp:term":[{"taxonomy":"product_brand","embeddable":true,"href":"https:\/\/roveyayinevi.com.tr\/index.php\/wp-json\/wp\/v2\/product_brand?post=697775"},{"taxonomy":"product_cat","embeddable":true,"href":"https:\/\/roveyayinevi.com.tr\/index.php\/wp-json\/wp\/v2\/product_cat?post=697775"},{"taxonomy":"product_tag","embeddable":true,"href":"https:\/\/roveyayinevi.com.tr\/index.php\/wp-json\/wp\/v2\/product_tag?post=697775"}],"curies":[{"name":"wp","href":"https:\/\/api.w.org\/{rel}","templated":true}]}}