{"id":697774,"date":"2025-08-27T14:41:45","date_gmt":"2025-08-27T11:41:45","guid":{"rendered":"https:\/\/roveyayinevi.com.tr\/index.php\/urun\/anlatmak-icin-yasamak\/"},"modified":"2026-04-16T02:07:22","modified_gmt":"2026-04-15T23:07:22","slug":"anlatmak-icin-yasamak","status":"publish","type":"product","link":"https:\/\/roveyayinevi.com.tr\/index.php\/urun\/anlatmak-icin-yasamak\/","title":{"rendered":"Anlatmak \u0130\u00e7in Ya\u015famak"},"content":{"rendered":"<p>Gabriel Garc\u00eda M\u00e1rquez \u00e7ap\u0131nda bir yazar\u0131n an\u0131lar\u0131n\u0131 yaln\u0131zca hayranlar\u0131 de\u011fil, b\u00fct\u00fcn edebiyat d\u00fcnyas\u0131 nicedir bekliyordu. 20. y\u00fczy\u0131l edebiyat\u0131na damgas\u0131n\u0131 vuran b\u00fcy\u00fcl\u00fc ger\u00e7ek\u00e7ili\u011fin b\u00fcy\u00fck ustas\u0131, Yaprak F\u0131rt\u0131nas\u0131&#8217;ndan Y\u00fczy\u0131ll\u0131k Yaln\u0131zl\u0131k&#8217;a, Kolera G\u00fcnlerinde A\u015fk&#8217;tan Benim H\u00fcz\u00fcnl\u00fc Orospula-r\u0131m&#8217;a, esin kaynaklar\u0131n\u0131 hep kendi ya\u015fam\u0131nda, yak\u0131n \u00e7evresindeki insanlarda aram\u0131\u015ft\u0131. O y\u00fczden, yap\u0131tlar\u0131yla ya\u015fam\u0131 aras\u0131nda s\u0131k dokunmu\u015f ba\u011flar vard\u0131. Garc\u00eda M\u00e1rquez sonunda an\u0131lar\u0131n\u0131 yazd\u0131. Anlatmak \u0130\u00e7in Ya\u015famak, anlatmak, yazmak i\u00e7in ya\u015fam\u0131\u015f bir yazar\u0131n an\u0131lar\u0131n\u0131n \u00e7ok \u00f6tesinde bir kitap. Ancak onun kaleminden \u00e7\u0131kabilecek, roman tad\u0131nda okunabilen bir eser. Anlatmak \u0130\u00e7in Ya\u015famak&#8217;ta Hayat, insan\u0131n ya\u015fad\u0131\u011f\u0131 de\u011fildir; aslolan, hat\u0131rlad\u0131\u011f\u0131 ve anlatmak i\u00e7in nas\u0131l hat\u0131rlad\u0131\u011f\u0131d\u0131r diyen yazar\u0131n yaln\u0131zca ya\u015fam\u00f6yk\u00fcs\u00fcn\u00fc de\u011fil, t\u00fcm yap\u0131tlar\u0131n\u0131n izlerini de bulacaks\u0131n\u0131z. \ufffcTan\u0131t\u0131m Metni<\/p>\n","protected":false},"excerpt":{"rendered":"<p>Gabriel Garc\u00eda M\u00e1rquez \u00e7ap\u0131nda bir yazar\u0131n an\u0131lar\u0131n\u0131 yaln\u0131zca hayranlar\u0131 de\u011fil, b\u00fct\u00fcn edebiyat d\u00fcnyas\u0131 nicedir bekliyordu. 20. y\u00fczy\u0131l edebiyat\u0131na damgas\u0131n\u0131 vuran b\u00fcy\u00fcl\u00fc ger\u00e7ek\u00e7ili\u011fin b\u00fcy\u00fck ustas\u0131, Yaprak F\u0131rt\u0131nas\u0131&#8217;ndan<span class=\"excerpt-hellip\"> [\u2026]<\/span><\/p>\n","protected":false},"featured_media":0,"template":"","meta":{"_monsterinsights_skip_tracking":false,"_monsterinsights_sitenote_active":false,"_monsterinsights_sitenote_note":"","_monsterinsights_sitenote_category":0},"product_brand":[],"product_cat":[13701,12291],"product_tag":[],"class_list":{"0":"post-697774","1":"product","2":"type-product","3":"status-publish","5":"product_cat-ani-mektup-gunluk","6":"product_cat-edebiyat","7":"pa_cilt-ciltsiz","8":"pa_tur-kitap","9":"pa_yayinevi-can-yayinlari","10":"pa_yazar-gabriel-garcia-marquez","12":"first","13":"instock","14":"sale","15":"shipping-taxable","16":"purchasable","17":"product-type-simple"},"_links":{"self":[{"href":"https:\/\/roveyayinevi.com.tr\/index.php\/wp-json\/wp\/v2\/product\/697774","targetHints":{"allow":["GET"]}}],"collection":[{"href":"https:\/\/roveyayinevi.com.tr\/index.php\/wp-json\/wp\/v2\/product"}],"about":[{"href":"https:\/\/roveyayinevi.com.tr\/index.php\/wp-json\/wp\/v2\/types\/product"}],"wp:attachment":[{"href":"https:\/\/roveyayinevi.com.tr\/index.php\/wp-json\/wp\/v2\/media?parent=697774"}],"wp:term":[{"taxonomy":"product_brand","embeddable":true,"href":"https:\/\/roveyayinevi.com.tr\/index.php\/wp-json\/wp\/v2\/product_brand?post=697774"},{"taxonomy":"product_cat","embeddable":true,"href":"https:\/\/roveyayinevi.com.tr\/index.php\/wp-json\/wp\/v2\/product_cat?post=697774"},{"taxonomy":"product_tag","embeddable":true,"href":"https:\/\/roveyayinevi.com.tr\/index.php\/wp-json\/wp\/v2\/product_tag?post=697774"}],"curies":[{"name":"wp","href":"https:\/\/api.w.org\/{rel}","templated":true}]}}