{"id":697771,"date":"2025-08-27T14:41:44","date_gmt":"2025-08-27T11:41:44","guid":{"rendered":"https:\/\/roveyayinevi.com.tr\/index.php\/urun\/sen-islik-calmayi-bilir-misin\/"},"modified":"2026-04-16T02:07:22","modified_gmt":"2026-04-15T23:07:22","slug":"sen-islik-calmayi-bilir-misin","status":"publish","type":"product","link":"https:\/\/roveyayinevi.com.tr\/index.php\/urun\/sen-islik-calmayi-bilir-misin\/","title":{"rendered":"Sen Isl\u0131k \u00c7almay\u0131 Bilir Misin?"},"content":{"rendered":"<p>Ben bir u\u00e7an balondumMinik bir \u00e7ocu\u011fun s\u0131cac\u0131k ellerinde,Ka\u00e7\u0131verdim f\u0131rsat\u0131n\u0131 bulupU\u00e7tum g\u00f6klerin maviliklerine, \u00f6zg\u00fcrl\u00fc\u011fe. <\/p>\n","protected":false},"excerpt":{"rendered":"<p>Ben bir u\u00e7an balondumMinik bir \u00e7ocu\u011fun s\u0131cac\u0131k ellerinde,Ka\u00e7\u0131verdim f\u0131rsat\u0131n\u0131 bulupU\u00e7tum g\u00f6klerin maviliklerine, \u00f6zg\u00fcrl\u00fc\u011fe.<\/p>\n","protected":false},"featured_media":0,"template":"","meta":{"_monsterinsights_skip_tracking":false,"_monsterinsights_sitenote_active":false,"_monsterinsights_sitenote_note":"","_monsterinsights_sitenote_category":0},"product_brand":[],"product_cat":[12291,12509],"product_tag":[],"class_list":{"0":"post-697771","1":"product","2":"type-product","3":"status-publish","5":"product_cat-edebiyat","6":"product_cat-siir","7":"pa_cilt-ciltsiz","8":"pa_tur-kitap","9":"pa_yayinevi-gunisigi-kitapligi","10":"pa_yazar-necdet-neydim","12":"first","13":"instock","14":"sale","15":"shipping-taxable","16":"purchasable","17":"product-type-simple"},"_links":{"self":[{"href":"https:\/\/roveyayinevi.com.tr\/index.php\/wp-json\/wp\/v2\/product\/697771","targetHints":{"allow":["GET"]}}],"collection":[{"href":"https:\/\/roveyayinevi.com.tr\/index.php\/wp-json\/wp\/v2\/product"}],"about":[{"href":"https:\/\/roveyayinevi.com.tr\/index.php\/wp-json\/wp\/v2\/types\/product"}],"wp:attachment":[{"href":"https:\/\/roveyayinevi.com.tr\/index.php\/wp-json\/wp\/v2\/media?parent=697771"}],"wp:term":[{"taxonomy":"product_brand","embeddable":true,"href":"https:\/\/roveyayinevi.com.tr\/index.php\/wp-json\/wp\/v2\/product_brand?post=697771"},{"taxonomy":"product_cat","embeddable":true,"href":"https:\/\/roveyayinevi.com.tr\/index.php\/wp-json\/wp\/v2\/product_cat?post=697771"},{"taxonomy":"product_tag","embeddable":true,"href":"https:\/\/roveyayinevi.com.tr\/index.php\/wp-json\/wp\/v2\/product_tag?post=697771"}],"curies":[{"name":"wp","href":"https:\/\/api.w.org\/{rel}","templated":true}]}}