{"id":697770,"date":"2025-08-27T14:41:44","date_gmt":"2025-08-27T11:41:44","guid":{"rendered":"https:\/\/roveyayinevi.com.tr\/index.php\/urun\/anneme-bir-ev-alacagim\/"},"modified":"2026-04-16T02:07:22","modified_gmt":"2026-04-15T23:07:22","slug":"anneme-bir-ev-alacagim","status":"publish","type":"product","link":"https:\/\/roveyayinevi.com.tr\/index.php\/urun\/anneme-bir-ev-alacagim\/","title":{"rendered":"Anneme Bir Ev Alaca\u011f\u0131m"},"content":{"rendered":"<p>B\u00fct\u00fcn anneler ve yavrular\u0131 i\u00e7in y\u00fcrekleri \u0131s\u0131tacak bir \u00f6yk\u00fc \u015f\u00f6leni!Y\u00fcreklerde derin iz b\u0131rakan, duyarl\u0131 \u00f6yk\u00fcleriyle tan\u0131nan usta yazar Necati G\u00fcng\u00f6r, bu \u00f6yk\u00fc kitab\u0131nda anne-\u00e7ocuk ili\u015fkisine odaklan\u0131yor. De\u011fi\u015fik sosyal \u00e7evrelerde, bamba\u015fka ger\u00e7ekliklerde ya\u015fanan birbirinden farkl\u0131 dokuz \u00f6yk\u00fc, anneli\u011fi \u00e7ok y\u00f6nl\u00fc ve \u00e7ok boyutlu bir olgu olarak d\u00fc\u015f\u00fcnd\u00fcrerek y\u00fcceltiyor. G\u00fcng\u00f6r\u2019\u00fcn, geri plan\u0131nda \u00fclkenin ekonomik, sosyal, k\u00fclt\u00fcrel ko\u015fullar\u0131n\u0131 ustaca resmeden ger\u00e7ek\u00e7i \u00f6yk\u00fcleri okura, farkl\u0131 ya\u015famlar\u0131n fark\u0131na varma \u015fans\u0131 sunuyor. Son \u00f6yk\u00fc kitab\u0131 Sevgili \u00d6\u011fretmenimde keyifle okunan \u00e7a\u011fda\u015f edebiyat\u0131m\u0131z\u0131n \u00f6zg\u00fcn kalemi Necati G\u00fcng\u00f6r, duygu y\u00fckl\u00fc, g\u00fc\u00e7l\u00fc anlat\u0131m\u0131yla \u00e7ocuklara nitelikli edebiyat\u0131n kap\u0131lar\u0131n\u0131 a\u00e7\u0131yor.Kitapta yer alan yedi \u00f6yk\u00fc: Burada B\u00fclb\u00fcl A\u011flam\u0131\u015f, Anneme Bir Ev Alaca\u011f\u0131m, Eski Annem, Benim Annem Bir Tane, Bana Anne Deme!, Emanet Ku\u015f, Annemin G\u00f6zleri Hareli, Ben Annemin Dal\u0131y\u0131m, Ya\u011fmurda Eriyen Annem<\/p>\n","protected":false},"excerpt":{"rendered":"<p>B\u00fct\u00fcn anneler ve yavrular\u0131 i\u00e7in y\u00fcrekleri \u0131s\u0131tacak bir \u00f6yk\u00fc \u015f\u00f6leni!Y\u00fcreklerde derin iz b\u0131rakan, duyarl\u0131 \u00f6yk\u00fcleriyle tan\u0131nan usta yazar Necati G\u00fcng\u00f6r, bu \u00f6yk\u00fc kitab\u0131nda anne-\u00e7ocuk ili\u015fkisine odaklan\u0131yor.<span class=\"excerpt-hellip\"> [\u2026]<\/span><\/p>\n","protected":false},"featured_media":0,"template":"","meta":{"_monsterinsights_skip_tracking":false,"_monsterinsights_sitenote_active":false,"_monsterinsights_sitenote_note":"","_monsterinsights_sitenote_category":0},"product_brand":[],"product_cat":[12274,12284],"product_tag":[],"class_list":{"0":"post-697770","1":"product","2":"type-product","3":"status-publish","5":"product_cat-cocuk-ve-genclik-kitaplari","6":"product_cat-hikayeler","7":"pa_cilt-ciltsiz","8":"pa_tur-kitap","9":"pa_yayinevi-gunisigi-kitapligi","10":"pa_yazar-necati-gungor","12":"first","13":"instock","14":"sale","15":"shipping-taxable","16":"purchasable","17":"product-type-simple"},"_links":{"self":[{"href":"https:\/\/roveyayinevi.com.tr\/index.php\/wp-json\/wp\/v2\/product\/697770","targetHints":{"allow":["GET"]}}],"collection":[{"href":"https:\/\/roveyayinevi.com.tr\/index.php\/wp-json\/wp\/v2\/product"}],"about":[{"href":"https:\/\/roveyayinevi.com.tr\/index.php\/wp-json\/wp\/v2\/types\/product"}],"wp:attachment":[{"href":"https:\/\/roveyayinevi.com.tr\/index.php\/wp-json\/wp\/v2\/media?parent=697770"}],"wp:term":[{"taxonomy":"product_brand","embeddable":true,"href":"https:\/\/roveyayinevi.com.tr\/index.php\/wp-json\/wp\/v2\/product_brand?post=697770"},{"taxonomy":"product_cat","embeddable":true,"href":"https:\/\/roveyayinevi.com.tr\/index.php\/wp-json\/wp\/v2\/product_cat?post=697770"},{"taxonomy":"product_tag","embeddable":true,"href":"https:\/\/roveyayinevi.com.tr\/index.php\/wp-json\/wp\/v2\/product_tag?post=697770"}],"curies":[{"name":"wp","href":"https:\/\/api.w.org\/{rel}","templated":true}]}}