{"id":697763,"date":"2025-08-27T14:41:42","date_gmt":"2025-08-27T11:41:42","guid":{"rendered":"https:\/\/roveyayinevi.com.tr\/index.php\/urun\/gelecegi-gorme-ortakligi\/"},"modified":"2026-04-16T02:07:22","modified_gmt":"2026-04-15T23:07:22","slug":"gelecegi-gorme-ortakligi","status":"publish","type":"product","link":"https:\/\/roveyayinevi.com.tr\/index.php\/urun\/gelecegi-gorme-ortakligi\/","title":{"rendered":"Gelece\u011fi G\u00f6rme Ortakl\u0131\u011f\u0131"},"content":{"rendered":"<p>Ya\u015fam\u0131n \u015fa\u015f\u0131rtan ayr\u0131nt\u0131lar\u0131yla dolu \u00f6yk\u00fcler!6 Y\u0131l Tam Pansiyon ve Keskin Naneli \u00d6yk\u00fcler gibi sevilen gen\u00e7lik kitaplar\u0131n\u0131n yazar\u0131 Tolga G\u00fcm\u00fc\u015fay, bu kez \u00f6yk\u00fclerini \u00e7ocuklar i\u00e7in kaleme ald\u0131. Ger\u00e7ek ya\u015famdan ustaca g\u00f6zlemlenen ayr\u0131nt\u0131larla bezeli dokuz \u00f6yk\u00fc, yal\u0131n kurgular\u0131 ve beklenmedik sonlar\u0131yla okuru \u015fa\u015f\u0131rtan s\u00fcrprizler sunuyor. \u00c7izgi roman karelerinin yer ald\u0131\u011f\u0131 \u00f6yk\u00fc kapaklar\u0131yla \u00e7ocuklar\u0131n be\u011fenisini kazanacak bu ilgin\u00e7 kitap, ayn\u0131 zamanda onlar\u0131n okuma keyfi edinmelerine de katk\u0131da bulunacak nitelikte.Kitapta yer alan 9 \u00f6yk\u00fc: Tavuk G\u00f6\u011fs\u00fc, 3\u00fc 1 Arada, Bostan Seltiks, Dijital Kamera, Tiktak, Sihirli Kalemler, Gelece\u011fi G\u00f6rme Ortakl\u0131\u011f\u0131, Yatakhane Yoklamas\u0131, Madam\u2019\u0131n Vasiyeti.<\/p>\n","protected":false},"excerpt":{"rendered":"<p>Ya\u015fam\u0131n \u015fa\u015f\u0131rtan ayr\u0131nt\u0131lar\u0131yla dolu \u00f6yk\u00fcler!6 Y\u0131l Tam Pansiyon ve Keskin Naneli \u00d6yk\u00fcler gibi sevilen gen\u00e7lik kitaplar\u0131n\u0131n yazar\u0131 Tolga G\u00fcm\u00fc\u015fay, bu kez \u00f6yk\u00fclerini \u00e7ocuklar i\u00e7in kaleme ald\u0131.<span class=\"excerpt-hellip\"> [\u2026]<\/span><\/p>\n","protected":false},"featured_media":0,"template":"","meta":{"_monsterinsights_skip_tracking":false,"_monsterinsights_sitenote_active":false,"_monsterinsights_sitenote_note":"","_monsterinsights_sitenote_category":0},"product_brand":[],"product_cat":[12274,12284],"product_tag":[],"class_list":{"0":"post-697763","1":"product","2":"type-product","3":"status-publish","5":"product_cat-cocuk-ve-genclik-kitaplari","6":"product_cat-hikayeler","7":"pa_cilt-ciltsiz","8":"pa_tur-kitap","9":"pa_yayinevi-gunisigi-kitapligi","10":"pa_yazar-tolga-gumusay","12":"first","13":"instock","14":"sale","15":"shipping-taxable","16":"purchasable","17":"product-type-simple"},"_links":{"self":[{"href":"https:\/\/roveyayinevi.com.tr\/index.php\/wp-json\/wp\/v2\/product\/697763","targetHints":{"allow":["GET"]}}],"collection":[{"href":"https:\/\/roveyayinevi.com.tr\/index.php\/wp-json\/wp\/v2\/product"}],"about":[{"href":"https:\/\/roveyayinevi.com.tr\/index.php\/wp-json\/wp\/v2\/types\/product"}],"wp:attachment":[{"href":"https:\/\/roveyayinevi.com.tr\/index.php\/wp-json\/wp\/v2\/media?parent=697763"}],"wp:term":[{"taxonomy":"product_brand","embeddable":true,"href":"https:\/\/roveyayinevi.com.tr\/index.php\/wp-json\/wp\/v2\/product_brand?post=697763"},{"taxonomy":"product_cat","embeddable":true,"href":"https:\/\/roveyayinevi.com.tr\/index.php\/wp-json\/wp\/v2\/product_cat?post=697763"},{"taxonomy":"product_tag","embeddable":true,"href":"https:\/\/roveyayinevi.com.tr\/index.php\/wp-json\/wp\/v2\/product_tag?post=697763"}],"curies":[{"name":"wp","href":"https:\/\/api.w.org\/{rel}","templated":true}]}}