{"id":697762,"date":"2025-08-27T14:41:42","date_gmt":"2025-08-27T11:41:42","guid":{"rendered":"https:\/\/roveyayinevi.com.tr\/index.php\/urun\/dikkat-kirilacak-esya\/"},"modified":"2026-04-08T02:10:01","modified_gmt":"2026-04-07T23:10:01","slug":"dikkat-kirilacak-esya","status":"publish","type":"product","link":"https:\/\/roveyayinevi.com.tr\/index.php\/urun\/dikkat-kirilacak-esya\/","title":{"rendered":"Dikkat! K\u0131r\u0131lacak E\u015fya"},"content":{"rendered":"<p>\u00d6yk\u00fcler, gen\u00e7leri edebiyat\u0131n g\u00fcc\u00fcyle tan\u0131\u015ft\u0131r\u0131rken, ya\u015fam\u0131n farkl\u0131 y\u00fczleriyle de bulu\u015fturuyor!Edebiyat\u0131m\u0131z\u0131n zengin t\u00fcrlerinden biri olan \u00f6yk\u00fc alan\u0131ndaki \u00e7al\u0131\u015fmalar\u0131yla tan\u0131nan ele\u015ftirmen Semih G\u00fcm\u00fc\u015f&#8217;ten, gen\u00e7lerimizi edebiyat\u0131n ve ya\u015fam\u0131n farkl\u0131 y\u00fczleriyle tan\u0131\u015ft\u0131racak, onlara okuma keyfi a\u015f\u0131layacak iki kitapl\u0131k bir se\u00e7ki: Gen\u00e7lere \u00c7a\u011fda\u015f T\u00fcrk Edebiyat\u0131ndan \u00d6yk\u00fcler. Ergen okurun bir \u00e7\u0131rp\u0131da okuyaca\u011f\u0131 \u00f6yk\u00fclerle ba\u015flay\u0131p, i\u00e7selle\u015ftirebilece\u011fi daha karma\u015f\u0131k \u00f6yk\u00fclerle s\u00fcren se\u00e7ki; i\u00e7erik, h\u0131z ve gen\u00e7lerle bulu\u015fma niteli\u011fi a\u00e7\u0131lar\u0131ndan \u00f6zel bir s\u0131ralamayla pe\u015f pe\u015fe dizilmi\u015f \u00f6yk\u00fclerden olu\u015fuyor.20 yazar\u0131n 20 \u00f6yk\u00fcs\u00fcn\u00fc derleyen birinci cilt, bu alanda yap\u0131lm\u0131\u015f \u00f6nceki uygulamalar\u0131n tersine, \u00f6nceli\u011fi \u00e7a\u011fda\u015f T\u00fcrk \u00f6yk\u00fcc\u00fcl\u00fc\u011f\u00fcn\u00fcn son d\u00f6nemini yans\u0131tan yazarlara veriyor. Se\u00e7kinin ikinci cildi Ay&#8217;\u0131 Boyamak&#8217;taysa, Memduh \u015eevket Esendal&#8217;dan ba\u015flayarak \u00fcsluplar\u0131yla ve kalemlerinin g\u00fcc\u00fcyle T\u00fcrk edebiyat\u0131n\u0131n bug\u00fcn\u00fcn\u00fc haz\u0131rlayan 20 usta 20 \u00f6yk\u00fcs\u00fcyle yer al\u0131yor.<\/p>\n","protected":false},"excerpt":{"rendered":"<p>\u00d6yk\u00fcler, gen\u00e7leri edebiyat\u0131n g\u00fcc\u00fcyle tan\u0131\u015ft\u0131r\u0131rken, ya\u015fam\u0131n farkl\u0131 y\u00fczleriyle de bulu\u015fturuyor!Edebiyat\u0131m\u0131z\u0131n zengin t\u00fcrlerinden biri olan \u00f6yk\u00fc alan\u0131ndaki \u00e7al\u0131\u015fmalar\u0131yla tan\u0131nan ele\u015ftirmen Semih G\u00fcm\u00fc\u015f&#8217;ten, gen\u00e7lerimizi edebiyat\u0131n ve ya\u015fam\u0131n farkl\u0131<span class=\"excerpt-hellip\"> [\u2026]<\/span><\/p>\n","protected":false},"featured_media":0,"template":"","meta":{"_monsterinsights_skip_tracking":false,"_monsterinsights_sitenote_active":false,"_monsterinsights_sitenote_note":"","_monsterinsights_sitenote_category":0},"product_brand":[],"product_cat":[12291,12711],"product_tag":[],"class_list":{"0":"post-697762","1":"product","2":"type-product","3":"status-publish","5":"product_cat-edebiyat","6":"product_cat-roman-oyku","7":"pa_cilt-ciltsiz","8":"pa_tur-kitap","9":"pa_yayinevi-gunisigi-kitapligi","10":"pa_yazar-semih-gumus","12":"first","13":"instock","14":"sale","15":"shipping-taxable","16":"purchasable","17":"product-type-simple"},"_links":{"self":[{"href":"https:\/\/roveyayinevi.com.tr\/index.php\/wp-json\/wp\/v2\/product\/697762","targetHints":{"allow":["GET"]}}],"collection":[{"href":"https:\/\/roveyayinevi.com.tr\/index.php\/wp-json\/wp\/v2\/product"}],"about":[{"href":"https:\/\/roveyayinevi.com.tr\/index.php\/wp-json\/wp\/v2\/types\/product"}],"wp:attachment":[{"href":"https:\/\/roveyayinevi.com.tr\/index.php\/wp-json\/wp\/v2\/media?parent=697762"}],"wp:term":[{"taxonomy":"product_brand","embeddable":true,"href":"https:\/\/roveyayinevi.com.tr\/index.php\/wp-json\/wp\/v2\/product_brand?post=697762"},{"taxonomy":"product_cat","embeddable":true,"href":"https:\/\/roveyayinevi.com.tr\/index.php\/wp-json\/wp\/v2\/product_cat?post=697762"},{"taxonomy":"product_tag","embeddable":true,"href":"https:\/\/roveyayinevi.com.tr\/index.php\/wp-json\/wp\/v2\/product_tag?post=697762"}],"curies":[{"name":"wp","href":"https:\/\/api.w.org\/{rel}","templated":true}]}}