{"id":697760,"date":"2025-08-27T14:41:41","date_gmt":"2025-08-27T11:41:41","guid":{"rendered":"https:\/\/roveyayinevi.com.tr\/index.php\/urun\/konrad-ya-da-konserve-kutusundan-cikan-cocuk\/"},"modified":"2026-04-16T02:07:21","modified_gmt":"2026-04-15T23:07:21","slug":"konrad-ya-da-konserve-kutusundan-cikan-cocuk","status":"publish","type":"product","link":"https:\/\/roveyayinevi.com.tr\/index.php\/urun\/konrad-ya-da-konserve-kutusundan-cikan-cocuk\/","title":{"rendered":"Konrad ya da Konserve Kutusundan \u00c7\u0131kan \u00c7ocuk"},"content":{"rendered":"<p>Bir g\u00fcn Bayan Bartolotti\u2019ye postayla gelen paketten bir konserve kutusu, onun i\u00e7inden de bir \u00e7ocuk \u00e7\u0131kar. Son derece ak\u0131ll\u0131, \u00e7ok terbiyeli, iyi e\u011fitim alm\u0131\u015f, yedi ya\u015f\u0131ndaki bu ideal erkek \u00e7ocu\u011fun ad\u0131 Konrad\u2019d\u0131r. Tek ba\u015f\u0131na ya\u015fayan ve hi\u00e7 de tertipli biri say\u0131lmayan Bayan Bartolotti, adresine yanl\u0131\u015fl\u0131kla geldi\u011fi sonradan anla\u015f\u0131lan bu a\u015f\u0131r\u0131 d\u00fczg\u00fcn \u00e7ocu\u011fu pek sever. Ancak, g\u00fcn\u00fcn birinde g\u00f6k mavisi giysili adamlar yanl\u0131\u015fl\u0131kla g\u00f6nderilen paketi geri almaya gelirler\u2026 <\/p>\n","protected":false},"excerpt":{"rendered":"<p>Bir g\u00fcn Bayan Bartolotti\u2019ye postayla gelen paketten bir konserve kutusu, onun i\u00e7inden de bir \u00e7ocuk \u00e7\u0131kar. Son derece ak\u0131ll\u0131, \u00e7ok terbiyeli, iyi e\u011fitim alm\u0131\u015f, yedi ya\u015f\u0131ndaki<span class=\"excerpt-hellip\"> [\u2026]<\/span><\/p>\n","protected":false},"featured_media":0,"template":"","meta":{"_monsterinsights_skip_tracking":false,"_monsterinsights_sitenote_active":false,"_monsterinsights_sitenote_note":"","_monsterinsights_sitenote_category":0},"product_brand":[],"product_cat":[12275,12274],"product_tag":[],"class_list":{"0":"post-697760","1":"product","2":"type-product","3":"status-publish","5":"product_cat-6-12-yas-kitaplari","6":"product_cat-cocuk-ve-genclik-kitaplari","7":"pa_cilt-ciltsiz","8":"pa_tur-kitap","9":"pa_yayinevi-gunisigi-kitapligi","10":"pa_yazar-christine-nostlinger","12":"first","13":"instock","14":"sale","15":"shipping-taxable","16":"purchasable","17":"product-type-simple"},"_links":{"self":[{"href":"https:\/\/roveyayinevi.com.tr\/index.php\/wp-json\/wp\/v2\/product\/697760","targetHints":{"allow":["GET"]}}],"collection":[{"href":"https:\/\/roveyayinevi.com.tr\/index.php\/wp-json\/wp\/v2\/product"}],"about":[{"href":"https:\/\/roveyayinevi.com.tr\/index.php\/wp-json\/wp\/v2\/types\/product"}],"wp:attachment":[{"href":"https:\/\/roveyayinevi.com.tr\/index.php\/wp-json\/wp\/v2\/media?parent=697760"}],"wp:term":[{"taxonomy":"product_brand","embeddable":true,"href":"https:\/\/roveyayinevi.com.tr\/index.php\/wp-json\/wp\/v2\/product_brand?post=697760"},{"taxonomy":"product_cat","embeddable":true,"href":"https:\/\/roveyayinevi.com.tr\/index.php\/wp-json\/wp\/v2\/product_cat?post=697760"},{"taxonomy":"product_tag","embeddable":true,"href":"https:\/\/roveyayinevi.com.tr\/index.php\/wp-json\/wp\/v2\/product_tag?post=697760"}],"curies":[{"name":"wp","href":"https:\/\/api.w.org\/{rel}","templated":true}]}}