{"id":697758,"date":"2025-08-27T14:41:40","date_gmt":"2025-08-27T11:41:40","guid":{"rendered":"https:\/\/roveyayinevi.com.tr\/index.php\/urun\/satilan-gulus\/"},"modified":"2026-04-16T02:07:21","modified_gmt":"2026-04-15T23:07:21","slug":"satilan-gulus","status":"publish","type":"product","link":"https:\/\/roveyayinevi.com.tr\/index.php\/urun\/satilan-gulus\/","title":{"rendered":"Sat\u0131lan G\u00fcl\u00fc\u015f"},"content":{"rendered":"<p>Ger\u00e7e\u011fi hayk\u0131ran bir ba\u015fyap\u0131t: G\u00fclmek \u00f6zg\u00fcrl\u00fckt\u00fcr!\u015eair, yazar James Kr\u00fcss\u2019\u00fcn klasikle\u015fen \u00fcnl\u00fc roman\u0131, her \u015feyin al\u0131n\u0131p sat\u0131ld\u0131\u011f\u0131 bir d\u00fcnyada insani de\u011ferlerin \u00f6nemini tart\u0131\u015f\u0131yor. K\u0131sa \u00f6yk\u00fcleri ve \u015fiirleriyle de tan\u0131nan Kr\u00fcss, okurunu farkl\u0131 co\u011frafyalarda heyecanl\u0131 bir maceraya s\u00fcr\u00fcklerken, arka planda g\u00fcn\u00fcm\u00fcz toplumuna ve kapitalizme y\u00f6nelik k\u00f6kl\u00fc ele\u015ftirilerde bulunuyor. \u0130kinci D\u00fcnya Sava\u015f\u0131 sonras\u0131nda Avrupa\u2019da ya\u015fananlar\u0131 roman\u0131na \u00e7arp\u0131c\u0131 betimlemeler ve diyaloglara ustal\u0131kla serpi\u015ftiren Kr\u00fcss, \u015eeytan\u2019la anla\u015fma yapan insan\u0131n \u00e7\u0131kmaz\u0131n\u0131 ger\u00e7ek\u00e7i sembollerle g\u00f6zler \u00f6n\u00fcne seriyor. Maddi de\u011ferlere kar\u015f\u0131 insani de\u011ferleri, zorluklara kar\u015f\u0131 dostlu\u011fu ve dayan\u0131\u015fmay\u0131 y\u00fccelten kitap, heyecanl\u0131 anlat\u0131m\u0131 ve \u00e7arp\u0131c\u0131 kurgusuyla yediden yetmi\u015fe her ya\u015ftan okuru cezbedecek nitelikte.Timm, sevimsiz anal\u0131\u011f\u0131 ve \u00fcvey karde\u015fiyle ya\u015fad\u0131\u011f\u0131 yoksul evde mutsuzdur. Pazarlar\u0131 solu\u011fu, \u00f6len babas\u0131yla s\u0131k s\u0131k gitti\u011fi hipodromda almaktad\u0131r. Bir g\u00fcn, orada tan\u0131\u015ft\u0131\u011f\u0131 Baron Silbi ona tuhaf bir anla\u015fma \u00f6nerir: Timm g\u00fcl\u00fc\u015f\u00fcn\u00fc Baron\u2019a satarsa, her bahsi kazanma yetene\u011fine sahip olacakt\u0131r. Delikanl\u0131, hayat\u0131n\u0131 de\u011fi\u015ftirme umuduyla bu teklifi fazla d\u00fc\u015f\u00fcnmeden kabul eder. Ancak umdu\u011fu gibi olmaz, ser\u00fcven h\u0131zland\u0131k\u00e7a Timm kendini amans\u0131z bir m\u00fccadelenin i\u00e7inde bulur\u2026<\/p>\n","protected":false},"excerpt":{"rendered":"<p>Ger\u00e7e\u011fi hayk\u0131ran bir ba\u015fyap\u0131t: G\u00fclmek \u00f6zg\u00fcrl\u00fckt\u00fcr!\u015eair, yazar James Kr\u00fcss\u2019\u00fcn klasikle\u015fen \u00fcnl\u00fc roman\u0131, her \u015feyin al\u0131n\u0131p sat\u0131ld\u0131\u011f\u0131 bir d\u00fcnyada insani de\u011ferlerin \u00f6nemini tart\u0131\u015f\u0131yor. K\u0131sa \u00f6yk\u00fcleri ve \u015fiirleriyle<span class=\"excerpt-hellip\"> [\u2026]<\/span><\/p>\n","protected":false},"featured_media":0,"template":"","meta":{"_monsterinsights_skip_tracking":false,"_monsterinsights_sitenote_active":false,"_monsterinsights_sitenote_note":"","_monsterinsights_sitenote_category":0},"product_brand":[],"product_cat":[12782,12291],"product_tag":[],"class_list":{"0":"post-697758","1":"product","2":"type-product","3":"status-publish","5":"product_cat-alman-edebiyati","6":"product_cat-edebiyat","7":"pa_cilt-ciltsiz","8":"pa_tur-kitap","9":"pa_yayinevi-gunisigi-kitapligi","10":"pa_yazar-james-kruss","12":"first","13":"instock","14":"sale","15":"shipping-taxable","16":"purchasable","17":"product-type-simple"},"_links":{"self":[{"href":"https:\/\/roveyayinevi.com.tr\/index.php\/wp-json\/wp\/v2\/product\/697758","targetHints":{"allow":["GET"]}}],"collection":[{"href":"https:\/\/roveyayinevi.com.tr\/index.php\/wp-json\/wp\/v2\/product"}],"about":[{"href":"https:\/\/roveyayinevi.com.tr\/index.php\/wp-json\/wp\/v2\/types\/product"}],"wp:attachment":[{"href":"https:\/\/roveyayinevi.com.tr\/index.php\/wp-json\/wp\/v2\/media?parent=697758"}],"wp:term":[{"taxonomy":"product_brand","embeddable":true,"href":"https:\/\/roveyayinevi.com.tr\/index.php\/wp-json\/wp\/v2\/product_brand?post=697758"},{"taxonomy":"product_cat","embeddable":true,"href":"https:\/\/roveyayinevi.com.tr\/index.php\/wp-json\/wp\/v2\/product_cat?post=697758"},{"taxonomy":"product_tag","embeddable":true,"href":"https:\/\/roveyayinevi.com.tr\/index.php\/wp-json\/wp\/v2\/product_tag?post=697758"}],"curies":[{"name":"wp","href":"https:\/\/api.w.org\/{rel}","templated":true}]}}