{"id":697755,"date":"2025-08-27T14:41:40","date_gmt":"2025-08-27T11:41:40","guid":{"rendered":"https:\/\/roveyayinevi.com.tr\/index.php\/urun\/golgede-ve-guneste-futbol\/"},"modified":"2026-04-16T02:07:21","modified_gmt":"2026-04-15T23:07:21","slug":"golgede-ve-guneste-futbol","status":"publish","type":"product","link":"https:\/\/roveyayinevi.com.tr\/index.php\/urun\/golgede-ve-guneste-futbol\/","title":{"rendered":"G\u00f6lgede ve G\u00fcne\u015fte Futbol"},"content":{"rendered":"<p>\u2018\u015eampiyonan\u0131n bir ba\u015fka s\u00fcrprizi de T\u00fcrkiye&#8217;ydi. Hi\u00e7 kimse bu \u00fclkenin \u00f6nemli bir ba\u015far\u0131 elde edece\u011fine inanm\u0131yordu. T\u00fcrkiye, d\u00fcnya kupalar\u0131ndan elli y\u0131ld\u0131r uzakt\u0131. Brezilya&#8217;ya kar\u015f\u0131 oynad\u0131\u011f\u0131 ilk ma\u00e7ta hakemin karar\u0131yla g\u00f6z g\u00f6re g\u00f6re haks\u0131zl\u0131\u011fa u\u011frad\u0131; ama yoluna devam etti ve sonunda \u00fc\u00e7\u00fcnc\u00fc oldu. Enerjik ve kaliteli futboluyla kendisini k\u00fc\u00e7\u00fck g\u00f6ren uzmanlar\u0131n a\u011fz\u0131n\u0131 a\u00e7\u0131k b\u0131rakt\u0131. \ufffcTan\u0131t\u0131m Metni<\/p>\n","protected":false},"excerpt":{"rendered":"<p>\u2018\u015eampiyonan\u0131n bir ba\u015fka s\u00fcrprizi de T\u00fcrkiye&#8217;ydi. Hi\u00e7 kimse bu \u00fclkenin \u00f6nemli bir ba\u015far\u0131 elde edece\u011fine inanm\u0131yordu. T\u00fcrkiye, d\u00fcnya kupalar\u0131ndan elli y\u0131ld\u0131r uzakt\u0131. Brezilya&#8217;ya kar\u015f\u0131 oynad\u0131\u011f\u0131 ilk<span class=\"excerpt-hellip\"> [\u2026]<\/span><\/p>\n","protected":false},"featured_media":0,"template":"","meta":{"_monsterinsights_skip_tracking":false,"_monsterinsights_sitenote_active":false,"_monsterinsights_sitenote_note":"","_monsterinsights_sitenote_category":0},"product_brand":[],"product_cat":[15563,15564],"product_tag":[],"class_list":{"0":"post-697755","1":"product","2":"type-product","3":"status-publish","5":"product_cat-hobi","6":"product_cat-spor","7":"pa_cilt-ciltsiz","8":"pa_tur-kitap","9":"pa_yayinevi-can-yayinlari","10":"pa_yazar-eduardo-galeano","12":"first","13":"instock","14":"sale","15":"shipping-taxable","16":"purchasable","17":"product-type-simple"},"_links":{"self":[{"href":"https:\/\/roveyayinevi.com.tr\/index.php\/wp-json\/wp\/v2\/product\/697755","targetHints":{"allow":["GET"]}}],"collection":[{"href":"https:\/\/roveyayinevi.com.tr\/index.php\/wp-json\/wp\/v2\/product"}],"about":[{"href":"https:\/\/roveyayinevi.com.tr\/index.php\/wp-json\/wp\/v2\/types\/product"}],"wp:attachment":[{"href":"https:\/\/roveyayinevi.com.tr\/index.php\/wp-json\/wp\/v2\/media?parent=697755"}],"wp:term":[{"taxonomy":"product_brand","embeddable":true,"href":"https:\/\/roveyayinevi.com.tr\/index.php\/wp-json\/wp\/v2\/product_brand?post=697755"},{"taxonomy":"product_cat","embeddable":true,"href":"https:\/\/roveyayinevi.com.tr\/index.php\/wp-json\/wp\/v2\/product_cat?post=697755"},{"taxonomy":"product_tag","embeddable":true,"href":"https:\/\/roveyayinevi.com.tr\/index.php\/wp-json\/wp\/v2\/product_tag?post=697755"}],"curies":[{"name":"wp","href":"https:\/\/api.w.org\/{rel}","templated":true}]}}