{"id":697746,"date":"2025-08-27T14:41:37","date_gmt":"2025-08-27T11:41:37","guid":{"rendered":"https:\/\/roveyayinevi.com.tr\/index.php\/urun\/savas-sanati-2\/"},"modified":"2026-04-16T02:07:21","modified_gmt":"2026-04-15T23:07:21","slug":"savas-sanati-2","status":"publish","type":"product","link":"https:\/\/roveyayinevi.com.tr\/index.php\/urun\/savas-sanati-2\/","title":{"rendered":"Sava\u015f Sanat\u0131"},"content":{"rendered":"<p>Yaz\u0131lmas\u0131n\u0131n \u00fczerinden iki bin y\u0131l\u0131 a\u015fk\u0131n bir zaman ge\u00e7mi\u015f olmas\u0131na ra\u011fmen; beceri, disiplin, hile ve do\u011fru taktikler ile rakibini alt etmenin kadim yollar\u0131n\u0131 \u00f6\u011freten bu \u00f6l\u00fcms\u00fcz klasik, sava\u015f alan\u0131ndaki askerler kadar y\u00f6netim kurulundaki y\u00f6neticilerin de ba\u015fucu kitab\u0131 olmaya devam ediyor. <\/p>\n","protected":false},"excerpt":{"rendered":"<p>Yaz\u0131lmas\u0131n\u0131n \u00fczerinden iki bin y\u0131l\u0131 a\u015fk\u0131n bir zaman ge\u00e7mi\u015f olmas\u0131na ra\u011fmen; beceri, disiplin, hile ve do\u011fru taktikler ile rakibini alt etmenin kadim yollar\u0131n\u0131 \u00f6\u011freten bu \u00f6l\u00fcms\u00fcz<span class=\"excerpt-hellip\"> [\u2026]<\/span><\/p>\n","protected":false},"featured_media":0,"template":"","meta":{"_monsterinsights_skip_tracking":false,"_monsterinsights_sitenote_active":false,"_monsterinsights_sitenote_note":"","_monsterinsights_sitenote_category":0},"product_brand":[],"product_cat":[12777,12291],"product_tag":[],"class_list":{"0":"post-697746","1":"product","2":"type-product","3":"status-publish","5":"product_cat-deneme","6":"product_cat-edebiyat","7":"pa_tur-kitap","8":"pa_yayinevi-kafka-yayinevi","9":"pa_yazar-sun-zi","11":"first","12":"instock","13":"sale","14":"shipping-taxable","15":"purchasable","16":"product-type-simple"},"_links":{"self":[{"href":"https:\/\/roveyayinevi.com.tr\/index.php\/wp-json\/wp\/v2\/product\/697746","targetHints":{"allow":["GET"]}}],"collection":[{"href":"https:\/\/roveyayinevi.com.tr\/index.php\/wp-json\/wp\/v2\/product"}],"about":[{"href":"https:\/\/roveyayinevi.com.tr\/index.php\/wp-json\/wp\/v2\/types\/product"}],"wp:attachment":[{"href":"https:\/\/roveyayinevi.com.tr\/index.php\/wp-json\/wp\/v2\/media?parent=697746"}],"wp:term":[{"taxonomy":"product_brand","embeddable":true,"href":"https:\/\/roveyayinevi.com.tr\/index.php\/wp-json\/wp\/v2\/product_brand?post=697746"},{"taxonomy":"product_cat","embeddable":true,"href":"https:\/\/roveyayinevi.com.tr\/index.php\/wp-json\/wp\/v2\/product_cat?post=697746"},{"taxonomy":"product_tag","embeddable":true,"href":"https:\/\/roveyayinevi.com.tr\/index.php\/wp-json\/wp\/v2\/product_tag?post=697746"}],"curies":[{"name":"wp","href":"https:\/\/api.w.org\/{rel}","templated":true}]}}