{"id":697745,"date":"2025-08-27T14:41:37","date_gmt":"2025-08-27T11:41:37","guid":{"rendered":"https:\/\/roveyayinevi.com.tr\/index.php\/urun\/turklerin-islamlasma-seruveni\/"},"modified":"2026-04-16T02:07:21","modified_gmt":"2026-04-15T23:07:21","slug":"turklerin-islamlasma-seruveni","status":"publish","type":"product","link":"https:\/\/roveyayinevi.com.tr\/index.php\/urun\/turklerin-islamlasma-seruveni\/","title":{"rendered":"T\u00fcrklerin \u0130slamla\u015fma Ser\u00fcveni"},"content":{"rendered":"<p>T\u00fcrklerin daha D\u00f6rt Halife ve Emev\u00eeler d\u00f6neminde ba\u015flayan \u0130slamiyet ser\u00fcveni, Abbasilerle birlikte h\u0131zl\u0131 bir geli\u015fim s\u00fcrecine girmi\u015ftir. T\u00fcrklerin \u0130slamiyet&#8217;i kabulleri tarihin, g\u00fcn\u00fcm\u00fcze kadarki seyri i\u00e7inde yer alan en \u00f6nemli olaylardan biridir. B\u00f6ylece Orta Asya&#8217;dan, Do\u011fu Avrupa&#8217;ya, Ortado\u011fu&#8217;ya ve nihayetinde Anadolu&#8217;ya uzanan T\u00fcrk tarihinin seyri bamba\u015fka bir gidi\u015fat kazanacakt\u0131r. Tarihe y\u00f6n veren bu uzun hakimiyet zincirinin, \u0130slamiyet&#8217;e ge\u00e7i\u015f s\u00fcrecinde ba\u011flant\u0131y\u0131 sa\u011flayan halkas\u0131 ise S\u00e2m\u00e2n\u00eeler Devleti&#8217;dir. <\/p>\n","protected":false},"excerpt":{"rendered":"<p>T\u00fcrklerin daha D\u00f6rt Halife ve Emev\u00eeler d\u00f6neminde ba\u015flayan \u0130slamiyet ser\u00fcveni, Abbasilerle birlikte h\u0131zl\u0131 bir geli\u015fim s\u00fcrecine girmi\u015ftir. T\u00fcrklerin \u0130slamiyet&#8217;i kabulleri tarihin, g\u00fcn\u00fcm\u00fcze kadarki seyri i\u00e7inde yer<span class=\"excerpt-hellip\"> [\u2026]<\/span><\/p>\n","protected":false},"featured_media":0,"template":"","meta":{"_monsterinsights_skip_tracking":false,"_monsterinsights_sitenote_active":false,"_monsterinsights_sitenote_note":"","_monsterinsights_sitenote_category":0},"product_brand":[],"product_cat":[12312,12304],"product_tag":[],"class_list":{"0":"post-697745","1":"product","2":"type-product","3":"status-publish","5":"product_cat-diger","6":"product_cat-tarih","7":"pa_tur-kitap","8":"pa_yayinevi-yeditepe-yayinevi","9":"pa_yazar-aydin-usta","11":"first","12":"instock","13":"sale","14":"shipping-taxable","15":"purchasable","16":"product-type-simple"},"_links":{"self":[{"href":"https:\/\/roveyayinevi.com.tr\/index.php\/wp-json\/wp\/v2\/product\/697745","targetHints":{"allow":["GET"]}}],"collection":[{"href":"https:\/\/roveyayinevi.com.tr\/index.php\/wp-json\/wp\/v2\/product"}],"about":[{"href":"https:\/\/roveyayinevi.com.tr\/index.php\/wp-json\/wp\/v2\/types\/product"}],"wp:attachment":[{"href":"https:\/\/roveyayinevi.com.tr\/index.php\/wp-json\/wp\/v2\/media?parent=697745"}],"wp:term":[{"taxonomy":"product_brand","embeddable":true,"href":"https:\/\/roveyayinevi.com.tr\/index.php\/wp-json\/wp\/v2\/product_brand?post=697745"},{"taxonomy":"product_cat","embeddable":true,"href":"https:\/\/roveyayinevi.com.tr\/index.php\/wp-json\/wp\/v2\/product_cat?post=697745"},{"taxonomy":"product_tag","embeddable":true,"href":"https:\/\/roveyayinevi.com.tr\/index.php\/wp-json\/wp\/v2\/product_tag?post=697745"}],"curies":[{"name":"wp","href":"https:\/\/api.w.org\/{rel}","templated":true}]}}