{"id":697744,"date":"2025-08-27T14:41:36","date_gmt":"2025-08-27T11:41:36","guid":{"rendered":"https:\/\/roveyayinevi.com.tr\/index.php\/urun\/labirent-1-olumcul-kacis\/"},"modified":"2026-02-23T10:48:10","modified_gmt":"2026-02-23T07:48:10","slug":"labirent-1-olumcul-kacis","status":"publish","type":"product","link":"https:\/\/roveyayinevi.com.tr\/index.php\/urun\/labirent-1-olumcul-kacis\/","title":{"rendered":"Labirent 1: \u00d6l\u00fcmc\u00fcl Ka\u00e7\u0131\u015f"},"content":{"rendered":"<p>Thomas bir asans\u00f6r uyand\u0131\u011f\u0131nda hat\u0131rlayabildi\u011fi tek \u015fey ismidir. Ailesini, evini veya oraya nas\u0131l geldi\u011fini an\u0131msamaktad\u0131r. Zihni bombo\u015ftur. Asans\u00f6r\u00fcn kap\u0131lar\u0131 a\u00e7\u0131ld\u0131\u011f\u0131nda Thomas kendini Kayran isimli devasa ta\u015f duvarlarla \u00e7evrili geni\u015f bir alanda ve burada ya\u015fayan \u00e7ocuklar\u0131n aras\u0131nda bulur. T\u0131pk\u0131 Thomas gibi kayranl\u0131klarda oraya neden ve nas\u0131l geldiklerini bilmemektedir. Tek bildikleri \u00e7evrelerini saran labirente \u00e7\u0131kan ta\u015f kal\u0131plar\u0131n her sabah a\u00e7\u0131l\u0131p her ak\u015fam kapand\u0131\u011f\u0131 ve her otuz g\u00fcnde bulabilece\u011fini s\u00f6ylemektedir. Ama bunun i\u00e7in zihninin derinlerinde yatan s\u0131rlar\u0131 a\u00e7\u0131\u011fa \u00e7\u0131kararak labirentin gizemini \u00e7\u00f6zmesi gerekecektir. <\/p>\n","protected":false},"excerpt":{"rendered":"<p>Thomas bir asans\u00f6r uyand\u0131\u011f\u0131nda hat\u0131rlayabildi\u011fi tek \u015fey ismidir. Ailesini, evini veya oraya nas\u0131l geldi\u011fini an\u0131msamaktad\u0131r. Zihni bombo\u015ftur. Asans\u00f6r\u00fcn kap\u0131lar\u0131 a\u00e7\u0131ld\u0131\u011f\u0131nda Thomas kendini Kayran isimli devasa ta\u015f<span class=\"excerpt-hellip\"> [\u2026]<\/span><\/p>\n","protected":false},"featured_media":0,"template":"","meta":{"_monsterinsights_skip_tracking":false,"_monsterinsights_sitenote_active":false,"_monsterinsights_sitenote_note":"","_monsterinsights_sitenote_category":0},"product_brand":[],"product_cat":[12891,12291],"product_tag":[],"class_list":{"0":"post-697744","1":"product","2":"type-product","3":"status-publish","5":"product_cat-amerikan-edebiyati","6":"product_cat-edebiyat","7":"pa_tur-kitap","8":"pa_yayinevi-pegasus-yayinlari","9":"pa_yazar-james-dashner","11":"first","12":"instock","13":"sale","14":"shipping-taxable","15":"purchasable","16":"product-type-simple"},"_links":{"self":[{"href":"https:\/\/roveyayinevi.com.tr\/index.php\/wp-json\/wp\/v2\/product\/697744","targetHints":{"allow":["GET"]}}],"collection":[{"href":"https:\/\/roveyayinevi.com.tr\/index.php\/wp-json\/wp\/v2\/product"}],"about":[{"href":"https:\/\/roveyayinevi.com.tr\/index.php\/wp-json\/wp\/v2\/types\/product"}],"wp:attachment":[{"href":"https:\/\/roveyayinevi.com.tr\/index.php\/wp-json\/wp\/v2\/media?parent=697744"}],"wp:term":[{"taxonomy":"product_brand","embeddable":true,"href":"https:\/\/roveyayinevi.com.tr\/index.php\/wp-json\/wp\/v2\/product_brand?post=697744"},{"taxonomy":"product_cat","embeddable":true,"href":"https:\/\/roveyayinevi.com.tr\/index.php\/wp-json\/wp\/v2\/product_cat?post=697744"},{"taxonomy":"product_tag","embeddable":true,"href":"https:\/\/roveyayinevi.com.tr\/index.php\/wp-json\/wp\/v2\/product_tag?post=697744"}],"curies":[{"name":"wp","href":"https:\/\/api.w.org\/{rel}","templated":true}]}}