{"id":697743,"date":"2025-08-27T14:41:36","date_gmt":"2025-08-27T11:41:36","guid":{"rendered":"https:\/\/roveyayinevi.com.tr\/index.php\/urun\/ayrilma\/"},"modified":"2026-04-16T02:07:21","modified_gmt":"2026-04-15T23:07:21","slug":"ayrilma","status":"publish","type":"product","link":"https:\/\/roveyayinevi.com.tr\/index.php\/urun\/ayrilma\/","title":{"rendered":"Ayr\u0131lma"},"content":{"rendered":"<p>Ba\u011flanma ve Kaybetme \u00fc\u00e7lemesinin ikinci cildi olan Ayr\u0131lma, ayr\u0131l\u0131k ya\u015fant\u0131s\u0131 ve ona e\u015flik eden kayg\u0131 duygusunu, ebeveynlerin \u00e7ocu\u011fu terk etmekle tehdit etmesinin yaratt\u0131\u011f\u0131 korkuyu ve ebeveyn-\u00e7ocuk ili\u015fkisini tersine \u00e7eviren durumlar\u0131 ele almas\u0131 bak\u0131m\u0131ndan alan\u0131ndaki temel eserlerden biridir. Bowlby bu ciltte korkuya yol a\u00e7an durumlar\u0131 tekrar inceler ve bunlar\u0131 hayvanlar\u0131n g\u00f6zlemlenmesinden elde edilen bulgularla kar\u015f\u0131la\u015ft\u0131r\u0131r. Korkunun, ani hareket, karanl\u0131k ve ayr\u0131l\u0131k gibi belli ba\u015fl\u0131 durumlarda ortaya \u00e7\u0131kt\u0131\u011f\u0131 sonucuna var\u0131r ve asl\u0131nda zarars\u0131z say\u0131labilecek bu durumlar\u0131n tehlike riskinin artt\u0131\u011f\u0131na i\u015faret etti\u011fini s\u00f6yler.Bowlby\u2019nin eseri psikanalitik teoriye katk\u0131s\u0131 ve bu alanda bir eksik olarak nitelendirilebilecek biyolojik perspektifi kullanmas\u0131 bak\u0131m\u0131ndan literat\u00fcrde \u00f6nemli bir yer tutar. <\/p>\n","protected":false},"excerpt":{"rendered":"<p>Ba\u011flanma ve Kaybetme \u00fc\u00e7lemesinin ikinci cildi olan Ayr\u0131lma, ayr\u0131l\u0131k ya\u015fant\u0131s\u0131 ve ona e\u015flik eden kayg\u0131 duygusunu, ebeveynlerin \u00e7ocu\u011fu terk etmekle tehdit etmesinin yaratt\u0131\u011f\u0131 korkuyu ve ebeveyn-\u00e7ocuk<span class=\"excerpt-hellip\"> [\u2026]<\/span><\/p>\n","protected":false},"featured_media":0,"template":"","meta":{"_monsterinsights_skip_tracking":false,"_monsterinsights_sitenote_active":false,"_monsterinsights_sitenote_note":"","_monsterinsights_sitenote_category":0},"product_brand":[],"product_cat":[12755,12357],"product_tag":[],"class_list":{"0":"post-697743","1":"product","2":"type-product","3":"status-publish","5":"product_cat-gelisim-psikolojisi","6":"product_cat-psikoloji","7":"pa_cilt-ciltsiz","8":"pa_tur-kitap","9":"pa_yayinevi-pinhan-yayincilik","10":"pa_yazar-john-bowlby","12":"first","13":"instock","14":"sale","15":"shipping-taxable","16":"purchasable","17":"product-type-simple"},"_links":{"self":[{"href":"https:\/\/roveyayinevi.com.tr\/index.php\/wp-json\/wp\/v2\/product\/697743","targetHints":{"allow":["GET"]}}],"collection":[{"href":"https:\/\/roveyayinevi.com.tr\/index.php\/wp-json\/wp\/v2\/product"}],"about":[{"href":"https:\/\/roveyayinevi.com.tr\/index.php\/wp-json\/wp\/v2\/types\/product"}],"wp:attachment":[{"href":"https:\/\/roveyayinevi.com.tr\/index.php\/wp-json\/wp\/v2\/media?parent=697743"}],"wp:term":[{"taxonomy":"product_brand","embeddable":true,"href":"https:\/\/roveyayinevi.com.tr\/index.php\/wp-json\/wp\/v2\/product_brand?post=697743"},{"taxonomy":"product_cat","embeddable":true,"href":"https:\/\/roveyayinevi.com.tr\/index.php\/wp-json\/wp\/v2\/product_cat?post=697743"},{"taxonomy":"product_tag","embeddable":true,"href":"https:\/\/roveyayinevi.com.tr\/index.php\/wp-json\/wp\/v2\/product_tag?post=697743"}],"curies":[{"name":"wp","href":"https:\/\/api.w.org\/{rel}","templated":true}]}}