{"id":697742,"date":"2025-08-27T14:41:36","date_gmt":"2025-08-27T11:41:36","guid":{"rendered":"https:\/\/roveyayinevi.com.tr\/index.php\/urun\/muhabbet-peygamberi-hz-muhammed-sav\/"},"modified":"2026-04-16T02:07:21","modified_gmt":"2026-04-15T23:07:21","slug":"muhabbet-peygamberi-hz-muhammed-sav","status":"publish","type":"product","link":"https:\/\/roveyayinevi.com.tr\/index.php\/urun\/muhabbet-peygamberi-hz-muhammed-sav\/","title":{"rendered":"Muhabbet Peygamberi Hz. Muhammed (Sav)"},"content":{"rendered":"<p>O (sav) bir aynayd\u0131. Hakk kendini O\u2019ndan g\u00f6sterdi. M\u0131s\u0131rl\u0131 kad\u0131nlar Hz. Yusuf\u2019un g\u00fczelli\u011fi ile mest olup ellerini kestiler. Ama benim Efendimin g\u00fczelli\u011fini g\u00f6rselerdi ellerini kestikleri b\u0131\u00e7aklar\u0131 kalplerine saplarlard\u0131 da yine ac\u0131 duymazlard\u0131. -Hz. Ay\u015fe- Resulullah Efendimizin yeri ba\u015f\u0131m\u0131z\u0131n \u00fcst\u00fc de\u011fildir. O iki cihan serveri pek sevgili Efendimizin yeri can\u0131m\u0131z\u0131n taaa i\u00e7idir. Hz. \u0130brahim Halilullah, \u2018iste\u011fi geri \u00e7evrilmeyen\u2019; Hz. Muhammed (sav) ise Habibullah, \u2018istemeden kendisine verilen\u2019dir. Muhammed\u2019den muhabbet oldu h\u00e2s\u0131l \/ Muhammed\u2019siz muhabbetten ne h\u00e2s\u0131l? Efendimizi daha \u00e7ok sevmek i\u00e7in, O\u2019nu tan\u0131mak ve bilmek gerekiyor. Tu\u011frul \u0130nan\u00e7er\u2019in kaleminden Muhabbet peygamberi Hz. Muhammed (sav) <\/p>\n","protected":false},"excerpt":{"rendered":"<p>O (sav) bir aynayd\u0131. Hakk kendini O\u2019ndan g\u00f6sterdi. M\u0131s\u0131rl\u0131 kad\u0131nlar Hz. Yusuf\u2019un g\u00fczelli\u011fi ile mest olup ellerini kestiler. Ama benim Efendimin g\u00fczelli\u011fini g\u00f6rselerdi ellerini kestikleri b\u0131\u00e7aklar\u0131<span class=\"excerpt-hellip\"> [\u2026]<\/span><\/p>\n","protected":false},"featured_media":0,"template":"","meta":{"_monsterinsights_skip_tracking":false,"_monsterinsights_sitenote_active":false,"_monsterinsights_sitenote_note":"","_monsterinsights_sitenote_category":0},"product_brand":[],"product_cat":[12718,12719,12720],"product_tag":[],"class_list":{"0":"post-697742","1":"product","2":"type-product","3":"status-publish","5":"product_cat-din","6":"product_cat-islam","7":"product_cat-tasavvuf-mezhepler-tarikatlar","8":"pa_cilt-ciltsiz","9":"pa_tur-kitap","10":"pa_yayinevi-sufi-kitap","11":"pa_yazar-o-tugrul-inancer","13":"first","14":"instock","15":"sale","16":"shipping-taxable","17":"purchasable","18":"product-type-simple"},"_links":{"self":[{"href":"https:\/\/roveyayinevi.com.tr\/index.php\/wp-json\/wp\/v2\/product\/697742","targetHints":{"allow":["GET"]}}],"collection":[{"href":"https:\/\/roveyayinevi.com.tr\/index.php\/wp-json\/wp\/v2\/product"}],"about":[{"href":"https:\/\/roveyayinevi.com.tr\/index.php\/wp-json\/wp\/v2\/types\/product"}],"wp:attachment":[{"href":"https:\/\/roveyayinevi.com.tr\/index.php\/wp-json\/wp\/v2\/media?parent=697742"}],"wp:term":[{"taxonomy":"product_brand","embeddable":true,"href":"https:\/\/roveyayinevi.com.tr\/index.php\/wp-json\/wp\/v2\/product_brand?post=697742"},{"taxonomy":"product_cat","embeddable":true,"href":"https:\/\/roveyayinevi.com.tr\/index.php\/wp-json\/wp\/v2\/product_cat?post=697742"},{"taxonomy":"product_tag","embeddable":true,"href":"https:\/\/roveyayinevi.com.tr\/index.php\/wp-json\/wp\/v2\/product_tag?post=697742"}],"curies":[{"name":"wp","href":"https:\/\/api.w.org\/{rel}","templated":true}]}}