{"id":697741,"date":"2025-08-27T14:41:36","date_gmt":"2025-08-27T11:41:36","guid":{"rendered":"https:\/\/roveyayinevi.com.tr\/index.php\/urun\/bebeginizin-ilk-yilinda-sizi-neler-bekler-ciltli\/"},"modified":"2026-04-16T02:07:21","modified_gmt":"2026-04-15T23:07:21","slug":"bebeginizin-ilk-yilinda-sizi-neler-bekler-ciltli","status":"publish","type":"product","link":"https:\/\/roveyayinevi.com.tr\/index.php\/urun\/bebeginizin-ilk-yilinda-sizi-neler-bekler-ciltli\/","title":{"rendered":"Bebe\u011finizin \u0130lk Y\u0131l\u0131nda Sizi Neler Bekler (Ciltli)"},"content":{"rendered":"<p>Anne babalara bebekleriyle ge\u00e7irecekleri ilk y\u0131l boyunca bilmek isteyecekleri her \u015feyi ayr\u0131nt\u0131lar\u0131yla a\u00e7\u0131klayan, ayl\u0131k d\u00fczene g\u00f6re haz\u0131rlanm\u0131\u015f, kapsaml\u0131 bir rehber. \ufffcTan\u0131t\u0131m Metni<\/p>\n","protected":false},"excerpt":{"rendered":"<p>Anne babalara bebekleriyle ge\u00e7irecekleri ilk y\u0131l boyunca bilmek isteyecekleri her \u015feyi ayr\u0131nt\u0131lar\u0131yla a\u00e7\u0131klayan, ayl\u0131k d\u00fczene g\u00f6re haz\u0131rlanm\u0131\u015f, kapsaml\u0131 bir rehber. \ufffcTan\u0131t\u0131m Metni<\/p>\n","protected":false},"featured_media":0,"template":"","meta":{"_monsterinsights_skip_tracking":false,"_monsterinsights_sitenote_active":false,"_monsterinsights_sitenote_note":"","_monsterinsights_sitenote_category":0},"product_brand":[],"product_cat":[17996,12364],"product_tag":[],"class_list":{"0":"post-697741","1":"product","2":"type-product","3":"status-publish","5":"product_cat-ebeveyn-kitaplari","6":"product_cat-genel-konular","7":"pa_cilt-ciltli","8":"pa_tur-kitap","9":"pa_yayinevi-epsilon-yayinlari","10":"pa_yazar-arlene-eisenberg","12":"first","13":"instock","14":"sale","15":"shipping-taxable","16":"purchasable","17":"product-type-simple"},"_links":{"self":[{"href":"https:\/\/roveyayinevi.com.tr\/index.php\/wp-json\/wp\/v2\/product\/697741","targetHints":{"allow":["GET"]}}],"collection":[{"href":"https:\/\/roveyayinevi.com.tr\/index.php\/wp-json\/wp\/v2\/product"}],"about":[{"href":"https:\/\/roveyayinevi.com.tr\/index.php\/wp-json\/wp\/v2\/types\/product"}],"wp:attachment":[{"href":"https:\/\/roveyayinevi.com.tr\/index.php\/wp-json\/wp\/v2\/media?parent=697741"}],"wp:term":[{"taxonomy":"product_brand","embeddable":true,"href":"https:\/\/roveyayinevi.com.tr\/index.php\/wp-json\/wp\/v2\/product_brand?post=697741"},{"taxonomy":"product_cat","embeddable":true,"href":"https:\/\/roveyayinevi.com.tr\/index.php\/wp-json\/wp\/v2\/product_cat?post=697741"},{"taxonomy":"product_tag","embeddable":true,"href":"https:\/\/roveyayinevi.com.tr\/index.php\/wp-json\/wp\/v2\/product_tag?post=697741"}],"curies":[{"name":"wp","href":"https:\/\/api.w.org\/{rel}","templated":true}]}}