{"id":697739,"date":"2025-08-27T14:41:35","date_gmt":"2025-08-27T11:41:35","guid":{"rendered":"https:\/\/roveyayinevi.com.tr\/index.php\/urun\/gulen-sakiz-agaci\/"},"modified":"2026-04-16T02:07:21","modified_gmt":"2026-04-15T23:07:21","slug":"gulen-sakiz-agaci","status":"publish","type":"product","link":"https:\/\/roveyayinevi.com.tr\/index.php\/urun\/gulen-sakiz-agaci\/","title":{"rendered":"G\u00fclen Sak\u0131z A\u011fac\u0131"},"content":{"rendered":"<p>En g\u00fczel \u00e7ocuk olmak!\u00d6\u011fretmeni &#8220;\u00c7ocukluk nedir?&#8221; konulu proje \u00f6devini verince Arda da b\u00fcy\u00fcklerine birer birer sorar; &#8220;Banan \u00e7ocukluk ad\u0131n\u0131 anlat\u0131r m\u0131s\u0131n?&#8221;Renkli an\u0131larda gezinirken h\u0131rka giyen korkuluk g\u00fclen sak\u0131z a\u011fac\u0131 ve banyo yapan bal\u0131kla tan\u0131\u015f\u0131r. Mart\u0131lar\u0131n neden a\u011flad\u0131klar\u0131n\u0131 \u00f6\u011frenir, paran\u0131n olmad\u0131\u011f\u0131 bir d\u00fcnyay\u0131 sorgular.\u00c7ocuklara yeti\u015fkinler aras\u0131nda g\u00fc\u00e7l\u00fc k\u00f6pr\u00fcler kuran \u00f6yk\u00fcler&#8230; Koray Avc\u0131 \u00c7akman&#8217;\u0131n ya\u015fam enerjisi dolu kaleminde hayat buluyor&#8230; \ufffc<\/p>\n","protected":false},"excerpt":{"rendered":"<p>En g\u00fczel \u00e7ocuk olmak!\u00d6\u011fretmeni &#8220;\u00c7ocukluk nedir?&#8221; konulu proje \u00f6devini verince Arda da b\u00fcy\u00fcklerine birer birer sorar; &#8220;Banan \u00e7ocukluk ad\u0131n\u0131 anlat\u0131r m\u0131s\u0131n?&#8221;Renkli an\u0131larda gezinirken h\u0131rka giyen korkuluk<span class=\"excerpt-hellip\"> [\u2026]<\/span><\/p>\n","protected":false},"featured_media":0,"template":"","meta":{"_monsterinsights_skip_tracking":false,"_monsterinsights_sitenote_active":false,"_monsterinsights_sitenote_note":"","_monsterinsights_sitenote_category":0},"product_brand":[],"product_cat":[12274,12284],"product_tag":[],"class_list":{"0":"post-697739","1":"product","2":"type-product","3":"status-publish","5":"product_cat-cocuk-ve-genclik-kitaplari","6":"product_cat-hikayeler","7":"pa_cilt-ciltsiz","8":"pa_tur-kitap","9":"pa_yayinevi-tudem-yayinlari","10":"pa_yazar-koray-avci-cakman","12":"first","13":"instock","14":"sale","15":"shipping-taxable","16":"purchasable","17":"product-type-simple"},"_links":{"self":[{"href":"https:\/\/roveyayinevi.com.tr\/index.php\/wp-json\/wp\/v2\/product\/697739","targetHints":{"allow":["GET"]}}],"collection":[{"href":"https:\/\/roveyayinevi.com.tr\/index.php\/wp-json\/wp\/v2\/product"}],"about":[{"href":"https:\/\/roveyayinevi.com.tr\/index.php\/wp-json\/wp\/v2\/types\/product"}],"wp:attachment":[{"href":"https:\/\/roveyayinevi.com.tr\/index.php\/wp-json\/wp\/v2\/media?parent=697739"}],"wp:term":[{"taxonomy":"product_brand","embeddable":true,"href":"https:\/\/roveyayinevi.com.tr\/index.php\/wp-json\/wp\/v2\/product_brand?post=697739"},{"taxonomy":"product_cat","embeddable":true,"href":"https:\/\/roveyayinevi.com.tr\/index.php\/wp-json\/wp\/v2\/product_cat?post=697739"},{"taxonomy":"product_tag","embeddable":true,"href":"https:\/\/roveyayinevi.com.tr\/index.php\/wp-json\/wp\/v2\/product_tag?post=697739"}],"curies":[{"name":"wp","href":"https:\/\/api.w.org\/{rel}","templated":true}]}}