{"id":697736,"date":"2025-08-27T14:41:34","date_gmt":"2025-08-27T11:41:34","guid":{"rendered":"https:\/\/roveyayinevi.com.tr\/index.php\/urun\/universite-ogreniminde-basarinin-teknigi\/"},"modified":"2026-04-16T02:07:21","modified_gmt":"2026-04-15T23:07:21","slug":"universite-ogreniminde-basarinin-teknigi","status":"publish","type":"product","link":"https:\/\/roveyayinevi.com.tr\/index.php\/urun\/universite-ogreniminde-basarinin-teknigi\/","title":{"rendered":"\u00dcniversite \u00d6\u011freniminde Ba\u015far\u0131n\u0131n Tekni\u011fi"},"content":{"rendered":"<p>Bilge Umar, 50 y\u0131ll\u0131k akademik deneyimine dayanarak, \u00fcniversite \u00f6\u011freniminde ba\u015far\u0131 kazanman\u0131n tekni\u011fini, kurallar\u0131n\u0131,  p\u00fcf noktalar\u0131 n\u0131 anlat\u0131yor. <\/p>\n","protected":false},"excerpt":{"rendered":"<p>Bilge Umar, 50 y\u0131ll\u0131k akademik deneyimine dayanarak, \u00fcniversite \u00f6\u011freniminde ba\u015far\u0131 kazanman\u0131n tekni\u011fini, kurallar\u0131n\u0131, p\u00fcf noktalar\u0131 n\u0131 anlat\u0131yor.<\/p>\n","protected":false},"featured_media":0,"template":"","meta":{"_monsterinsights_skip_tracking":false,"_monsterinsights_sitenote_active":false,"_monsterinsights_sitenote_note":"","_monsterinsights_sitenote_category":0},"product_brand":[],"product_cat":[12312,12304],"product_tag":[],"class_list":{"0":"post-697736","1":"product","2":"type-product","3":"status-publish","5":"product_cat-diger","6":"product_cat-tarih","7":"pa_cilt-ciltsiz","8":"pa_tur-kitap","9":"pa_yayinevi-inkilap-kitabevi","10":"pa_yazar-bilge-umar","12":"first","13":"instock","14":"sale","15":"shipping-taxable","16":"purchasable","17":"product-type-simple"},"_links":{"self":[{"href":"https:\/\/roveyayinevi.com.tr\/index.php\/wp-json\/wp\/v2\/product\/697736","targetHints":{"allow":["GET"]}}],"collection":[{"href":"https:\/\/roveyayinevi.com.tr\/index.php\/wp-json\/wp\/v2\/product"}],"about":[{"href":"https:\/\/roveyayinevi.com.tr\/index.php\/wp-json\/wp\/v2\/types\/product"}],"wp:attachment":[{"href":"https:\/\/roveyayinevi.com.tr\/index.php\/wp-json\/wp\/v2\/media?parent=697736"}],"wp:term":[{"taxonomy":"product_brand","embeddable":true,"href":"https:\/\/roveyayinevi.com.tr\/index.php\/wp-json\/wp\/v2\/product_brand?post=697736"},{"taxonomy":"product_cat","embeddable":true,"href":"https:\/\/roveyayinevi.com.tr\/index.php\/wp-json\/wp\/v2\/product_cat?post=697736"},{"taxonomy":"product_tag","embeddable":true,"href":"https:\/\/roveyayinevi.com.tr\/index.php\/wp-json\/wp\/v2\/product_tag?post=697736"}],"curies":[{"name":"wp","href":"https:\/\/api.w.org\/{rel}","templated":true}]}}