{"id":697730,"date":"2025-08-27T14:41:32","date_gmt":"2025-08-27T11:41:32","guid":{"rendered":"https:\/\/roveyayinevi.com.tr\/index.php\/urun\/satranc-ustasi-bilinmeyen-bir-kadinin-mektubu\/"},"modified":"2026-04-16T02:07:21","modified_gmt":"2026-04-15T23:07:21","slug":"satranc-ustasi-bilinmeyen-bir-kadinin-mektubu","status":"publish","type":"product","link":"https:\/\/roveyayinevi.com.tr\/index.php\/urun\/satranc-ustasi-bilinmeyen-bir-kadinin-mektubu\/","title":{"rendered":"Satran\u00e7 Ustas\u0131 &#8211; Bilinmeyen Bir Kad\u0131n\u0131n Mektubu"},"content":{"rendered":"<p>Stefan Zweig\u2019\u0131n trajik intihar\u0131ndan sonra yay\u0131nlanan Satran\u00e7 Ustas\u0131, yazar\u0131n en son ve en parlak yap\u0131tlar\u0131ndan biri&#8230; Tahsin Y\u00fccel\u2019in \u00e7evirisiyle sundu\u011fumuz bu uzun \u00f6yk\u00fc, bir yolcu gemisinde tesad\u00fcfen ya\u015fanan m\u00fcthi\u015f bir rekabeti hik\u00e2ye ediyor. Tahtan\u0131n bir taraf\u0131nda, d\u00fcnya satran\u00e7 \u015fampiyonu; kar\u015f\u0131s\u0131nda ise, Naziler taraf\u0131ndan kapat\u0131ld\u0131\u011f\u0131 h\u00fccresinde ekmeklerden yapt\u0131\u011f\u0131 ta\u015flarla \u2018kendine kar\u015f\u0131\u2019 oynayarak maharetini geli\u015ftirmi\u015f bir adam var. Bu metaforik sava\u015f oyununu hangisi kazanacak? Ya\u015fad\u0131\u011f\u0131 travman\u0131n izini h\u00e2l\u00e2 ruhunda ta\u015f\u0131yan entelekt\u00fcel mi, yoksa Hitler\u2019i temsil etti\u011fi s\u00f6ylenen d\u00fcnya satran\u00e7 \u015fampiyonu mu? Kitab\u0131n ikinci uzun \u00f6yk\u00fcs\u00fc Bilinmeyen Bir Kad\u0131n\u0131n Mektubu, saplant\u0131l\u0131 bir a\u015fk\u0131, gurur ve tutkuyla mahvolan bir hayat\u0131 anlat\u0131yor. Zweig\u2019\u0131n kalem ustal\u0131\u011f\u0131 her zamanki gibi b\u00fcy\u00fcleyici. Yordam Kitap, Avrupa\u2019n\u0131n 20. y\u00fczy\u0131lda yeti\u015ftirdi\u011fi en b\u00fcy\u00fck yazarlardan Stefan Zweig\u2019\u0131n en \u00f6nemli yap\u0131tlar\u0131ndan olu\u015fan se\u00e7kiyi okurlar\u0131na k\u0131van\u00e7la sunuyor. Beh\u00e7et Necatigil, Tahsin Y\u00fccel, Sal\u00e2h Birsel, Hamdi Varo\u011flu, Ali Avni \u00d6ne\u015f, Deniz Bano\u011flu gibi usta edebiyat\u00e7\u0131 \u00e7evirmenlerimizin yaratt\u0131\u011f\u0131 dil lezzetiyle&#8230; \ufffcTan\u0131t\u0131m Metni<\/p>\n","protected":false},"excerpt":{"rendered":"<p>Stefan Zweig\u2019\u0131n trajik intihar\u0131ndan sonra yay\u0131nlanan Satran\u00e7 Ustas\u0131, yazar\u0131n en son ve en parlak yap\u0131tlar\u0131ndan biri&#8230; Tahsin Y\u00fccel\u2019in \u00e7evirisiyle sundu\u011fumuz bu uzun \u00f6yk\u00fc, bir yolcu gemisinde<span class=\"excerpt-hellip\"> [\u2026]<\/span><\/p>\n","protected":false},"featured_media":0,"template":"","meta":{"_monsterinsights_skip_tracking":false,"_monsterinsights_sitenote_active":false,"_monsterinsights_sitenote_note":"","_monsterinsights_sitenote_category":0},"product_brand":[],"product_cat":[12782,12291],"product_tag":[],"class_list":{"0":"post-697730","1":"product","2":"type-product","3":"status-publish","5":"product_cat-alman-edebiyati","6":"product_cat-edebiyat","7":"pa_cilt-ciltsiz","8":"pa_tur-kitap","9":"pa_yayinevi-yordam-kitap","10":"pa_yazar-stefan-zweig","12":"first","13":"instock","14":"sale","15":"shipping-taxable","16":"purchasable","17":"product-type-simple"},"_links":{"self":[{"href":"https:\/\/roveyayinevi.com.tr\/index.php\/wp-json\/wp\/v2\/product\/697730","targetHints":{"allow":["GET"]}}],"collection":[{"href":"https:\/\/roveyayinevi.com.tr\/index.php\/wp-json\/wp\/v2\/product"}],"about":[{"href":"https:\/\/roveyayinevi.com.tr\/index.php\/wp-json\/wp\/v2\/types\/product"}],"wp:attachment":[{"href":"https:\/\/roveyayinevi.com.tr\/index.php\/wp-json\/wp\/v2\/media?parent=697730"}],"wp:term":[{"taxonomy":"product_brand","embeddable":true,"href":"https:\/\/roveyayinevi.com.tr\/index.php\/wp-json\/wp\/v2\/product_brand?post=697730"},{"taxonomy":"product_cat","embeddable":true,"href":"https:\/\/roveyayinevi.com.tr\/index.php\/wp-json\/wp\/v2\/product_cat?post=697730"},{"taxonomy":"product_tag","embeddable":true,"href":"https:\/\/roveyayinevi.com.tr\/index.php\/wp-json\/wp\/v2\/product_tag?post=697730"}],"curies":[{"name":"wp","href":"https:\/\/api.w.org\/{rel}","templated":true}]}}