{"id":697726,"date":"2025-08-27T14:41:31","date_gmt":"2025-08-27T11:41:31","guid":{"rendered":"https:\/\/roveyayinevi.com.tr\/index.php\/urun\/uygarliga-dair-hosnutsuzlugumuz\/"},"modified":"2026-04-16T02:07:21","modified_gmt":"2026-04-15T23:07:21","slug":"uygarliga-dair-hosnutsuzlugumuz","status":"publish","type":"product","link":"https:\/\/roveyayinevi.com.tr\/index.php\/urun\/uygarliga-dair-hosnutsuzlugumuz\/","title":{"rendered":"Uygarl\u0131\u011fa Dair Ho\u015fnutsuzlu\u011fumuz"},"content":{"rendered":"<p>Sigmund Freud insan\u0131n kendi i\u00e7 d\u00fcnyas\u0131na bak\u0131\u015f\u0131nda bir Kopernik devrimi yaparak \u201cinsan\u0131n kendi evinin efendisi olmad\u0131\u011f\u0131n\u0131 vurgulam\u0131\u015f ve bize i\u00e7 d\u00fcnyalar\u0131m\u0131za yapaca\u011f\u0131m\u0131z yolculuklar i\u00e7in ilk haritay\u0131 sunmu\u015ftur.Freud, olgunluk d\u00f6neminde yazd\u0131\u011f\u0131 bu kitap ile hayat\u0131 boyunca geli\u015ftirdi\u011fi, kendi d\u00fc\u015f\u00fcnce ak\u0131\u015f\u0131 i\u00e7inde \u00e7evrilen ve bug\u00fcnk\u00fc psikanalitik \u00e7er\u00e7evenin temelini olu\u015fturan neredeyse t\u00fcm \u00f6nemli kavram ve kuramlar\u0131 okuruna bir sohbet havas\u0131nda tan\u0131t\u0131yor. <\/p>\n","protected":false},"excerpt":{"rendered":"<p>Sigmund Freud insan\u0131n kendi i\u00e7 d\u00fcnyas\u0131na bak\u0131\u015f\u0131nda bir Kopernik devrimi yaparak \u201cinsan\u0131n kendi evinin efendisi olmad\u0131\u011f\u0131n\u0131 vurgulam\u0131\u015f ve bize i\u00e7 d\u00fcnyalar\u0131m\u0131za yapaca\u011f\u0131m\u0131z yolculuklar i\u00e7in ilk haritay\u0131<span class=\"excerpt-hellip\"> [\u2026]<\/span><\/p>\n","protected":false},"featured_media":0,"template":"","meta":{"_monsterinsights_skip_tracking":false,"_monsterinsights_sitenote_active":false,"_monsterinsights_sitenote_note":"","_monsterinsights_sitenote_category":0},"product_brand":[],"product_cat":[12777,12291],"product_tag":[],"class_list":{"0":"post-697726","1":"product","2":"type-product","3":"status-publish","5":"product_cat-deneme","6":"product_cat-edebiyat","7":"pa_tur-kitap","8":"pa_yayinevi-kafka-yayinevi","9":"pa_yazar-sigmund-freud","11":"first","12":"instock","13":"sale","14":"shipping-taxable","15":"purchasable","16":"product-type-simple"},"_links":{"self":[{"href":"https:\/\/roveyayinevi.com.tr\/index.php\/wp-json\/wp\/v2\/product\/697726","targetHints":{"allow":["GET"]}}],"collection":[{"href":"https:\/\/roveyayinevi.com.tr\/index.php\/wp-json\/wp\/v2\/product"}],"about":[{"href":"https:\/\/roveyayinevi.com.tr\/index.php\/wp-json\/wp\/v2\/types\/product"}],"wp:attachment":[{"href":"https:\/\/roveyayinevi.com.tr\/index.php\/wp-json\/wp\/v2\/media?parent=697726"}],"wp:term":[{"taxonomy":"product_brand","embeddable":true,"href":"https:\/\/roveyayinevi.com.tr\/index.php\/wp-json\/wp\/v2\/product_brand?post=697726"},{"taxonomy":"product_cat","embeddable":true,"href":"https:\/\/roveyayinevi.com.tr\/index.php\/wp-json\/wp\/v2\/product_cat?post=697726"},{"taxonomy":"product_tag","embeddable":true,"href":"https:\/\/roveyayinevi.com.tr\/index.php\/wp-json\/wp\/v2\/product_tag?post=697726"}],"curies":[{"name":"wp","href":"https:\/\/api.w.org\/{rel}","templated":true}]}}