{"id":697725,"date":"2025-08-27T14:41:31","date_gmt":"2025-08-27T11:41:31","guid":{"rendered":"https:\/\/roveyayinevi.com.tr\/index.php\/urun\/turkiyenin-bir-asri\/"},"modified":"2026-04-16T02:07:20","modified_gmt":"2026-04-15T23:07:20","slug":"turkiyenin-bir-asri","status":"publish","type":"product","link":"https:\/\/roveyayinevi.com.tr\/index.php\/urun\/turkiyenin-bir-asri\/","title":{"rendered":"T\u00fcrkiye\u2019nin Bir Asr\u0131"},"content":{"rendered":"<p>1768-1774 Osmanl\u0131-Rus Harbi Avrupa\u2019da \u015eark Meselesi\u2019ni tekrar g\u00fcndeme getirdi. Bu, beraberinde T\u00fcrk \u0130mparatorlu\u011fu\u2019na b\u00fcy\u00fck bir ilginin de uyanmas\u0131na vesile oldu. Elinizdeki kitap 15 y\u0131l \u0130ngiltere el\u00e7isi olarak \u0130stanbul\u2019da bulunan James Porter\u2019\u0131n bu merak ve ilgiye kendi g\u00f6zlemleri \u00e7er\u00e7evesinde yapt\u0131\u011f\u0131 de\u011ferli bir katk\u0131d\u0131r. Porter\u2019\u0131n eserinin, K\u0131r\u0131m Harbi\u2019yle beraber Osmanl\u0131 \u0130mparatorlu\u011fu hakk\u0131nda merak\u0131n artt\u0131\u011f\u0131 y\u0131llarda torunu taraf\u0131ndan geni\u015fletilerek 2. bask\u0131s\u0131 yay\u0131nland\u0131. <\/p>\n","protected":false},"excerpt":{"rendered":"<p>1768-1774 Osmanl\u0131-Rus Harbi Avrupa\u2019da \u015eark Meselesi\u2019ni tekrar g\u00fcndeme getirdi. Bu, beraberinde T\u00fcrk \u0130mparatorlu\u011fu\u2019na b\u00fcy\u00fck bir ilginin de uyanmas\u0131na vesile oldu. Elinizdeki kitap 15 y\u0131l \u0130ngiltere el\u00e7isi<span class=\"excerpt-hellip\"> [\u2026]<\/span><\/p>\n","protected":false},"featured_media":0,"template":"","meta":{"_monsterinsights_skip_tracking":false,"_monsterinsights_sitenote_active":false,"_monsterinsights_sitenote_note":"","_monsterinsights_sitenote_category":0},"product_brand":[],"product_cat":[13517,12304],"product_tag":[],"class_list":{"0":"post-697725","1":"product","2":"type-product","3":"status-publish","5":"product_cat-osmanli-tarihi","6":"product_cat-tarih","7":"pa_tur-kitap","8":"pa_yayinevi-yeditepe-yayinevi","9":"pa_yazar-sir-george-larpent","11":"first","12":"instock","13":"sale","14":"shipping-taxable","15":"purchasable","16":"product-type-simple"},"_links":{"self":[{"href":"https:\/\/roveyayinevi.com.tr\/index.php\/wp-json\/wp\/v2\/product\/697725","targetHints":{"allow":["GET"]}}],"collection":[{"href":"https:\/\/roveyayinevi.com.tr\/index.php\/wp-json\/wp\/v2\/product"}],"about":[{"href":"https:\/\/roveyayinevi.com.tr\/index.php\/wp-json\/wp\/v2\/types\/product"}],"wp:attachment":[{"href":"https:\/\/roveyayinevi.com.tr\/index.php\/wp-json\/wp\/v2\/media?parent=697725"}],"wp:term":[{"taxonomy":"product_brand","embeddable":true,"href":"https:\/\/roveyayinevi.com.tr\/index.php\/wp-json\/wp\/v2\/product_brand?post=697725"},{"taxonomy":"product_cat","embeddable":true,"href":"https:\/\/roveyayinevi.com.tr\/index.php\/wp-json\/wp\/v2\/product_cat?post=697725"},{"taxonomy":"product_tag","embeddable":true,"href":"https:\/\/roveyayinevi.com.tr\/index.php\/wp-json\/wp\/v2\/product_tag?post=697725"}],"curies":[{"name":"wp","href":"https:\/\/api.w.org\/{rel}","templated":true}]}}