{"id":697723,"date":"2025-08-27T14:41:30","date_gmt":"2025-08-27T11:41:30","guid":{"rendered":"https:\/\/roveyayinevi.com.tr\/index.php\/urun\/bir-hava-taarruzu-sirasinda-baris-uzerine-dusunceler\/"},"modified":"2026-04-16T02:07:20","modified_gmt":"2026-04-15T23:07:20","slug":"bir-hava-taarruzu-sirasinda-baris-uzerine-dusunceler","status":"publish","type":"product","link":"https:\/\/roveyayinevi.com.tr\/index.php\/urun\/bir-hava-taarruzu-sirasinda-baris-uzerine-dusunceler\/","title":{"rendered":"Bir Hava Taarruzu S\u0131ras\u0131nda Bar\u0131\u015f \u00dczerine D\u00fc\u015f\u00fcnceler"},"content":{"rendered":"<p>20. y\u00fczy\u0131l\u0131n en parlak romanc\u0131lar\u0131ndan Virginia Woolf, denemelerinden olu\u015fan bu se\u00e7ki ile \u00e7a\u011f\u0131n\u0131 yaln\u0131zca edebi ya da duygusal de\u011fil; d\u00fc\u015f\u00fcnsel anlamda da tam anlam\u0131yla kavrad\u0131\u011f\u0131n\u0131 ve yans\u0131tt\u0131\u011f\u0131n\u0131 g\u00f6steriyor. <\/p>\n","protected":false},"excerpt":{"rendered":"<p>20. y\u00fczy\u0131l\u0131n en parlak romanc\u0131lar\u0131ndan Virginia Woolf, denemelerinden olu\u015fan bu se\u00e7ki ile \u00e7a\u011f\u0131n\u0131 yaln\u0131zca edebi ya da duygusal de\u011fil; d\u00fc\u015f\u00fcnsel anlamda da tam anlam\u0131yla kavrad\u0131\u011f\u0131n\u0131 ve<span class=\"excerpt-hellip\"> [\u2026]<\/span><\/p>\n","protected":false},"featured_media":0,"template":"","meta":{"_monsterinsights_skip_tracking":false,"_monsterinsights_sitenote_active":false,"_monsterinsights_sitenote_note":"","_monsterinsights_sitenote_category":0},"product_brand":[],"product_cat":[12777,12291],"product_tag":[],"class_list":{"0":"post-697723","1":"product","2":"type-product","3":"status-publish","5":"product_cat-deneme","6":"product_cat-edebiyat","7":"pa_tur-kitap","8":"pa_yayinevi-kafka-yayinevi","9":"pa_yazar-virginia-woolf","11":"first","12":"instock","13":"sale","14":"shipping-taxable","15":"purchasable","16":"product-type-simple"},"_links":{"self":[{"href":"https:\/\/roveyayinevi.com.tr\/index.php\/wp-json\/wp\/v2\/product\/697723","targetHints":{"allow":["GET"]}}],"collection":[{"href":"https:\/\/roveyayinevi.com.tr\/index.php\/wp-json\/wp\/v2\/product"}],"about":[{"href":"https:\/\/roveyayinevi.com.tr\/index.php\/wp-json\/wp\/v2\/types\/product"}],"wp:attachment":[{"href":"https:\/\/roveyayinevi.com.tr\/index.php\/wp-json\/wp\/v2\/media?parent=697723"}],"wp:term":[{"taxonomy":"product_brand","embeddable":true,"href":"https:\/\/roveyayinevi.com.tr\/index.php\/wp-json\/wp\/v2\/product_brand?post=697723"},{"taxonomy":"product_cat","embeddable":true,"href":"https:\/\/roveyayinevi.com.tr\/index.php\/wp-json\/wp\/v2\/product_cat?post=697723"},{"taxonomy":"product_tag","embeddable":true,"href":"https:\/\/roveyayinevi.com.tr\/index.php\/wp-json\/wp\/v2\/product_tag?post=697723"}],"curies":[{"name":"wp","href":"https:\/\/api.w.org\/{rel}","templated":true}]}}