{"id":697718,"date":"2025-08-27T14:41:29","date_gmt":"2025-08-27T11:41:29","guid":{"rendered":"https:\/\/roveyayinevi.com.tr\/index.php\/urun\/ask-pembe-kapak\/"},"modified":"2026-04-16T02:07:20","modified_gmt":"2026-04-15T23:07:20","slug":"ask-pembe-kapak","status":"publish","type":"product","link":"https:\/\/roveyayinevi.com.tr\/index.php\/urun\/ask-pembe-kapak\/","title":{"rendered":"A\u015fk (Pembe Kapak)"},"content":{"rendered":"<p>Ya ortas\u0131ndas\u0131nd\u0131r A\u015fk\u2019\u0131n merkezinde; ya da d\u0131\u015f\u0131ndas\u0131nd\u0131r, hasretinde.. Ella Rubinstein (40) Amerikal\u0131 bir ev kad\u0131n\u0131d\u0131r. Tipik burjuva de\u011ferlerinin h\u00e2kim oldu\u011fu olduk\u00e7a varl\u0131kl\u0131 bir ailesi, d\u00fczenli ve g\u00f6r\u00fcn\u00fc\u015fte sorunsuz bir evlili\u011fi vard\u0131r. \u00dc\u00e7 \u00e7ocu\u011funu da b\u00fcy\u00fctt\u00fckten sonra bir yay\u0131nevinde edit\u00f6r-asistan\u0131 olarak i\u015f bulur; g\u00f6revi A. Z. Zahara adl\u0131 tan\u0131nmam\u0131\u015f bir yazar\u0131n tasavvuf felsefesini konu alan tarihi roman\u0131n\u0131 de\u011ferlendirmektir. Ancak hayat\u0131n\u0131n kritik bir d\u00f6neminde eline ald\u0131\u011f\u0131 bu kitap, hi\u00e7 beklemedi\u011fi bir \u015fekilde Ella\u2019y\u0131 derinden sarsacak, d\u00fcnyevi a\u015fk\u0131 ke\u015ffetmek ad\u0131na zorlu ve tehlikeli bir yolculu\u011fa \u00e7\u0131kmas\u0131na neden olacakt\u0131r. Hayatlar\u0131m\u0131z\u0131n durgun g\u00f6l\u00fcn\u00fc dalgaland\u0131ran ta\u015f misali, y\u00fczle\u015fmek zorunda oldu\u011fumuz s\u0131k\u0131nt\u0131lar, ac\u0131lar&#8230; ve a\u015fk\u0131n pe\u015finde katetmek zorunda oldu\u011fumuz zorlu yollar, \u00f6dedi\u011fimiz bedeller&#8230; A\u015fk&#8230; kitap i\u00e7inde bir kitap, hayat\u0131n anlam\u0131 pe\u015finde bir a\u015fk maceras\u0131&#8230; A\u015fk&#8230; Elif \u015eafak\u2019tan aray\u0131\u015fa, ger\u00e7e\u011fe ve ke\u015ffetmeye dair bir roman. \ufffc<\/p>\n","protected":false},"excerpt":{"rendered":"<p>Ya ortas\u0131ndas\u0131nd\u0131r A\u015fk\u2019\u0131n merkezinde; ya da d\u0131\u015f\u0131ndas\u0131nd\u0131r, hasretinde.. Ella Rubinstein (40) Amerikal\u0131 bir ev kad\u0131n\u0131d\u0131r. Tipik burjuva de\u011ferlerinin h\u00e2kim oldu\u011fu olduk\u00e7a varl\u0131kl\u0131 bir ailesi, d\u00fczenli ve<span class=\"excerpt-hellip\"> [\u2026]<\/span><\/p>\n","protected":false},"featured_media":0,"template":"","meta":{"_monsterinsights_skip_tracking":false,"_monsterinsights_sitenote_active":false,"_monsterinsights_sitenote_note":"","_monsterinsights_sitenote_category":0},"product_brand":[],"product_cat":[12291,12292],"product_tag":[],"class_list":{"0":"post-697718","1":"product","2":"type-product","3":"status-publish","5":"product_cat-edebiyat","6":"product_cat-turk-edebiyati","7":"pa_cilt-ciltsiz","8":"pa_tur-kitap","9":"pa_yayinevi-dogan-kitap","10":"pa_yazar-elif-safak","12":"first","13":"instock","14":"sale","15":"shipping-taxable","16":"purchasable","17":"product-type-simple"},"_links":{"self":[{"href":"https:\/\/roveyayinevi.com.tr\/index.php\/wp-json\/wp\/v2\/product\/697718","targetHints":{"allow":["GET"]}}],"collection":[{"href":"https:\/\/roveyayinevi.com.tr\/index.php\/wp-json\/wp\/v2\/product"}],"about":[{"href":"https:\/\/roveyayinevi.com.tr\/index.php\/wp-json\/wp\/v2\/types\/product"}],"wp:attachment":[{"href":"https:\/\/roveyayinevi.com.tr\/index.php\/wp-json\/wp\/v2\/media?parent=697718"}],"wp:term":[{"taxonomy":"product_brand","embeddable":true,"href":"https:\/\/roveyayinevi.com.tr\/index.php\/wp-json\/wp\/v2\/product_brand?post=697718"},{"taxonomy":"product_cat","embeddable":true,"href":"https:\/\/roveyayinevi.com.tr\/index.php\/wp-json\/wp\/v2\/product_cat?post=697718"},{"taxonomy":"product_tag","embeddable":true,"href":"https:\/\/roveyayinevi.com.tr\/index.php\/wp-json\/wp\/v2\/product_tag?post=697718"}],"curies":[{"name":"wp","href":"https:\/\/api.w.org\/{rel}","templated":true}]}}