{"id":697717,"date":"2025-08-27T14:41:29","date_gmt":"2025-08-27T11:41:29","guid":{"rendered":"https:\/\/roveyayinevi.com.tr\/index.php\/urun\/cocuklar-ve-alerji\/"},"modified":"2026-04-16T02:07:20","modified_gmt":"2026-04-15T23:07:20","slug":"cocuklar-ve-alerji","status":"publish","type":"product","link":"https:\/\/roveyayinevi.com.tr\/index.php\/urun\/cocuklar-ve-alerji\/","title":{"rendered":"\u00c7ocuklar ve Alerji"},"content":{"rendered":"<p>Alerjik bron\u015fit ve ast\u0131m iki farkl\u0131 hastal\u0131k m\u0131?Alerji\/ast\u0131m b\u00fcy\u00fcd\u00fck\u00e7e ge\u00e7er mi? Alerjinin tedavisi var m\u0131? Dilalt\u0131 a\u015f\u0131 tedavisi nedir? \u00c7ocuklar g\u00fc\u00e7l\u00fc bir ba\u011f\u0131\u015f\u0131kl\u0131k sistemi i\u00e7in nas\u0131l beslenmeli? <\/p>\n","protected":false},"excerpt":{"rendered":"<p>Alerjik bron\u015fit ve ast\u0131m iki farkl\u0131 hastal\u0131k m\u0131?Alerji\/ast\u0131m b\u00fcy\u00fcd\u00fck\u00e7e ge\u00e7er mi? Alerjinin tedavisi var m\u0131? Dilalt\u0131 a\u015f\u0131 tedavisi nedir? \u00c7ocuklar g\u00fc\u00e7l\u00fc bir ba\u011f\u0131\u015f\u0131kl\u0131k sistemi i\u00e7in nas\u0131l<span class=\"excerpt-hellip\"> [\u2026]<\/span><\/p>\n","protected":false},"featured_media":0,"template":"","meta":{"_monsterinsights_skip_tracking":false,"_monsterinsights_sitenote_active":false,"_monsterinsights_sitenote_note":"","_monsterinsights_sitenote_category":0},"product_brand":[],"product_cat":[13366,13365],"product_tag":[],"class_list":{"0":"post-697717","1":"product","2":"type-product","3":"status-publish","5":"product_cat-diger-saglik","6":"product_cat-saglik","7":"pa_cilt-ciltsiz","8":"pa_tur-kitap","9":"pa_yayinevi-dogan-kitap","10":"pa_yazar-yonca-tabak","12":"first","13":"instock","14":"sale","15":"shipping-taxable","16":"purchasable","17":"product-type-simple"},"_links":{"self":[{"href":"https:\/\/roveyayinevi.com.tr\/index.php\/wp-json\/wp\/v2\/product\/697717","targetHints":{"allow":["GET"]}}],"collection":[{"href":"https:\/\/roveyayinevi.com.tr\/index.php\/wp-json\/wp\/v2\/product"}],"about":[{"href":"https:\/\/roveyayinevi.com.tr\/index.php\/wp-json\/wp\/v2\/types\/product"}],"wp:attachment":[{"href":"https:\/\/roveyayinevi.com.tr\/index.php\/wp-json\/wp\/v2\/media?parent=697717"}],"wp:term":[{"taxonomy":"product_brand","embeddable":true,"href":"https:\/\/roveyayinevi.com.tr\/index.php\/wp-json\/wp\/v2\/product_brand?post=697717"},{"taxonomy":"product_cat","embeddable":true,"href":"https:\/\/roveyayinevi.com.tr\/index.php\/wp-json\/wp\/v2\/product_cat?post=697717"},{"taxonomy":"product_tag","embeddable":true,"href":"https:\/\/roveyayinevi.com.tr\/index.php\/wp-json\/wp\/v2\/product_tag?post=697717"}],"curies":[{"name":"wp","href":"https:\/\/api.w.org\/{rel}","templated":true}]}}