{"id":697716,"date":"2025-08-27T14:41:28","date_gmt":"2025-08-27T11:41:28","guid":{"rendered":"https:\/\/roveyayinevi.com.tr\/index.php\/urun\/hayalet-yazar\/"},"modified":"2026-04-16T02:07:20","modified_gmt":"2026-04-15T23:07:20","slug":"hayalet-yazar","status":"publish","type":"product","link":"https:\/\/roveyayinevi.com.tr\/index.php\/urun\/hayalet-yazar\/","title":{"rendered":"Hayalet Yazar"},"content":{"rendered":"<p>Hayalet Yazar\u2019da Roth\u2019un \u00fcnl\u00fc roman kahraman\u0131 ve alter egosu Nathan Zuckerman\u2019la tan\u0131\u015f\u0131yoruz. Yirmi iki ya\u015f\u0131nda, h\u0131rsl\u0131 ama ayn\u0131 zamanda da kafas\u0131 soru i\u015faretleriyle dolu parlak bir yazar aday\u0131 olan Zuckerman, idol\u00fc ve edebi anlamda babas\u0131 olarak g\u00f6rd\u00fc\u011f\u00fc \u00fcnl\u00fc \u00f6yk\u00fcc\u00fc E. I. Lonoff\u2019un New England k\u0131rsal\u0131ndaki evine davet edilmi\u015ftir. D\u0131\u015far\u0131da, ev sakinlerini d\u00fcnyadan yal\u0131t\u0131p birbirlerine yakla\u015ft\u0131ran bir kar f\u0131rt\u0131nas\u0131 h\u00fck\u00fcm s\u00fcrmekte, evin i\u00e7inde ise Lonoff, kar\u0131s\u0131 Hope ve Lonoff\u2019un gen\u00e7, gizemli asistan\u0131 Amy Belette aras\u0131nda so\u011fuk r\u00fczg\u00e2rlar esmektedir. Bu \u00fc\u00e7l\u00fcye, merakl\u0131 Zuckerman\u2019\u0131n hayal g\u00fcc\u00fc ve arzular\u0131 da eklenince Lonoff\u2019lar\u0131n sakin evi hi\u00e7 kimsenin \u00f6ng\u00f6remeyece\u011fi olaylara tan\u0131k olur. <\/p>\n","protected":false},"excerpt":{"rendered":"<p>Hayalet Yazar\u2019da Roth\u2019un \u00fcnl\u00fc roman kahraman\u0131 ve alter egosu Nathan Zuckerman\u2019la tan\u0131\u015f\u0131yoruz. Yirmi iki ya\u015f\u0131nda, h\u0131rsl\u0131 ama ayn\u0131 zamanda da kafas\u0131 soru i\u015faretleriyle dolu parlak bir<span class=\"excerpt-hellip\"> [\u2026]<\/span><\/p>\n","protected":false},"featured_media":0,"template":"","meta":{"_monsterinsights_skip_tracking":false,"_monsterinsights_sitenote_active":false,"_monsterinsights_sitenote_note":"","_monsterinsights_sitenote_category":0},"product_brand":[],"product_cat":[12291,12866],"product_tag":[],"class_list":{"0":"post-697716","1":"product","2":"type-product","3":"status-publish","5":"product_cat-edebiyat","6":"product_cat-ingiliz-edebiyati","7":"pa_cilt-ciltsiz","8":"pa_tur-kitap","9":"pa_yayinevi-yapi-kredi-yayinlari","10":"pa_yazar-philip-roth","12":"first","13":"instock","14":"sale","15":"shipping-taxable","16":"purchasable","17":"product-type-simple"},"_links":{"self":[{"href":"https:\/\/roveyayinevi.com.tr\/index.php\/wp-json\/wp\/v2\/product\/697716","targetHints":{"allow":["GET"]}}],"collection":[{"href":"https:\/\/roveyayinevi.com.tr\/index.php\/wp-json\/wp\/v2\/product"}],"about":[{"href":"https:\/\/roveyayinevi.com.tr\/index.php\/wp-json\/wp\/v2\/types\/product"}],"wp:attachment":[{"href":"https:\/\/roveyayinevi.com.tr\/index.php\/wp-json\/wp\/v2\/media?parent=697716"}],"wp:term":[{"taxonomy":"product_brand","embeddable":true,"href":"https:\/\/roveyayinevi.com.tr\/index.php\/wp-json\/wp\/v2\/product_brand?post=697716"},{"taxonomy":"product_cat","embeddable":true,"href":"https:\/\/roveyayinevi.com.tr\/index.php\/wp-json\/wp\/v2\/product_cat?post=697716"},{"taxonomy":"product_tag","embeddable":true,"href":"https:\/\/roveyayinevi.com.tr\/index.php\/wp-json\/wp\/v2\/product_tag?post=697716"}],"curies":[{"name":"wp","href":"https:\/\/api.w.org\/{rel}","templated":true}]}}