{"id":697711,"date":"2025-08-27T14:41:27","date_gmt":"2025-08-27T11:41:27","guid":{"rendered":"https:\/\/roveyayinevi.com.tr\/index.php\/urun\/internet-caginda-pozitif-ebeveynlik\/"},"modified":"2026-04-16T02:07:20","modified_gmt":"2026-04-15T23:07:20","slug":"internet-caginda-pozitif-ebeveynlik","status":"publish","type":"product","link":"https:\/\/roveyayinevi.com.tr\/index.php\/urun\/internet-caginda-pozitif-ebeveynlik\/","title":{"rendered":"\u0130nternet \u00c7a\u011f\u0131nda Pozitif Ebeveynlik"},"content":{"rendered":"<p>Anne baba olmak, harika bir duygudur. \u00c7ocu\u011funuzu sevmeniz ve onun her istedi\u011fini yapmaya \u00e7al\u0131\u015fman\u0131z kadar do\u011fal bir \u015fey yok. Bununla beraber \u00e7ocu\u011funuzu hayata haz\u0131rlaman\u0131z b\u00fcy\u00fck \u00f6nem ta\u015f\u0131r. Ben Dr. Faruk \u00d6nda\u011f; \ufffcTan\u0131t\u0131m Metni<\/p>\n","protected":false},"excerpt":{"rendered":"<p>Anne baba olmak, harika bir duygudur. \u00c7ocu\u011funuzu sevmeniz ve onun her istedi\u011fini yapmaya \u00e7al\u0131\u015fman\u0131z kadar do\u011fal bir \u015fey yok. Bununla beraber \u00e7ocu\u011funuzu hayata haz\u0131rlaman\u0131z b\u00fcy\u00fck \u00f6nem<span class=\"excerpt-hellip\"> [\u2026]<\/span><\/p>\n","protected":false},"featured_media":0,"template":"","meta":{"_monsterinsights_skip_tracking":false,"_monsterinsights_sitenote_active":false,"_monsterinsights_sitenote_note":"","_monsterinsights_sitenote_category":0},"product_brand":[],"product_cat":[12831,12324],"product_tag":[],"class_list":{"0":"post-697711","1":"product","2":"type-product","3":"status-publish","5":"product_cat-aile-ve-cocuk","6":"product_cat-sosyoloji","7":"pa_cilt-ciltsiz","8":"pa_tur-kitap","9":"pa_yayinevi-timas-yayinlari","10":"pa_yazar-faruk-ondag","12":"first","13":"instock","14":"sale","15":"shipping-taxable","16":"purchasable","17":"product-type-simple"},"_links":{"self":[{"href":"https:\/\/roveyayinevi.com.tr\/index.php\/wp-json\/wp\/v2\/product\/697711","targetHints":{"allow":["GET"]}}],"collection":[{"href":"https:\/\/roveyayinevi.com.tr\/index.php\/wp-json\/wp\/v2\/product"}],"about":[{"href":"https:\/\/roveyayinevi.com.tr\/index.php\/wp-json\/wp\/v2\/types\/product"}],"wp:attachment":[{"href":"https:\/\/roveyayinevi.com.tr\/index.php\/wp-json\/wp\/v2\/media?parent=697711"}],"wp:term":[{"taxonomy":"product_brand","embeddable":true,"href":"https:\/\/roveyayinevi.com.tr\/index.php\/wp-json\/wp\/v2\/product_brand?post=697711"},{"taxonomy":"product_cat","embeddable":true,"href":"https:\/\/roveyayinevi.com.tr\/index.php\/wp-json\/wp\/v2\/product_cat?post=697711"},{"taxonomy":"product_tag","embeddable":true,"href":"https:\/\/roveyayinevi.com.tr\/index.php\/wp-json\/wp\/v2\/product_tag?post=697711"}],"curies":[{"name":"wp","href":"https:\/\/api.w.org\/{rel}","templated":true}]}}