{"id":697710,"date":"2025-08-27T14:41:27","date_gmt":"2025-08-27T11:41:27","guid":{"rendered":"https:\/\/roveyayinevi.com.tr\/index.php\/urun\/yuruyen-kentler-2-kitap-ihanet-altini\/"},"modified":"2026-04-16T02:07:20","modified_gmt":"2026-04-15T23:07:20","slug":"yuruyen-kentler-2-kitap-ihanet-altini","status":"publish","type":"product","link":"https:\/\/roveyayinevi.com.tr\/index.php\/urun\/yuruyen-kentler-2-kitap-ihanet-altini\/","title":{"rendered":"Y\u00fcr\u00fcyen Kentler 2. Kitap &#8211; \u0130hanet Alt\u0131n\u0131"},"content":{"rendered":"<p>Kentler y\u00fcr\u00fcrken, d\u00fcnya yerinde say\u0131yor!Y\u00fcr\u00fcyen Kentler\u2019in devam kitab\u0131nda macera t\u0131rman\u0131yor. Kitaplar\u0131 bilimkurgu klasikleri aras\u0131na giren Philip Reeve, \u00fcst\u00fcn teknolojilerle i\u015fleyen bir gelece\u011fi canland\u0131rd\u0131\u011f\u0131 dizide, kentlerin ve insanlar\u0131n verdi\u011fi ac\u0131mas\u0131z hayat m\u00fccadelesini g\u00f6zler \u00f6n\u00fcne seriyor. \u201cY\u00fcr\u00fcyen Kentler\u201d dizisinin ikinci kitab\u0131nda, teknoloji hangi noktaya gelirse gelsin, siyaset de, ihanet de yine yerinde say\u0131yor.Iss\u0131z buzullarda soluk solu\u011fa bir kovalamaca s\u00fcrerken, beyaz kent Anchorage, devasa demir paletleri \u00fcst\u00fcnde Buz Diyar\u0131 boyunca \u00d6l\u00fc K\u0131ta\u2019ya do\u011fru sessizce ilerliyordu. Varacaklar\u0131 yer, epey hasar alm\u0131\u015f, ba\u015f\u0131bo\u015f s\u00fcr\u00fcklenen havagemisinin umutsuz iki pilotu Tom ve Hester i\u00e7in bir s\u0131\u011f\u0131nak olabilir miydi? Sokaklar\u0131nda hayaletlerin ve delili\u011fin kol gezdi\u011fi bu tuhaf kent, tehlike ve kar\u0131\u015f\u0131kl\u0131klarla dolu bir ate\u015f f\u0131rt\u0131nas\u0131na do\u011fru s\u00fcr\u00fcklenmekteydi\u2026<\/p>\n","protected":false},"excerpt":{"rendered":"<p>Kentler y\u00fcr\u00fcrken, d\u00fcnya yerinde say\u0131yor!Y\u00fcr\u00fcyen Kentler\u2019in devam kitab\u0131nda macera t\u0131rman\u0131yor. Kitaplar\u0131 bilimkurgu klasikleri aras\u0131na giren Philip Reeve, \u00fcst\u00fcn teknolojilerle i\u015fleyen bir gelece\u011fi canland\u0131rd\u0131\u011f\u0131 dizide, kentlerin ve<span class=\"excerpt-hellip\"> [\u2026]<\/span><\/p>\n","protected":false},"featured_media":0,"template":"","meta":{"_monsterinsights_skip_tracking":false,"_monsterinsights_sitenote_active":false,"_monsterinsights_sitenote_note":"","_monsterinsights_sitenote_category":0},"product_brand":[],"product_cat":[12540,12291],"product_tag":[],"class_list":{"0":"post-697710","1":"product","2":"type-product","3":"status-publish","5":"product_cat-bilim-kurgu","6":"product_cat-edebiyat","7":"pa_cilt-ciltsiz","8":"pa_tur-kitap","9":"pa_yayinevi-on8-kitap","10":"pa_yazar-philip-reeve","12":"first","13":"instock","14":"sale","15":"shipping-taxable","16":"purchasable","17":"product-type-simple"},"_links":{"self":[{"href":"https:\/\/roveyayinevi.com.tr\/index.php\/wp-json\/wp\/v2\/product\/697710","targetHints":{"allow":["GET"]}}],"collection":[{"href":"https:\/\/roveyayinevi.com.tr\/index.php\/wp-json\/wp\/v2\/product"}],"about":[{"href":"https:\/\/roveyayinevi.com.tr\/index.php\/wp-json\/wp\/v2\/types\/product"}],"wp:attachment":[{"href":"https:\/\/roveyayinevi.com.tr\/index.php\/wp-json\/wp\/v2\/media?parent=697710"}],"wp:term":[{"taxonomy":"product_brand","embeddable":true,"href":"https:\/\/roveyayinevi.com.tr\/index.php\/wp-json\/wp\/v2\/product_brand?post=697710"},{"taxonomy":"product_cat","embeddable":true,"href":"https:\/\/roveyayinevi.com.tr\/index.php\/wp-json\/wp\/v2\/product_cat?post=697710"},{"taxonomy":"product_tag","embeddable":true,"href":"https:\/\/roveyayinevi.com.tr\/index.php\/wp-json\/wp\/v2\/product_tag?post=697710"}],"curies":[{"name":"wp","href":"https:\/\/api.w.org\/{rel}","templated":true}]}}