{"id":697709,"date":"2025-08-27T14:41:26","date_gmt":"2025-08-27T11:41:26","guid":{"rendered":"https:\/\/roveyayinevi.com.tr\/index.php\/urun\/yuruyen-kentler\/"},"modified":"2026-04-16T02:07:20","modified_gmt":"2026-04-15T23:07:20","slug":"yuruyen-kentler","status":"publish","type":"product","link":"https:\/\/roveyayinevi.com.tr\/index.php\/urun\/yuruyen-kentler\/","title":{"rendered":"Y\u00fcr\u00fcyen Kentler"},"content":{"rendered":"<p>2002 Gold Nestle Smarties \u00d6d\u00fcl\u00fc 2003 Blue Peter Y\u0131l\u0131n Kitab\u0131 \u00d6d\u00fcl\u00fc Uzak gelecekte, 60 Dakika Sava\u015flar\u0131\u2019n\u0131n sonras\u0131nda bildi\u011fimiz d\u00fcnyadan eser kalmam\u0131\u015ft\u0131. Tekerlekler \u00fcst\u00fcnde y\u00fcr\u00fcyen Londra kenti, eski Kuzey Denizi\u2019nin kurumu\u015f yata\u011f\u0131 boyunca, k\u00fc\u00e7\u00fck kentleri koval\u0131yordu. Tarih\u00e7iler Loncas\u0131\u2019nda \u00dc\u00e7\u00fcnc\u00fc S\u0131n\u0131f \u00c7\u0131rak Tom, k\u0131z\u0131na \u00e2\u015f\u0131k oldu\u011fu ba\u015ftarih\u00e7inin can\u0131n\u0131 kurtarmaya \u00e7abalarken, kendini suikast\u00e7\u0131 Hester\u2019la birlikte, mahvedilmi\u015f bir d\u00fcnyada, ac\u0131mas\u0131z bir d\u00fczende var olma sava\u015f\u0131n\u0131n i\u00e7inde buldu&#8230; Tom, yar\u0131 bayg\u0131n Hester\u2019\u0131 kolundan kavrad\u0131. Tezgezerli adamlardan biri, ka\u00e7malar\u0131n\u0131 engellemek i\u00e7in hamle yapm\u0131\u015ft\u0131 ki, k\u0131rm\u0131z\u0131 paltolu kad\u0131n adam\u0131n \u00f6n\u00fcne dikildi: Onlar benim yolcular\u0131m. Fiyatta anla\u015fmaya \u00e7al\u0131\u015f\u0131yordum! Onlar bizim k\u00f6lelerimiz! diye hayk\u0131rd\u0131 Wreyland, kad\u0131n\u0131 itekleyerek. Tom Nitsworthy ve arkada\u015f\u0131. Onlar\u0131 D\u0131\u015f Topraklar\u2019da buldum. Kural kurald\u0131r. Mal bulan\u0131nd\u0131r&#8230; \ufffcTan\u0131t\u0131m Metni<\/p>\n","protected":false},"excerpt":{"rendered":"<p>2002 Gold Nestle Smarties \u00d6d\u00fcl\u00fc 2003 Blue Peter Y\u0131l\u0131n Kitab\u0131 \u00d6d\u00fcl\u00fc Uzak gelecekte, 60 Dakika Sava\u015flar\u0131\u2019n\u0131n sonras\u0131nda bildi\u011fimiz d\u00fcnyadan eser kalmam\u0131\u015ft\u0131. Tekerlekler \u00fcst\u00fcnde y\u00fcr\u00fcyen Londra kenti,<span class=\"excerpt-hellip\"> [\u2026]<\/span><\/p>\n","protected":false},"featured_media":0,"template":"","meta":{"_monsterinsights_skip_tracking":false,"_monsterinsights_sitenote_active":false,"_monsterinsights_sitenote_note":"","_monsterinsights_sitenote_category":0},"product_brand":[],"product_cat":[12540,12291],"product_tag":[],"class_list":{"0":"post-697709","1":"product","2":"type-product","3":"status-publish","5":"product_cat-bilim-kurgu","6":"product_cat-edebiyat","7":"pa_cilt-ciltsiz","8":"pa_tur-kitap","9":"pa_yayinevi-on8-kitap","10":"pa_yazar-philip-reeve","12":"first","13":"instock","14":"sale","15":"shipping-taxable","16":"purchasable","17":"product-type-simple"},"_links":{"self":[{"href":"https:\/\/roveyayinevi.com.tr\/index.php\/wp-json\/wp\/v2\/product\/697709","targetHints":{"allow":["GET"]}}],"collection":[{"href":"https:\/\/roveyayinevi.com.tr\/index.php\/wp-json\/wp\/v2\/product"}],"about":[{"href":"https:\/\/roveyayinevi.com.tr\/index.php\/wp-json\/wp\/v2\/types\/product"}],"wp:attachment":[{"href":"https:\/\/roveyayinevi.com.tr\/index.php\/wp-json\/wp\/v2\/media?parent=697709"}],"wp:term":[{"taxonomy":"product_brand","embeddable":true,"href":"https:\/\/roveyayinevi.com.tr\/index.php\/wp-json\/wp\/v2\/product_brand?post=697709"},{"taxonomy":"product_cat","embeddable":true,"href":"https:\/\/roveyayinevi.com.tr\/index.php\/wp-json\/wp\/v2\/product_cat?post=697709"},{"taxonomy":"product_tag","embeddable":true,"href":"https:\/\/roveyayinevi.com.tr\/index.php\/wp-json\/wp\/v2\/product_tag?post=697709"}],"curies":[{"name":"wp","href":"https:\/\/api.w.org\/{rel}","templated":true}]}}