{"id":697707,"date":"2025-08-27T14:41:26","date_gmt":"2025-08-27T11:41:26","guid":{"rendered":"https:\/\/roveyayinevi.com.tr\/index.php\/urun\/televizyon-ve\/"},"modified":"2026-01-29T02:12:53","modified_gmt":"2026-01-28T23:12:53","slug":"televizyon-ve","status":"publish","type":"product","link":"https:\/\/roveyayinevi.com.tr\/index.php\/urun\/televizyon-ve\/","title":{"rendered":"Televizyon ve&#8230;"},"content":{"rendered":"<p>Ba\u015fd\u00f6nd\u00fcr\u00fcc\u00fc bir geli\u015fme i\u00e7inde olan \u201cTelevizyon\u201d ailemiz i\u00e7in yararl\u0131 bir hizmet midir yoksa evlerimizde bulunan bir bomba m\u0131d\u0131r? Yoksa filmleriyle bizi hayal d\u00fcnyas\u0131na g\u00f6t\u00fcren bir arkada\u015f ya da reklamlar\u0131yla bizi t\u00fcketime y\u00f6nlendiren bir canavar m\u0131d\u0131r?Gelin, Televizyon\u2019un ger\u00e7ekte ne olup olmad\u0131\u011f\u0131na yazarlar\u0131m\u0131z\u0131n s\u00f6ylediklerine kulak verdikten sonra hep birlikte karar verelim\u2026 <\/p>\n","protected":false},"excerpt":{"rendered":"<p>Ba\u015fd\u00f6nd\u00fcr\u00fcc\u00fc bir geli\u015fme i\u00e7inde olan \u201cTelevizyon\u201d ailemiz i\u00e7in yararl\u0131 bir hizmet midir yoksa evlerimizde bulunan bir bomba m\u0131d\u0131r? Yoksa filmleriyle bizi hayal d\u00fcnyas\u0131na g\u00f6t\u00fcren bir arkada\u015f<span class=\"excerpt-hellip\"> [\u2026]<\/span><\/p>\n","protected":false},"featured_media":0,"template":"","meta":{"_monsterinsights_skip_tracking":false,"_monsterinsights_sitenote_active":false,"_monsterinsights_sitenote_note":"","_monsterinsights_sitenote_category":0},"product_brand":[],"product_cat":[22061,13488],"product_tag":[],"class_list":{"0":"post-697707","1":"product","2":"type-product","3":"status-publish","5":"product_cat-sosyal-medya-ve-iletisim","6":"product_cat-toplum-ve-insan","7":"pa_cilt-ciltsiz","8":"pa_tur-kitap","9":"pa_yayinevi-utopya-yayinevi","10":"pa_yazar-bulent-kucukerdogan","12":"first","13":"instock","14":"sale","15":"shipping-taxable","16":"purchasable","17":"product-type-simple"},"_links":{"self":[{"href":"https:\/\/roveyayinevi.com.tr\/index.php\/wp-json\/wp\/v2\/product\/697707","targetHints":{"allow":["GET"]}}],"collection":[{"href":"https:\/\/roveyayinevi.com.tr\/index.php\/wp-json\/wp\/v2\/product"}],"about":[{"href":"https:\/\/roveyayinevi.com.tr\/index.php\/wp-json\/wp\/v2\/types\/product"}],"wp:attachment":[{"href":"https:\/\/roveyayinevi.com.tr\/index.php\/wp-json\/wp\/v2\/media?parent=697707"}],"wp:term":[{"taxonomy":"product_brand","embeddable":true,"href":"https:\/\/roveyayinevi.com.tr\/index.php\/wp-json\/wp\/v2\/product_brand?post=697707"},{"taxonomy":"product_cat","embeddable":true,"href":"https:\/\/roveyayinevi.com.tr\/index.php\/wp-json\/wp\/v2\/product_cat?post=697707"},{"taxonomy":"product_tag","embeddable":true,"href":"https:\/\/roveyayinevi.com.tr\/index.php\/wp-json\/wp\/v2\/product_tag?post=697707"}],"curies":[{"name":"wp","href":"https:\/\/api.w.org\/{rel}","templated":true}]}}