{"id":697706,"date":"2025-08-27T14:41:26","date_gmt":"2025-08-27T11:41:26","guid":{"rendered":"https:\/\/roveyayinevi.com.tr\/index.php\/urun\/keder-perileri\/"},"modified":"2026-01-29T02:12:53","modified_gmt":"2026-01-28T23:12:53","slug":"keder-perileri","status":"publish","type":"product","link":"https:\/\/roveyayinevi.com.tr\/index.php\/urun\/keder-perileri\/","title":{"rendered":"Keder Perileri"},"content":{"rendered":"<p>Alt\u0131 ay \u00f6nce bir \u00e7ar\u015famba g\u00fcn\u00fc, Melek Tavus\u2019un yarat\u0131lm\u0131\u015f oldu\u011fu o kutsal \u00e7ar\u015famba g\u00fcnlerin birinde, Sis\u00e9\u2019nin g\u00f6zleri kapanmay\u0131 unuttu. Ev halk\u0131, bunu mutlu bir \u00f6l\u00fcm\u00fcn i\u015fareti sayd\u0131. Sis\u00e9\u2019nin ruhunun, onu uzun bir uykuya terk ederek, geri d\u00f6n\u00fclmesi yasak olan k\u00f6ylerinin mezarl\u0131\u011f\u0131nda, menengi\u00e7 a\u011fa\u00e7lar\u0131n\u0131n aras\u0131nda, g\u00fcne\u015fli bir kabir yeri aramaya \u00e7\u0131kt\u0131\u011f\u0131na inand\u0131lar. Bu inan\u00e7la o\u011flu Halef, ruhunun geri d\u00f6nece\u011fi g\u00fcne kadar, zaman\u0131 huzurlu bir bekleyi\u015f i\u00e7inde ge\u00e7irsin diye annesini, salonun uzak bir k\u00f6\u015fesinde, \u00fc\u00e7 taraf\u0131 camla \u00e7evrili bir cibinli\u011fe ta\u015f\u0131d\u0131. \u0130htiyar kad\u0131n, do\u011fuya ve bat\u0131ya bakan iki pencereli odada, Melek Tavus tasvirinin alt\u0131nda, uykuyla uyan\u0131kl\u0131k aras\u0131nda, say\u0131klayarak, ruhunun geri d\u00f6nece\u011fi g\u00fcn\u00fc beklemeye ba\u015flad\u0131&#8230; <\/p>\n","protected":false},"excerpt":{"rendered":"<p>Alt\u0131 ay \u00f6nce bir \u00e7ar\u015famba g\u00fcn\u00fc, Melek Tavus\u2019un yarat\u0131lm\u0131\u015f oldu\u011fu o kutsal \u00e7ar\u015famba g\u00fcnlerin birinde, Sis\u00e9\u2019nin g\u00f6zleri kapanmay\u0131 unuttu. Ev halk\u0131, bunu mutlu bir \u00f6l\u00fcm\u00fcn i\u015fareti<span class=\"excerpt-hellip\"> [\u2026]<\/span><\/p>\n","protected":false},"featured_media":0,"template":"","meta":{"_monsterinsights_skip_tracking":false,"_monsterinsights_sitenote_active":false,"_monsterinsights_sitenote_note":"","_monsterinsights_sitenote_category":0},"product_brand":[],"product_cat":[12291,12711],"product_tag":[],"class_list":{"0":"post-697706","1":"product","2":"type-product","3":"status-publish","5":"product_cat-edebiyat","6":"product_cat-roman-oyku","7":"pa_cilt-ciltsiz","8":"pa_tur-kitap","9":"pa_yayinevi-utopya-yayinevi","10":"pa_yazar-remziye-arslan","12":"first","13":"instock","14":"sale","15":"shipping-taxable","16":"purchasable","17":"product-type-simple"},"_links":{"self":[{"href":"https:\/\/roveyayinevi.com.tr\/index.php\/wp-json\/wp\/v2\/product\/697706","targetHints":{"allow":["GET"]}}],"collection":[{"href":"https:\/\/roveyayinevi.com.tr\/index.php\/wp-json\/wp\/v2\/product"}],"about":[{"href":"https:\/\/roveyayinevi.com.tr\/index.php\/wp-json\/wp\/v2\/types\/product"}],"wp:attachment":[{"href":"https:\/\/roveyayinevi.com.tr\/index.php\/wp-json\/wp\/v2\/media?parent=697706"}],"wp:term":[{"taxonomy":"product_brand","embeddable":true,"href":"https:\/\/roveyayinevi.com.tr\/index.php\/wp-json\/wp\/v2\/product_brand?post=697706"},{"taxonomy":"product_cat","embeddable":true,"href":"https:\/\/roveyayinevi.com.tr\/index.php\/wp-json\/wp\/v2\/product_cat?post=697706"},{"taxonomy":"product_tag","embeddable":true,"href":"https:\/\/roveyayinevi.com.tr\/index.php\/wp-json\/wp\/v2\/product_tag?post=697706"}],"curies":[{"name":"wp","href":"https:\/\/api.w.org\/{rel}","templated":true}]}}