{"id":697701,"date":"2025-08-27T14:41:24","date_gmt":"2025-08-27T11:41:24","guid":{"rendered":"https:\/\/roveyayinevi.com.tr\/index.php\/urun\/canima-degmez-hayat\/"},"modified":"2026-01-29T02:12:53","modified_gmt":"2026-01-28T23:12:53","slug":"canima-degmez-hayat","status":"publish","type":"product","link":"https:\/\/roveyayinevi.com.tr\/index.php\/urun\/canima-degmez-hayat\/","title":{"rendered":"Can\u0131ma De\u011fmez Hayat"},"content":{"rendered":"<p>A\u011flar\u0131m mevsimler de\u011fi\u015fir vazifeli bir kur\u015fun vurur karde\u015fimi sokaklar k\u00fcrdihilicazkar infaz makam\u0131 tilili revas\u0131z hawar nafile \u015fiir yalan da\u011flar\u0131 \u00e7a\u011fr\u0131 pusulas\u0131 ta\u015f\u0131 bile \u00e7\u00fcr\u00fct\u00fcr erken \u00f6l\u00fcm ac\u0131s\u0131. <\/p>\n","protected":false},"excerpt":{"rendered":"<p>A\u011flar\u0131m mevsimler de\u011fi\u015fir vazifeli bir kur\u015fun vurur karde\u015fimi sokaklar k\u00fcrdihilicazkar infaz makam\u0131 tilili revas\u0131z hawar nafile \u015fiir yalan da\u011flar\u0131 \u00e7a\u011fr\u0131 pusulas\u0131 ta\u015f\u0131 bile \u00e7\u00fcr\u00fct\u00fcr erken \u00f6l\u00fcm<span class=\"excerpt-hellip\"> [\u2026]<\/span><\/p>\n","protected":false},"featured_media":0,"template":"","meta":{"_monsterinsights_skip_tracking":false,"_monsterinsights_sitenote_active":false,"_monsterinsights_sitenote_note":"","_monsterinsights_sitenote_category":0},"product_brand":[],"product_cat":[12291,12509],"product_tag":[],"class_list":{"0":"post-697701","1":"product","2":"type-product","3":"status-publish","5":"product_cat-edebiyat","6":"product_cat-siir","7":"pa_cilt-ciltsiz","8":"pa_tur-kitap","9":"pa_yayinevi-utopya-yayinevi","10":"pa_yazar-bayram-balci","12":"first","13":"instock","14":"sale","15":"shipping-taxable","16":"purchasable","17":"product-type-simple"},"_links":{"self":[{"href":"https:\/\/roveyayinevi.com.tr\/index.php\/wp-json\/wp\/v2\/product\/697701","targetHints":{"allow":["GET"]}}],"collection":[{"href":"https:\/\/roveyayinevi.com.tr\/index.php\/wp-json\/wp\/v2\/product"}],"about":[{"href":"https:\/\/roveyayinevi.com.tr\/index.php\/wp-json\/wp\/v2\/types\/product"}],"wp:attachment":[{"href":"https:\/\/roveyayinevi.com.tr\/index.php\/wp-json\/wp\/v2\/media?parent=697701"}],"wp:term":[{"taxonomy":"product_brand","embeddable":true,"href":"https:\/\/roveyayinevi.com.tr\/index.php\/wp-json\/wp\/v2\/product_brand?post=697701"},{"taxonomy":"product_cat","embeddable":true,"href":"https:\/\/roveyayinevi.com.tr\/index.php\/wp-json\/wp\/v2\/product_cat?post=697701"},{"taxonomy":"product_tag","embeddable":true,"href":"https:\/\/roveyayinevi.com.tr\/index.php\/wp-json\/wp\/v2\/product_tag?post=697701"}],"curies":[{"name":"wp","href":"https:\/\/api.w.org\/{rel}","templated":true}]}}