{"id":697697,"date":"2025-08-27T14:41:23","date_gmt":"2025-08-27T11:41:23","guid":{"rendered":"https:\/\/roveyayinevi.com.tr\/index.php\/urun\/ekinler-gece-buyur\/"},"modified":"2026-04-16T02:07:19","modified_gmt":"2026-04-15T23:07:19","slug":"ekinler-gece-buyur","status":"publish","type":"product","link":"https:\/\/roveyayinevi.com.tr\/index.php\/urun\/ekinler-gece-buyur\/","title":{"rendered":"Ekinler Gece B\u00fcy\u00fcr"},"content":{"rendered":"<p>Toplumun farkl\u0131 kesimlerinden se\u00e7ilmi\u015f sa\u011flam kimlik ve ki\u015filik sahibi kad\u0131nlar\u0131n ele al\u0131nd\u0131\u011f\u0131 bu \u00f6yk\u00fclerde, kad\u0131n-erkek ili\u015fkisinden karde\u015fli\u011fe, ana-o\u011ful, usta-\u00e7\u0131rak, \u00f6\u011frenci-\u00f6\u011fretmen ili\u015fkisine var\u0131ncaya kadar, her t\u00fcrden insan ili\u015fkisi ele al\u0131n\u0131yor, didik didik ediliyor. B\u00f6ylece, bir \u00f6yk\u00fcde zeytinlik sahibi bir kay\u0131nvalide ile gelininin, ba\u015fka bir \u00f6yk\u00fcde ise kendisi de bir yazar olan anlat\u0131c\u0131 erkek ile \u00f6yk\u00fcc\u00fc kad\u0131n kahraman\u0131n didi\u015fmeli, ama sonuna kadar d\u00fcr\u00fcst ve kar\u015f\u0131 tarafa sayg\u0131da kusur etmeyen sessiz rekabetini izleyebiliyoruz. Y\u0131lmaz Karakoyunlu, hayata ve ba\u015fkalar\u0131na kar\u015f\u0131 davran\u0131\u015flar\u0131n\u0131 belirleyen g\u00fcd\u00fclenmeler ne olursa olsun b\u00fct\u00fcn kahramanlar\u0131na, t\u0131pk\u0131 onlar\u0131n birbirlerine kar\u015f\u0131 davran\u0131\u015flar\u0131 gibi, nesnelli\u011fi elden b\u0131rakmadan, sevgiyle ve dozunda bir merhametle yakla\u015f\u0131yor.<\/p>\n","protected":false},"excerpt":{"rendered":"<p>Toplumun farkl\u0131 kesimlerinden se\u00e7ilmi\u015f sa\u011flam kimlik ve ki\u015filik sahibi kad\u0131nlar\u0131n ele al\u0131nd\u0131\u011f\u0131 bu \u00f6yk\u00fclerde, kad\u0131n-erkek ili\u015fkisinden karde\u015fli\u011fe, ana-o\u011ful, usta-\u00e7\u0131rak, \u00f6\u011frenci-\u00f6\u011fretmen ili\u015fkisine var\u0131ncaya kadar, her t\u00fcrden insan<span class=\"excerpt-hellip\"> [\u2026]<\/span><\/p>\n","protected":false},"featured_media":0,"template":"","meta":{"_monsterinsights_skip_tracking":false,"_monsterinsights_sitenote_active":false,"_monsterinsights_sitenote_note":"","_monsterinsights_sitenote_category":0},"product_brand":[],"product_cat":[12291,12292],"product_tag":[],"class_list":{"0":"post-697697","1":"product","2":"type-product","3":"status-publish","5":"product_cat-edebiyat","6":"product_cat-turk-edebiyati","7":"pa_cilt-ciltsiz","8":"pa_tur-kitap","9":"pa_yayinevi-dogan-kitap","10":"pa_yazar-yilmaz-karakoyunlu","12":"first","13":"instock","14":"sale","15":"shipping-taxable","16":"purchasable","17":"product-type-simple"},"_links":{"self":[{"href":"https:\/\/roveyayinevi.com.tr\/index.php\/wp-json\/wp\/v2\/product\/697697","targetHints":{"allow":["GET"]}}],"collection":[{"href":"https:\/\/roveyayinevi.com.tr\/index.php\/wp-json\/wp\/v2\/product"}],"about":[{"href":"https:\/\/roveyayinevi.com.tr\/index.php\/wp-json\/wp\/v2\/types\/product"}],"wp:attachment":[{"href":"https:\/\/roveyayinevi.com.tr\/index.php\/wp-json\/wp\/v2\/media?parent=697697"}],"wp:term":[{"taxonomy":"product_brand","embeddable":true,"href":"https:\/\/roveyayinevi.com.tr\/index.php\/wp-json\/wp\/v2\/product_brand?post=697697"},{"taxonomy":"product_cat","embeddable":true,"href":"https:\/\/roveyayinevi.com.tr\/index.php\/wp-json\/wp\/v2\/product_cat?post=697697"},{"taxonomy":"product_tag","embeddable":true,"href":"https:\/\/roveyayinevi.com.tr\/index.php\/wp-json\/wp\/v2\/product_tag?post=697697"}],"curies":[{"name":"wp","href":"https:\/\/api.w.org\/{rel}","templated":true}]}}