{"id":697693,"date":"2025-08-27T14:41:22","date_gmt":"2025-08-27T11:41:22","guid":{"rendered":"https:\/\/roveyayinevi.com.tr\/index.php\/urun\/ask-terapi\/"},"modified":"2026-04-16T02:07:19","modified_gmt":"2026-04-15T23:07:19","slug":"ask-terapi","status":"publish","type":"product","link":"https:\/\/roveyayinevi.com.tr\/index.php\/urun\/ask-terapi\/","title":{"rendered":"A\u015fk Terapi"},"content":{"rendered":"<p>A\u015fk imi\u015f her ne var \u00e2lemde\u0130lim bir k\u0131yl \u00fc k\u0101l imi\u015f ancakA\u015fk nedir?Tan\u0131m\u0131n\u0131 yapmak \u00e7ok zor.\u00c7\u00fcnk\u00fc o sevene g\u00f6re, sevilene g\u00f6re, zamana, ko\u015fullara g\u00f6re de\u011fi\u015fiyor.Ama de\u011fi\u015fmeyen bir \u015fey var. A\u015fk m\u00fcthi\u015f bir ba\u011flanma enerjisidir. \u0130\u00e7inde u\u00e7arcas\u0131na mutlulu\u011fu, h\u00fczn\u00fc, kaybetme korkusunu, melankoliyi, tutkuyu, \u00f6fkeyi, kendinden vazge\u00e7me halini bar\u0131nd\u0131ran bir duygular \u00e7e\u015fnisidir.\u00c2\u015f\u0131kl\u0131k hali kolay m\u0131d\u0131r? B\u00fcy\u00fck ihtimalle hi\u00e7birimiz buna \u201ckolayd\u0131r\u201d diyemeyiz. Ama hi\u00e7birimiz de ondan ka\u00e7amay\u0131z. \u00c7\u00fcnk\u00fc onsuz olamay\u0131z.\u00dcstelik a\u015fk t\u00fcm zorlu\u011funa ra\u011fmen insan\u0131 \u00e7o\u011faltan, olgunla\u015ft\u0131ran, incelten, sadece sevdi\u011fiyle de\u011fil, k\u00e2inatla b\u00fct\u00fcnle\u015ftiren bir tecr\u00fcbe de\u011fil midir? Hz. Mevlana diyor ya:As\u0327ks\u0131z olma ki o\u0308lu\u0308 olmayas\u0131n, As\u0327kla o\u0308l ki diri olas\u0131n. Prof. Dr. Nevzat Tarhan, bu kez bizleri a\u015fk \u00fczerine d\u00fc\u015f\u00fcnmeye, a\u015fk\u0131n ger\u00e7ekte ne oldu\u011funu anlamaya, zorluklar\u0131yla birlikte oldurucu, olgunla\u015ft\u0131r\u0131c\u0131 y\u00f6nlerini ke\u015ffetmeye davet ediyor. Ba\u015fta Hz. Mevlana\u2019n\u0131n Mesnevi\u2019si olmak \u00fczere Do\u011fu\u2019nun bilgeli\u011fini ta\u015f\u0131yan eserlerden, isimlerden aktard\u0131\u011f\u0131 hik\u00e2yelerle, hikmetlerle ba\u015fa geldiyse b\u00fcy\u00fck bir l\u00fctuf olan a\u015fk\u0131 sa\u011flam bir ili\u015fkiye d\u00f6n\u00fc\u015ft\u00fcrmeye y\u00f6nelik tavsiyelerde bulunuyor.Leyla ile Mecnun bug\u00fcn ya\u015fasalard\u0131 neler olurdu bilmiyoruz ama bug\u00fcn\u00fcn Leyla ile Mecnunlar\u0131 bu kitapta kendilerinden \u00e7ok \u015fey bulacak. <\/p>\n","protected":false},"excerpt":{"rendered":"<p>A\u015fk imi\u015f her ne var \u00e2lemde\u0130lim bir k\u0131yl \u00fc k\u0101l imi\u015f ancakA\u015fk nedir?Tan\u0131m\u0131n\u0131 yapmak \u00e7ok zor.\u00c7\u00fcnk\u00fc o sevene g\u00f6re, sevilene g\u00f6re, zamana, ko\u015fullara g\u00f6re de\u011fi\u015fiyor.Ama de\u011fi\u015fmeyen<span class=\"excerpt-hellip\"> [\u2026]<\/span><\/p>\n","protected":false},"featured_media":0,"template":"","meta":{"_monsterinsights_skip_tracking":false,"_monsterinsights_sitenote_active":false,"_monsterinsights_sitenote_note":"","_monsterinsights_sitenote_category":0},"product_brand":[],"product_cat":[12718,12719,12720],"product_tag":[],"class_list":{"0":"post-697693","1":"product","2":"type-product","3":"status-publish","5":"product_cat-din","6":"product_cat-islam","7":"product_cat-tasavvuf-mezhepler-tarikatlar","8":"pa_cilt-ciltsiz","9":"pa_tur-kitap","10":"pa_yayinevi-timas-yayinlari","11":"pa_yazar-nevzat-tarhan","13":"first","14":"instock","15":"sale","16":"shipping-taxable","17":"purchasable","18":"product-type-simple"},"_links":{"self":[{"href":"https:\/\/roveyayinevi.com.tr\/index.php\/wp-json\/wp\/v2\/product\/697693","targetHints":{"allow":["GET"]}}],"collection":[{"href":"https:\/\/roveyayinevi.com.tr\/index.php\/wp-json\/wp\/v2\/product"}],"about":[{"href":"https:\/\/roveyayinevi.com.tr\/index.php\/wp-json\/wp\/v2\/types\/product"}],"wp:attachment":[{"href":"https:\/\/roveyayinevi.com.tr\/index.php\/wp-json\/wp\/v2\/media?parent=697693"}],"wp:term":[{"taxonomy":"product_brand","embeddable":true,"href":"https:\/\/roveyayinevi.com.tr\/index.php\/wp-json\/wp\/v2\/product_brand?post=697693"},{"taxonomy":"product_cat","embeddable":true,"href":"https:\/\/roveyayinevi.com.tr\/index.php\/wp-json\/wp\/v2\/product_cat?post=697693"},{"taxonomy":"product_tag","embeddable":true,"href":"https:\/\/roveyayinevi.com.tr\/index.php\/wp-json\/wp\/v2\/product_tag?post=697693"}],"curies":[{"name":"wp","href":"https:\/\/api.w.org\/{rel}","templated":true}]}}