{"id":697692,"date":"2025-08-27T14:41:22","date_gmt":"2025-08-27T11:41:22","guid":{"rendered":"https:\/\/roveyayinevi.com.tr\/index.php\/urun\/evren-doga\/"},"modified":"2026-04-16T02:07:19","modified_gmt":"2026-04-15T23:07:19","slug":"evren-doga","status":"publish","type":"product","link":"https:\/\/roveyayinevi.com.tr\/index.php\/urun\/evren-doga\/","title":{"rendered":"Evren &#8211; Do\u011fa"},"content":{"rendered":"<p>Evrendeki yolculu\u011fa Demokritos, \u0130bni Haldun, Galile, Darwin, Marks, Lenin, Einstein, Atat\u00fcrk, Hawking gibi ayd\u0131nlanmay\u0131 ve bilimi savunan insanlardan yola \u00e7\u0131kan Abdullah R\u0131za Erg\u00fcven, Big Bang\u2019i ve evreni sorgulayarak   B\u00fcy\u00fck Patlama  dan \u00f6nce evrenin var oldu\u011funu ileri s\u00fcr\u00fcyor. <\/p>\n","protected":false},"excerpt":{"rendered":"<p>Evrendeki yolculu\u011fa Demokritos, \u0130bni Haldun, Galile, Darwin, Marks, Lenin, Einstein, Atat\u00fcrk, Hawking gibi ayd\u0131nlanmay\u0131 ve bilimi savunan insanlardan yola \u00e7\u0131kan Abdullah R\u0131za Erg\u00fcven, Big Bang\u2019i ve<span class=\"excerpt-hellip\"> [\u2026]<\/span><\/p>\n","protected":false},"featured_media":0,"template":"","meta":{"_monsterinsights_skip_tracking":false,"_monsterinsights_sitenote_active":false,"_monsterinsights_sitenote_note":"","_monsterinsights_sitenote_category":0},"product_brand":[],"product_cat":[12389,12388],"product_tag":[],"class_list":{"0":"post-697692","1":"product","2":"type-product","3":"status-publish","5":"product_cat-diger-felsefe","6":"product_cat-felsefe","7":"pa_tur-kitap","8":"pa_yayinevi-berfin-yayinlari","9":"pa_yazar-abdullah-riza-erguven","11":"first","12":"instock","13":"sale","14":"shipping-taxable","15":"purchasable","16":"product-type-simple"},"_links":{"self":[{"href":"https:\/\/roveyayinevi.com.tr\/index.php\/wp-json\/wp\/v2\/product\/697692","targetHints":{"allow":["GET"]}}],"collection":[{"href":"https:\/\/roveyayinevi.com.tr\/index.php\/wp-json\/wp\/v2\/product"}],"about":[{"href":"https:\/\/roveyayinevi.com.tr\/index.php\/wp-json\/wp\/v2\/types\/product"}],"wp:attachment":[{"href":"https:\/\/roveyayinevi.com.tr\/index.php\/wp-json\/wp\/v2\/media?parent=697692"}],"wp:term":[{"taxonomy":"product_brand","embeddable":true,"href":"https:\/\/roveyayinevi.com.tr\/index.php\/wp-json\/wp\/v2\/product_brand?post=697692"},{"taxonomy":"product_cat","embeddable":true,"href":"https:\/\/roveyayinevi.com.tr\/index.php\/wp-json\/wp\/v2\/product_cat?post=697692"},{"taxonomy":"product_tag","embeddable":true,"href":"https:\/\/roveyayinevi.com.tr\/index.php\/wp-json\/wp\/v2\/product_tag?post=697692"}],"curies":[{"name":"wp","href":"https:\/\/api.w.org\/{rel}","templated":true}]}}