{"id":697691,"date":"2025-08-27T14:41:22","date_gmt":"2025-08-27T11:41:22","guid":{"rendered":"https:\/\/roveyayinevi.com.tr\/index.php\/urun\/sermaye-birikirken\/"},"modified":"2026-04-16T02:07:19","modified_gmt":"2026-04-15T23:07:19","slug":"sermaye-birikirken","status":"publish","type":"product","link":"https:\/\/roveyayinevi.com.tr\/index.php\/urun\/sermaye-birikirken\/","title":{"rendered":"Sermaye Birikirken"},"content":{"rendered":"<p>Bu kitap, kapitalist sistemin can damar\u0131 olan sermayenin birikim s\u00fcre\u00e7lerine yo\u011funla\u015f\u0131yor. Sermaye birikirken \u00f6tekilere , sermaye s\u0131n\u0131f\u0131na dahil olmayan \u00e7o\u011funlu\u011fa neler oldu\u011funu tarihsel ve g\u00fcncel \u00f6yk\u00fclerle sergiliyor.Britanya \u0130mparatorlu\u011fu&#8217;ndan, ABD hegemonyas\u0131na ge\u00e7i\u015fin toplumsal etkileri ele al\u0131n\u0131yor. Sanayi Devrimi ve Adam Smith&#8217;den ba\u015flayarak g\u00fcn\u00fcm\u00fcze kadar uzanan iktisadi olaylar ile iktisat teorisinin ba\u011f\u0131 ve ba\u011flant\u0131s\u0131zl\u0131\u011f\u0131 inceleniyor. Baz\u0131 insanlar\u0131n fedak\u00e2rl\u0131k yap\u0131p, kazan\u00e7lar\u0131n\u0131n bir b\u00f6l\u00fcm\u00fcn\u00fc tasarruf ederek sermayeye d\u00f6n\u00fc\u015ft\u00fcrd\u00fckleri; serbest piyasa n\u0131n b\u00fct\u00fcn iktisadi sorunlar\u0131 \u00e7\u00f6zebilece\u011fi savlar\u0131 tart\u0131\u015f\u0131l\u0131yor. Kitab\u0131n yar\u0131s\u0131ndan fazlas\u0131n\u0131 olu\u015fturan iki ana b\u00f6l\u00fcmde, Bat\u0131 sanayile\u015firken Osmanl\u0131&#8217;n\u0131n neden sanayile\u015femedi\u011fi, T\u00fcrkiye&#8217;de ekonomi ve siyasetin birbirini nas\u0131l etkiledi\u011fi, bunlar\u0131n ancak uzmanlar\u0131n anlayabilece\u011fi iki ayr\u0131 alan oldu\u011fu iddias\u0131n\u0131n ge\u00e7ersizli\u011fi vurgulan\u0131yor. Serbest piyasa ekonomisi ni ki\u015fisel \u00f6zg\u00fcrl\u00fcklerin artmas\u0131n\u0131n \u00f6nko\u015fulu kabul eden liberal kuramlara kar\u015f\u0131, T\u00fcrkiye \u00f6rne\u011finden giderek, azgeli\u015fmi\u015f \u00fclkelerde piyasalar\u0131n \u00f6zg\u00fcrl\u00fc\u011f\u00fcn\u00fcn antidemokratik rejimlerle s\u00fcrd\u00fcr\u00fcld\u00fc\u011f\u00fc ve ki\u015fi \u00f6zg\u00fcrl\u00fcklerinin k\u0131s\u0131tlanmas\u0131 pahas\u0131na ger\u00e7ekle\u015febildi\u011fi g\u00f6steriliyor. Yirminci y\u00fczy\u0131ldan itibaren a\u015f\u0131r\u0131 \u00fcretimle birlikte artan yoksullu\u011fun nedenleri \u00e7arp\u0131c\u0131 \u00f6rneklerle ele al\u0131n\u0131yor. <\/p>\n","protected":false},"excerpt":{"rendered":"<p>Bu kitap, kapitalist sistemin can damar\u0131 olan sermayenin birikim s\u00fcre\u00e7lerine yo\u011funla\u015f\u0131yor. Sermaye birikirken \u00f6tekilere , sermaye s\u0131n\u0131f\u0131na dahil olmayan \u00e7o\u011funlu\u011fa neler oldu\u011funu tarihsel ve g\u00fcncel \u00f6yk\u00fclerle<span class=\"excerpt-hellip\"> [\u2026]<\/span><\/p>\n","protected":false},"featured_media":0,"template":"","meta":{"_monsterinsights_skip_tracking":false,"_monsterinsights_sitenote_active":false,"_monsterinsights_sitenote_note":"","_monsterinsights_sitenote_category":0},"product_brand":[],"product_cat":[13044,13043],"product_tag":[],"class_list":{"0":"post-697691","1":"product","2":"type-product","3":"status-publish","5":"product_cat-dunya-ekonomisi","6":"product_cat-ekonomi","7":"pa_cilt-ciltsiz","8":"pa_tur-kitap","9":"pa_yayinevi-yordam-kitap","10":"pa_yazar-oya-koymen","12":"first","13":"instock","14":"sale","15":"shipping-taxable","16":"purchasable","17":"product-type-simple"},"_links":{"self":[{"href":"https:\/\/roveyayinevi.com.tr\/index.php\/wp-json\/wp\/v2\/product\/697691","targetHints":{"allow":["GET"]}}],"collection":[{"href":"https:\/\/roveyayinevi.com.tr\/index.php\/wp-json\/wp\/v2\/product"}],"about":[{"href":"https:\/\/roveyayinevi.com.tr\/index.php\/wp-json\/wp\/v2\/types\/product"}],"wp:attachment":[{"href":"https:\/\/roveyayinevi.com.tr\/index.php\/wp-json\/wp\/v2\/media?parent=697691"}],"wp:term":[{"taxonomy":"product_brand","embeddable":true,"href":"https:\/\/roveyayinevi.com.tr\/index.php\/wp-json\/wp\/v2\/product_brand?post=697691"},{"taxonomy":"product_cat","embeddable":true,"href":"https:\/\/roveyayinevi.com.tr\/index.php\/wp-json\/wp\/v2\/product_cat?post=697691"},{"taxonomy":"product_tag","embeddable":true,"href":"https:\/\/roveyayinevi.com.tr\/index.php\/wp-json\/wp\/v2\/product_tag?post=697691"}],"curies":[{"name":"wp","href":"https:\/\/api.w.org\/{rel}","templated":true}]}}