{"id":697690,"date":"2025-08-27T14:41:21","date_gmt":"2025-08-27T11:41:21","guid":{"rendered":"https:\/\/roveyayinevi.com.tr\/index.php\/urun\/reklamcilik-bakmak-ve-gormek\/"},"modified":"2026-01-29T02:12:52","modified_gmt":"2026-01-28T23:12:52","slug":"reklamcilik-bakmak-ve-gormek","status":"publish","type":"product","link":"https:\/\/roveyayinevi.com.tr\/index.php\/urun\/reklamcilik-bakmak-ve-gormek\/","title":{"rendered":"Reklamc\u0131l\u0131k: Bakmak ve G\u00f6rmek"},"content":{"rendered":"<p>Yazarlar: A. Kadir Atik, Adem Y\u0131lmaz, Ali M. Bayraktaro\u011flu, Asl\u0131han Do\u011fanlar Top\u00e7u, Banu Da\u011fta\u015f, Derya Tellan, H\u00fcseyin K\u00f6se, Levent Yaylag\u00fcl, \u015eule Y\u00fcksel \u00d6zt\u00fcrk Sanayile\u015fmenin \u00dcr\u00fcn\u00fc Olarak Reklamc\u0131l\u0131k Derya TELLAN Reklamlar\u0131 G\u00f6rmek: Reklam Metinlerinin Ait Oldu\u011fu K\u00fclt\u00fcrler ve Egemen Form Olarak T\u00fcketim K\u00fclt\u00fcr\u00fc Banu DA\u011eTA\u015e Frans\u0131z Ekol\u00fc \u0130\u00e7erisinden T\u00fcketim K\u00fclt\u00fcr\u00fc Alg\u0131lamas\u0131: Baudrillard, Bourdieu ve Mattelart\u0131n T\u00fcketim K\u00fclt\u00fcr\u00fc G\u00f6r\u00fc\u015flerine \u0130li\u015fkin Genel Bir De\u011ferlendirme H\u00fcseyin K\u00d6SE Reklamlar ve T\u00fcketimin Ekonomi Politi\u011fi Levent YAYLAG\u00dcL \u00c7a\u011fda\u015f Zamanlar\u0131n Hileli G\u00fcd\u00fcleyicileri: Reklam Foto\u011fraflar\u0131 Ali M. BAYRAKTARO\u011eLU Apartmanlar, Cadillaclar, \u00c7ifte \u00c7ifte U\u015faklar: 1950-1960 Y\u0131llar\u0131 Aras\u0131nda T\u00fcrk Sinemas\u0131nda T\u00fcketen Kahramanlar Asl\u0131han DO\u011eANLAR TOP\u00c7U Etkili Bir Reklam Ortam\u0131 Olarak Radyo A. Kadir AT\u0130K <\/p>\n","protected":false},"excerpt":{"rendered":"<p>Yazarlar: A. Kadir Atik, Adem Y\u0131lmaz, Ali M. Bayraktaro\u011flu, Asl\u0131han Do\u011fanlar Top\u00e7u, Banu Da\u011fta\u015f, Derya Tellan, H\u00fcseyin K\u00f6se, Levent Yaylag\u00fcl, \u015eule Y\u00fcksel \u00d6zt\u00fcrk Sanayile\u015fmenin \u00dcr\u00fcn\u00fc Olarak<span class=\"excerpt-hellip\"> [\u2026]<\/span><\/p>\n","protected":false},"featured_media":0,"template":"","meta":{"_monsterinsights_skip_tracking":false,"_monsterinsights_sitenote_active":false,"_monsterinsights_sitenote_note":"","_monsterinsights_sitenote_category":0},"product_brand":[],"product_cat":[15983,13488],"product_tag":[],"class_list":{"0":"post-697690","1":"product","2":"type-product","3":"status-publish","5":"product_cat-iletisim-ve-medya","6":"product_cat-toplum-ve-insan","7":"pa_cilt-ciltsiz","8":"pa_tur-kitap","9":"pa_yayinevi-utopya-yayinevi","10":"pa_yazar-derya-tellan","12":"first","13":"instock","14":"sale","15":"shipping-taxable","16":"purchasable","17":"product-type-simple"},"_links":{"self":[{"href":"https:\/\/roveyayinevi.com.tr\/index.php\/wp-json\/wp\/v2\/product\/697690","targetHints":{"allow":["GET"]}}],"collection":[{"href":"https:\/\/roveyayinevi.com.tr\/index.php\/wp-json\/wp\/v2\/product"}],"about":[{"href":"https:\/\/roveyayinevi.com.tr\/index.php\/wp-json\/wp\/v2\/types\/product"}],"wp:attachment":[{"href":"https:\/\/roveyayinevi.com.tr\/index.php\/wp-json\/wp\/v2\/media?parent=697690"}],"wp:term":[{"taxonomy":"product_brand","embeddable":true,"href":"https:\/\/roveyayinevi.com.tr\/index.php\/wp-json\/wp\/v2\/product_brand?post=697690"},{"taxonomy":"product_cat","embeddable":true,"href":"https:\/\/roveyayinevi.com.tr\/index.php\/wp-json\/wp\/v2\/product_cat?post=697690"},{"taxonomy":"product_tag","embeddable":true,"href":"https:\/\/roveyayinevi.com.tr\/index.php\/wp-json\/wp\/v2\/product_tag?post=697690"}],"curies":[{"name":"wp","href":"https:\/\/api.w.org\/{rel}","templated":true}]}}