{"id":697688,"date":"2025-08-27T14:41:21","date_gmt":"2025-08-27T11:41:21","guid":{"rendered":"https:\/\/roveyayinevi.com.tr\/index.php\/urun\/kitle-iletisim-kuramlari-2\/"},"modified":"2026-01-29T02:12:52","modified_gmt":"2026-01-28T23:12:52","slug":"kitle-iletisim-kuramlari-2","status":"publish","type":"product","link":"https:\/\/roveyayinevi.com.tr\/index.php\/urun\/kitle-iletisim-kuramlari-2\/","title":{"rendered":"Kitle \u0130leti\u015fim Kuramlar\u0131"},"content":{"rendered":"<p>Erol Mutlu\u2019nun b\u00fcy\u00fck emek vererek T\u00fcrk\u00e7e\u2019ye kazand\u0131rd\u0131\u011f\u0131 elinizdeki \u00e7eviri derlemede dil, k\u00fclt\u00fcr, \u00f6zne, iktidar ve anlamland\u0131rma meselelerini oda\u011fa alarak \u2018ileti\u015fim\u2019 ya da \u2018medya\u2019 kuram\u0131n\u0131n \u00e7er\u00e7evesini \u00e7izmeye \u00e7al\u0131\u015fan; izlerkitlenin kitle ileti\u015fim ara\u00e7lar\u0131n\u0131n dola\u015f\u0131ma soktu\u011fu i\u00e7erik ve \u00fcr\u00fcnlerle kar\u015f\u0131la\u015fmalar\u0131n\u0131 farkl\u0131 perspektiflerden tart\u0131\u015fan; bu \u00fcr\u00fcnlerin i\u00e7inden bi\u00e7imlendi\u011fi end\u00fcstriyi \u2018yeniden d\u00fc\u015f\u00fcnmek\u2019 i\u00e7in kavramlar \u00f6neren; ve bir b\u00fct\u00fcn olarak ileti\u015fim \u00e7al\u0131\u015fmalar\u0131 alan\u0131n\u0131n sorunlar\u0131n\u0131 tarihsel bir perspektif i\u00e7inde tan\u0131maya izin veren \u00e7ok temel \u00f6neme sahip metinlerden olu\u015fuyor.Elinizdeki derleme, \u00f6mr\u00fcn\u00fc \u00e7e\u015fitli alan ve bi\u00e7imlerde ileti\u015fim alan\u0131na vakfetmi\u015f bir yazar\u0131n, akademik alanda y\u00fckselmek, \u00fcn kazanmak, be\u011fenilmek vb. i\u00e7in de\u011fil de bu alanda bilimsel ara\u015ft\u0131rmalar yapmak ya da temel bilgileri edinmek isteyen okuyucuya, ama \u00f6zellikle ileti\u015fim fak\u00fcltelerinin \u00f6\u011frencilerine sessizce sunulmu\u015f bir arma\u011fan\u0131, g\u00fcr\u00fclt\u00fcs\u00fcz bir sesleni\u015fidir&#8230; <\/p>\n","protected":false},"excerpt":{"rendered":"<p>Erol Mutlu\u2019nun b\u00fcy\u00fck emek vererek T\u00fcrk\u00e7e\u2019ye kazand\u0131rd\u0131\u011f\u0131 elinizdeki \u00e7eviri derlemede dil, k\u00fclt\u00fcr, \u00f6zne, iktidar ve anlamland\u0131rma meselelerini oda\u011fa alarak \u2018ileti\u015fim\u2019 ya da \u2018medya\u2019 kuram\u0131n\u0131n \u00e7er\u00e7evesini \u00e7izmeye<span class=\"excerpt-hellip\"> [\u2026]<\/span><\/p>\n","protected":false},"featured_media":0,"template":"","meta":{"_monsterinsights_skip_tracking":false,"_monsterinsights_sitenote_active":false,"_monsterinsights_sitenote_note":"","_monsterinsights_sitenote_category":0},"product_brand":[],"product_cat":[15983,13488],"product_tag":[],"class_list":{"0":"post-697688","1":"product","2":"type-product","3":"status-publish","5":"product_cat-iletisim-ve-medya","6":"product_cat-toplum-ve-insan","7":"pa_cilt-ciltsiz","8":"pa_tur-kitap","9":"pa_yayinevi-utopya-yayinevi","10":"pa_yazar-derleme","12":"first","13":"instock","14":"sale","15":"shipping-taxable","16":"purchasable","17":"product-type-simple"},"_links":{"self":[{"href":"https:\/\/roveyayinevi.com.tr\/index.php\/wp-json\/wp\/v2\/product\/697688","targetHints":{"allow":["GET"]}}],"collection":[{"href":"https:\/\/roveyayinevi.com.tr\/index.php\/wp-json\/wp\/v2\/product"}],"about":[{"href":"https:\/\/roveyayinevi.com.tr\/index.php\/wp-json\/wp\/v2\/types\/product"}],"wp:attachment":[{"href":"https:\/\/roveyayinevi.com.tr\/index.php\/wp-json\/wp\/v2\/media?parent=697688"}],"wp:term":[{"taxonomy":"product_brand","embeddable":true,"href":"https:\/\/roveyayinevi.com.tr\/index.php\/wp-json\/wp\/v2\/product_brand?post=697688"},{"taxonomy":"product_cat","embeddable":true,"href":"https:\/\/roveyayinevi.com.tr\/index.php\/wp-json\/wp\/v2\/product_cat?post=697688"},{"taxonomy":"product_tag","embeddable":true,"href":"https:\/\/roveyayinevi.com.tr\/index.php\/wp-json\/wp\/v2\/product_tag?post=697688"}],"curies":[{"name":"wp","href":"https:\/\/api.w.org\/{rel}","templated":true}]}}