{"id":697686,"date":"2025-08-27T14:41:20","date_gmt":"2025-08-27T11:41:20","guid":{"rendered":"https:\/\/roveyayinevi.com.tr\/index.php\/urun\/anneannem-askere-gidiyor\/"},"modified":"2026-04-16T02:07:19","modified_gmt":"2026-04-15T23:07:19","slug":"anneannem-askere-gidiyor","status":"publish","type":"product","link":"https:\/\/roveyayinevi.com.tr\/index.php\/urun\/anneannem-askere-gidiyor\/","title":{"rendered":"Anneannem Askere Gidiyor"},"content":{"rendered":"<p>Torunu Metin\u2019i her zaman \u015fa\u015f\u0131rtmay\u0131 ve g\u00fcld\u00fcrmeyi ba\u015faran anneanne Hikmet Han\u0131m\u2019\u0131n ba\u015f\u0131na \u00f6yle bir \u015fey geliyor ki bu kez \u015fa\u015f\u0131rma s\u0131ras\u0131 kendisinde: Sevimli anneanne \u201caskerlik \u00e7a\u011fr\u0131s\u0131\u201d al\u0131yor. Metin ve ablas\u0131 f\u0131rsat\u0131 ka\u00e7\u0131r\u0131r m\u0131! Bu durum onlar\u0131 \u00e7ok e\u011flendiriyor. \ufffc<\/p>\n","protected":false},"excerpt":{"rendered":"<p>Torunu Metin\u2019i her zaman \u015fa\u015f\u0131rtmay\u0131 ve g\u00fcld\u00fcrmeyi ba\u015faran anneanne Hikmet Han\u0131m\u2019\u0131n ba\u015f\u0131na \u00f6yle bir \u015fey geliyor ki bu kez \u015fa\u015f\u0131rma s\u0131ras\u0131 kendisinde: Sevimli anneanne \u201caskerlik \u00e7a\u011fr\u0131s\u0131\u201d<span class=\"excerpt-hellip\"> [\u2026]<\/span><\/p>\n","protected":false},"featured_media":0,"template":"","meta":{"_monsterinsights_skip_tracking":false,"_monsterinsights_sitenote_active":false,"_monsterinsights_sitenote_note":"","_monsterinsights_sitenote_category":0},"product_brand":[],"product_cat":[12364],"product_tag":[],"class_list":{"0":"post-697686","1":"product","2":"type-product","3":"status-publish","5":"product_cat-genel-konular","6":"pa_cilt-ciltsiz","7":"pa_tur-kitap","8":"pa_yayinevi-bilgi-yayinevi-cocuk","9":"pa_yazar-muzaffer-izgu","11":"first","12":"instock","13":"sale","14":"shipping-taxable","15":"purchasable","16":"product-type-simple"},"_links":{"self":[{"href":"https:\/\/roveyayinevi.com.tr\/index.php\/wp-json\/wp\/v2\/product\/697686","targetHints":{"allow":["GET"]}}],"collection":[{"href":"https:\/\/roveyayinevi.com.tr\/index.php\/wp-json\/wp\/v2\/product"}],"about":[{"href":"https:\/\/roveyayinevi.com.tr\/index.php\/wp-json\/wp\/v2\/types\/product"}],"wp:attachment":[{"href":"https:\/\/roveyayinevi.com.tr\/index.php\/wp-json\/wp\/v2\/media?parent=697686"}],"wp:term":[{"taxonomy":"product_brand","embeddable":true,"href":"https:\/\/roveyayinevi.com.tr\/index.php\/wp-json\/wp\/v2\/product_brand?post=697686"},{"taxonomy":"product_cat","embeddable":true,"href":"https:\/\/roveyayinevi.com.tr\/index.php\/wp-json\/wp\/v2\/product_cat?post=697686"},{"taxonomy":"product_tag","embeddable":true,"href":"https:\/\/roveyayinevi.com.tr\/index.php\/wp-json\/wp\/v2\/product_tag?post=697686"}],"curies":[{"name":"wp","href":"https:\/\/api.w.org\/{rel}","templated":true}]}}